{"id":526996,"date":"2020-08-18T11:56:13","date_gmt":"2020-08-18T15:56:13","guid":{"rendered":"https:\/\/home.quakerhoughton.com\/metallveredelung\/"},"modified":"2023-09-21T11:52:13","modified_gmt":"2023-09-21T15:52:13","slug":"metallveredelung","status":"publish","type":"page","link":"https:\/\/home.quakerhoughton.com\/de\/metallveredelung\/","title":{"rendered":"Metallveredelung"},"content":{"rendered":"<p><div class=\"fusion-fullwidth fullwidth-box fusion-builder-row-1 fusion-parallax-none nonhundred-percent-fullwidth non-hundred-percent-height-scrolling fusion-equal-height-columns IndustryTitleBar\" style=\"--awb-background-position:right top;--awb-border-radius-top-left:0px;--awb-border-radius-top-right:0px;--awb-border-radius-bottom-right:0px;--awb-border-radius-bottom-left:0px;--awb-background-image:url(&quot;https:\/\/home.quakerhoughton.com\/wp-content\/uploads\/2020\/02\/QH.com_Industry-Segment-Header_1920x1090-96dpi_Trans-OEM.jpg&quot;);--awb-background-size:cover;--awb-flex-wrap:wrap;\" ><div class=\"fusion-builder-row fusion-row\"><div class=\"fusion-layout-column fusion_builder_column fusion-builder-column-0 fusion_builder_column_1_6 1_6 fusion-one-sixth fusion-column-first IndustryImageColumn\" style=\"--awb-padding-top:0px;--awb-bg-size:cover;--awb-margin-top:20px;width:16.666666666667%;width:calc(16.666666666667% - ( ( 4% ) * 0.16666666666667 ) );margin-right: 4%;\"><div class=\"fusion-column-wrapper fusion-column-has-shadow fusion-flex-column-wrapper-legacy\"><div class=\"fusion-column-content-centered\"><div class=\"fusion-column-content\"><div class=\"fusion-image-element fusion-image-align-left fusion-no-small-visibility fusion-no-medium-visibility in-legacy-container\" style=\"text-align:left;--awb-max-width:90px;--awb-caption-title-font-family:var(--h2_typography-font-family);--awb-caption-title-font-weight:var(--h2_typography-font-weight);--awb-caption-title-font-style:var(--h2_typography-font-style);--awb-caption-title-size:var(--h2_typography-font-size);--awb-caption-title-transform:var(--h2_typography-text-transform);--awb-caption-title-line-height:var(--h2_typography-line-height);--awb-caption-title-letter-spacing:var(--h2_typography-letter-spacing);\"><span class=\" fusion-imageframe imageframe-none imageframe-1 hover-type-none TitleIndustryIcon\" style=\"border-radius:90px;margin-right:25px;float:left;\"><img decoding=\"async\" width=\"1601\" height=\"1600\" title=\"icon_seg_metal_finishing_2018\" src=\"https:\/\/home.quakerhoughton.com\/wp-content\/uploads\/2020\/01\/icon_seg_metal_finishing_2018.png\" alt class=\"img-responsive wp-image-518834\" srcset=\"https:\/\/home.quakerhoughton.com\/wp-content\/uploads\/2020\/01\/icon_seg_metal_finishing_2018-200x200.png 200w, https:\/\/home.quakerhoughton.com\/wp-content\/uploads\/2020\/01\/icon_seg_metal_finishing_2018-400x400.png 400w, https:\/\/home.quakerhoughton.com\/wp-content\/uploads\/2020\/01\/icon_seg_metal_finishing_2018-600x600.png 600w, https:\/\/home.quakerhoughton.com\/wp-content\/uploads\/2020\/01\/icon_seg_metal_finishing_2018-800x800.png 800w, https:\/\/home.quakerhoughton.com\/wp-content\/uploads\/2020\/01\/icon_seg_metal_finishing_2018-1200x1199.png 1200w, https:\/\/home.quakerhoughton.com\/wp-content\/uploads\/2020\/01\/icon_seg_metal_finishing_2018.png 1601w\" sizes=\"(max-width: 1000px) 100vw, 200px\" \/><\/span><\/div><\/div><\/div><div class=\"fusion-clearfix\"><\/div><\/div><\/div><div class=\"fusion-layout-column fusion_builder_column fusion-builder-column-1 fusion_builder_column_5_6 5_6 fusion-five-sixth fusion-column-last\" style=\"--awb-bg-blend:overlay;--awb-bg-size:cover;--awb-margin-top:20px;width:83.333333333333%;width:calc(83.333333333333% - ( ( 4% ) * 0.83333333333333 ) );\"><div class=\"fusion-column-wrapper fusion-column-has-shadow fusion-flex-column-wrapper-legacy\"><div class=\"fusion-column-content-centered\"><div class=\"fusion-column-content\"><div class=\"fusion-title title fusion-title-1 fusion-title-text fusion-title-size-one IndustryTitle\" style=\"--awb-text-color:#ff7500;--awb-margin-bottom:0px;--awb-margin-top-small:0px;--awb-margin-right-small:0px;--awb-margin-bottom-small:20px;--awb-margin-left-small:0px;--awb-sep-color:rgba(224,222,222,0);--awb-font-size:2.5em;\"><h1 class=\"fusion-title-heading title-heading-left\" style=\"margin:0;font-size:1em;\">Metallveredelung<\/h1><span class=\"awb-title-spacer\"><\/span><div class=\"title-sep-container\"><div class=\"title-sep sep-double sep-solid\" style=\"border-color:rgba(224,222,222,0);\"><\/div><\/div><\/div><div class=\"fusion-title title fusion-title-2 fusion-sep-none fusion-title-text fusion-title-size-two IndustryTitle\" style=\"--awb-text-color:#ffffff;--awb-margin-bottom:0px;--awb-margin-top-small:0px;--awb-margin-right-small:0px;--awb-margin-left-small:0px;\"><h2 class=\"fusion-title-heading title-heading-left\" style=\"margin:0;\">Aluminium-Eloxierende Chemikalien<\/h2><\/div><\/div><\/div><div class=\"fusion-clearfix\"><\/div><\/div><\/div><\/div><\/div><div class=\"fusion-fullwidth fullwidth-box fusion-builder-row-2 fusion-parallax-none nonhundred-percent-fullwidth non-hundred-percent-height-scrolling fusion-no-small-visibility fusion-no-medium-visibility\" style=\"--awb-border-radius-top-left:0px;--awb-border-radius-top-right:0px;--awb-border-radius-bottom-right:0px;--awb-border-radius-bottom-left:0px;--awb-background-image:url(&quot;https:\/\/home.quakerhoughton.com\/wp-content\/uploads\/2018\/01\/QH_Wave_Wht_Manifesto.png&quot;);--awb-background-size:cover;--awb-flex-wrap:wrap;\" id=\"wave\" ><div class=\"fusion-builder-row fusion-row\"><div class=\"fusion-layout-column fusion_builder_column fusion-builder-column-2 fusion_builder_column_1_1 1_1 fusion-one-full fusion-column-first fusion-column-last\" style=\"--awb-padding-top:100px;--awb-padding-bottom:100px;--awb-bg-blend:overlay;--awb-bg-size:cover;\"><div class=\"fusion-column-wrapper fusion-flex-column-wrapper-legacy\"><div class=\"fusion-clearfix\"><\/div><\/div><\/div><\/div><\/div><div class=\"fusion-fullwidth fullwidth-box fusion-builder-row-3 nonhundred-percent-fullwidth non-hundred-percent-height-scrolling\" style=\"--awb-border-radius-top-left:0px;--awb-border-radius-top-right:0px;--awb-border-radius-bottom-right:0px;--awb-border-radius-bottom-left:0px;--awb-padding-top:4%;--awb-padding-bottom:2%;--awb-flex-wrap:wrap;\" ><div class=\"fusion-builder-row fusion-row\"><div class=\"fusion-layout-column fusion_builder_column fusion-builder-column-3 fusion_builder_column_1_2 1_2 fusion-one-half fusion-column-first\" style=\"--awb-padding-bottom:2%;--awb-bg-size:cover;width:50%;width:calc(50% - ( ( 4% ) * 0.5 ) );margin-right: 4%;\"><div class=\"fusion-column-wrapper fusion-column-has-shadow fusion-flex-column-wrapper-legacy\"><div class=\"fusion-title title fusion-title-3 fusion-sep-none fusion-title-text fusion-title-size-two\" style=\"--awb-margin-top-small:0px;--awb-margin-right-small:0px;--awb-margin-bottom-small:20px;--awb-margin-left-small:0px;\"><h2 class=\"fusion-title-heading title-heading-left\" style=\"margin:0;\">Der Quaker Houghton Unterschied.<br \/>\nWir h\u00f6ren nie auf, uns zu verbessern.<\/h2><\/div><div class=\"fusion-sep-clear\"><\/div><div class=\"fusion-separator fusion-full-width-sep\" style=\"margin-left: auto;margin-right: auto;margin-top:-1.5%;margin-bottom:4%;width:100%;\"><div class=\"fusion-separator-border sep-single sep-solid\" style=\"--awb-height:20px;--awb-amount:20px;--awb-sep-color:#8c8989;border-color:#8c8989;border-top-width:2px;\"><\/div><\/div><div class=\"fusion-sep-clear\"><\/div><div class=\"fusion-text fusion-text-1\"><p>Hier bei Quaker Houghton verf\u00fcgen unsere Experten der Metallveredelung \u00fcber langj\u00e4hrige Erfahrung und sind bestrebt, Ihnen bei der L\u00f6sung Ihrer h\u00e4rtesten Herausforderungen behilfig zu sein. Seit 1997 bietet unser breites Portfolio an Produktl\u00f6sungen unseren Kunden in der Aluminium-Eloxierungsindustrie konsequent einen Mehrwert. Technischer Service, innovative L\u00f6sungen, Versorgungssicherheit und High-Performance-Produkte sind Gr\u00fcnde, warum unsere Kunden mit uns zusammenarbeiten.<\/p>\n<p>Was ist notwenidig, um auf dem Markt Gewinne zu erzielen? Die Auswahl des richtigen Partners ist ein guter Ausgangspunkt. Lassen Sie sich von unseren Experten f\u00fcr Metallveredelung bei der Bew\u00e4ltigung Ihrer Herausforderungen unterst\u00fctzen und erleben Sie selbst den Unterschied, den ein zuverl\u00e4ssiger Partner ausmachen kann.<\/p>\n<\/div><div class=\"fusion-title title fusion-title-4 fusion-sep-none fusion-title-text fusion-title-size-three\" style=\"--awb-margin-bottom:0px;--awb-margin-top-small:0px;--awb-margin-right-small:0px;--awb-margin-bottom-small:20px;--awb-margin-left-small:0px;\"><h3 class=\"fusion-title-heading title-heading-left\" style=\"margin:0;\">Mit Quaker Houghton Produkten und unserem Team von Experten erreichen Sie:<\/h3><\/div><ul class=\"IndustryPageLi\">\r\n \t<li><h3 class=\"seoIndustry\">Minimierung von Ausschuss und Nacharbeit<\/h3><\/li>\r\n \t<li><h3 class=\"seoIndustry\">Steigerung der Produktivit\u00e4t und des Durchsatzes<\/h3>\r\n<li><h3 class=\"seoIndustry\">Minimierung der Umweltauswirkungen<\/h3><\/li>\r\n<li><h3 class=\"seoIndustry\">Maximierung der chemischen Effizienz<\/h3><\/li>\r\n<\/ul><div class=\"fusion-clearfix\"><\/div><\/div><\/div><div class=\"fusion-layout-column fusion_builder_column fusion-builder-column-4 fusion_builder_column_1_2 1_2 fusion-one-half fusion-column-last\" style=\"--awb-bg-blend:overlay;--awb-bg-size:cover;width:50%;width:calc(50% - ( ( 4% ) * 0.5 ) );\"><div class=\"fusion-column-wrapper fusion-column-has-shadow fusion-flex-column-wrapper-legacy\"><div class=\"fusion-title title fusion-title-5 fusion-sep-none fusion-title-text fusion-title-size-two\" style=\"--awb-margin-top-small:0px;--awb-margin-right-small:0px;--awb-margin-bottom-small:20px;--awb-margin-left-small:0px;\"><h2 class=\"fusion-title-heading title-heading-left\" style=\"margin:0;\"><strong>Metallveredelungsl\u00f6sungen zur Leistungsoptimierung<\/strong><\/h2><\/div><div class=\"fusion-sep-clear\"><\/div><div class=\"fusion-separator fusion-full-width-sep\" style=\"margin-left: auto;margin-right: auto;margin-top:-1.5%;margin-bottom:4%;width:100%;\"><div class=\"fusion-separator-border sep-single sep-solid\" style=\"--awb-height:20px;--awb-amount:20px;--awb-sep-color:#8c8989;border-color:#8c8989;border-top-width:2px;\"><\/div><\/div><div class=\"fusion-sep-clear\"><\/div><div class=\"fusion-content-boxes content-boxes columns row fusion-columns-2 fusion-columns-total-6 fusion-content-boxes-1 content-boxes-icon-on-side content-left IndustryPageApplication\" style=\"--awb-title-color:#ff7500;--awb-hover-accent-color:#073674;--awb-circle-hover-accent-color:#073674;\" data-animationOffset=\"top-into-view\"><div style=\"--awb-backgroundcolor:rgba(255,255,255,0);--awb-content-padding-left:75px;\" class=\"fusion-column content-box-column content-box-column content-box-column-1 col-lg-6 col-md-6 col-sm-6 fusion-content-box-hover content-box-column-first-in-row\"><div class=\"col content-box-wrapper content-wrapper link-area-link-icon icon-hover-animation-fade\" data-animationOffset=\"top-into-view\"><div class=\"heading heading-with-icon icon-left\"><div aria-hidden=\"true\" class=\"image\"><img decoding=\"async\" src=\"https:\/\/home.quakerhoughton.com\/wp-content\/uploads\/2019\/09\/icon_pl_cleaners.png\" width=\"55\" height=\"55.04\" alt=\"\" \/><\/div><h3 class=\"content-box-heading\" style=\"--h3_typography-font-size:18px;line-height:23px;padding-left:75px;\">Reiniger<\/h3><\/div><\/div><\/div><div style=\"--awb-backgroundcolor:rgba(255,255,255,0);--awb-content-padding-left:75px;\" class=\"fusion-column content-box-column content-box-column content-box-column-2 col-lg-6 col-md-6 col-sm-6 fusion-content-box-hover content-box-column-last-in-row\"><div class=\"col content-box-wrapper content-wrapper link-area-link-icon icon-hover-animation-fade\" data-animationOffset=\"top-into-view\"><div class=\"heading heading-with-icon icon-left\"><div aria-hidden=\"true\" class=\"image\"><img decoding=\"async\" src=\"https:\/\/home.quakerhoughton.com\/wp-content\/uploads\/2020\/01\/icon_pl_surface_treatment-finishing.png\" width=\"55\" height=\"55\" alt=\"\" \/><\/div><h3 class=\"content-box-heading\" style=\"--h3_typography-font-size:18px;line-height:23px;padding-left:75px;\">\u00c4tzmittel<\/h3><\/div><\/div><\/div><div style=\"--awb-backgroundcolor:rgba(255,255,255,0);--awb-content-padding-left:75px;\" class=\"fusion-column content-box-column content-box-column content-box-column-3 col-lg-6 col-md-6 col-sm-6 fusion-content-box-hover content-box-column-first-in-row\"><div class=\"col content-box-wrapper content-wrapper link-area-link-icon icon-hover-animation-fade\" data-animationOffset=\"top-into-view\"><div class=\"heading heading-with-icon icon-left\"><div aria-hidden=\"true\" class=\"image\"><img decoding=\"async\" src=\"https:\/\/home.quakerhoughton.com\/wp-content\/uploads\/2020\/01\/icon_pl_surface_treatment-finishing.png\" width=\"55\" height=\"55\" alt=\"\" \/><\/div><h3 class=\"content-box-heading\" style=\"--h3_typography-font-size:18px;line-height:23px;padding-left:75px;\">Eloxierende Additive<\/h3><\/div><\/div><\/div><div style=\"--awb-backgroundcolor:rgba(255,255,255,0);--awb-content-padding-left:75px;\" class=\"fusion-column content-box-column content-box-column content-box-column-4 col-lg-6 col-md-6 col-sm-6 fusion-content-box-hover content-box-column-last-in-row\"><div class=\"col content-box-wrapper content-wrapper link-area-link-icon icon-hover-animation-fade\" data-animationOffset=\"top-into-view\"><div class=\"heading heading-with-icon icon-left\"><div aria-hidden=\"true\" class=\"image\"><img decoding=\"async\" src=\"https:\/\/home.quakerhoughton.com\/wp-content\/uploads\/2020\/01\/icon_pl_surface_treatment-finishing.png\" width=\"55\" height=\"55\" alt=\"\" \/><\/div><h3 class=\"content-box-heading\" style=\"--h3_typography-font-size:18px;line-height:23px;padding-left:75px;\">F\u00e4rbemittel<\/h3><\/div><\/div><\/div><div style=\"--awb-backgroundcolor:rgba(255,255,255,0);--awb-content-padding-left:75px;\" class=\"fusion-column content-box-column content-box-column content-box-column-5 col-lg-6 col-md-6 col-sm-6 fusion-content-box-hover content-box-column-first-in-row\"><div class=\"col content-box-wrapper content-wrapper link-area-link-icon icon-hover-animation-fade\" data-animationOffset=\"top-into-view\"><div class=\"heading heading-with-icon icon-left\"><div aria-hidden=\"true\" class=\"image\"><img decoding=\"async\" src=\"https:\/\/home.quakerhoughton.com\/wp-content\/uploads\/2020\/01\/icon_pl_metal_protection.png\" width=\"55\" height=\"55\" alt=\"\" \/><\/div><h3 class=\"content-box-heading\" style=\"--h3_typography-font-size:18px;line-height:23px;padding-left:75px;\">Dichtstoffe<\/h3><\/div><\/div><\/div><div style=\"--awb-backgroundcolor:rgba(255,255,255,0);--awb-content-padding-left:75px;\" class=\"fusion-column content-box-column content-box-column content-box-column-6 col-lg-6 col-md-6 col-sm-6 fusion-content-box-hover content-box-column-last content-box-column-last-in-row\"><div class=\"col content-box-wrapper content-wrapper link-area-link-icon icon-hover-animation-fade\" data-animationOffset=\"top-into-view\"><div class=\"heading heading-with-icon icon-left\"><div aria-hidden=\"true\" class=\"image\"><img decoding=\"async\" src=\"https:\/\/home.quakerhoughton.com\/wp-content\/uploads\/2020\/01\/icon_pl_metal_protection.png\" width=\"55\" height=\"55\" alt=\"\" \/><\/div><h3 class=\"content-box-heading\" style=\"--h3_typography-font-size:18px;line-height:23px;padding-left:75px;\">Chrome-Vorbehandlung<\/h3><\/div><\/div><\/div><div class=\"fusion-clearfix\"><\/div><\/div><style>\r\n.content-box-heading {\r\n  padding-top: 8% !important;\r\n}\r\n\r\n@media screen and (min-width:1000px) {\r\ndiv.fusion-column.content-box-column.content-box-column {\r\n  margin-bottom: 2%;\r\n}\r\n}\r\nh3.content-box-heading.fusion-responsive-typography-calculated {\r\n    padding-top: 0px !important;\r\n    min-height: 55px;\r\n    align-items: center !important;\r\n    display: flex;\r\n}\r\n<\/style><div class=\"fusion-align-block\"><a class=\"fusion-button button-flat fusion-button-default-size button-custom fusion-button-default button-1 fusion-button-span-yes fusion-button-default-type\" style=\"--button_accent_color:#ffffff;--button_accent_hover_color:#ffffff;--button_border_hover_color:#ffffff;--button_gradient_top_color:#ff7500;--button_gradient_bottom_color:#ff7500;--button_gradient_top_color_hover:#002d71;--button_gradient_bottom_color_hover:#002d71;--button_text_transform:uppercase;\" target=\"_self\" href=\"https:\/\/home.quakerhoughton.com\/de\/kontakt\/\" id=\"contactusbutton\"><span class=\"fusion-button-text awb-button__text awb-button__text--default\">Kontaktiere Uns<\/span><\/a><\/div><div class=\"fusion-clearfix\"><\/div><\/div><\/div><\/div><\/div><\/p>\n","protected":false},"excerpt":{"rendered":"","protected":false},"author":7,"featured_media":0,"parent":0,"menu_order":0,"comment_status":"closed","ping_status":"closed","template":"100-width.php","meta":{"_acf_changed":false,"_monsterinsights_skip_tracking":false,"_monsterinsights_sitenote_active":false,"_monsterinsights_sitenote_note":"","_monsterinsights_sitenote_category":0,"footnotes":""},"categories":[],"qhls":[],"region":[],"eventispl":[],"avada_template":[],"class_list":["post-526996","page","type-page","status-publish","hentry"],"acf":[],"yoast_head":"<!-- This site is optimized with the Yoast SEO Premium plugin v26.7 (Yoast SEO v27.2) - https:\/\/yoast.com\/product\/yoast-seo-premium-wordpress\/ -->\n<title>Hier bei Quaker Houghton verf\u00fcgen unsere Metal Finishing-Experten \u00fcber langj\u00e4hrige Erfahrung und sind bestrebt, Ihnen bei der L\u00f6sung Ihrer h\u00e4rtesten Herausforderungen behilfig zu sein.<\/title>\n<meta name=\"description\" content=\"Hier bei Quaker Houghton verf\u00fcgen unsere Metal Finishing-Experten \u00fcber langj\u00e4hrige Erfahrung und sind bestrebt, Ihnen bei der L\u00f6sung Ihrer h\u00e4rtesten Herausforderungen behilfig zu sein.\" \/>\n<meta name=\"robots\" content=\"noindex, nofollow\" \/>\n<meta property=\"og:locale\" content=\"de_DE\" \/>\n<meta property=\"og:type\" content=\"article\" \/>\n<meta property=\"og:title\" content=\"Metallveredelung\" \/>\n<meta property=\"og:description\" content=\"Hier bei Quaker Houghton verf\u00fcgen unsere Metal Finishing-Experten \u00fcber langj\u00e4hrige Erfahrung und sind bestrebt, Ihnen bei der L\u00f6sung Ihrer h\u00e4rtesten Herausforderungen behilfig zu sein.\" \/>\n<meta property=\"og:url\" content=\"https:\/\/home.quakerhoughton.com\/de\/metallveredelung\/\" \/>\n<meta property=\"og:site_name\" content=\"Quaker Houghton\" \/>\n<meta property=\"article:modified_time\" content=\"2023-09-21T15:52:13+00:00\" \/>\n<meta name=\"twitter:card\" content=\"summary_large_image\" \/>\n<script type=\"application\/ld+json\" class=\"yoast-schema-graph\">{\"@context\":\"https:\/\/schema.org\",\"@graph\":[{\"@type\":\"WebPage\",\"@id\":\"https:\/\/home.quakerhoughton.com\/de\/metallveredelung\/\",\"url\":\"https:\/\/home.quakerhoughton.com\/de\/metallveredelung\/\",\"name\":\"Hier bei Quaker Houghton verf\u00fcgen unsere Metal Finishing-Experten \u00fcber langj\u00e4hrige Erfahrung und sind bestrebt, Ihnen bei der L\u00f6sung Ihrer h\u00e4rtesten Herausforderungen behilfig zu sein.\",\"isPartOf\":{\"@id\":\"https:\/\/home.quakerhoughton.com\/pt-br\/#website\"},\"datePublished\":\"2020-08-18T15:56:13+00:00\",\"dateModified\":\"2023-09-21T15:52:13+00:00\",\"description\":\"Hier bei Quaker Houghton verf\u00fcgen unsere Metal Finishing-Experten \u00fcber langj\u00e4hrige Erfahrung und sind bestrebt, Ihnen bei der L\u00f6sung Ihrer h\u00e4rtesten Herausforderungen behilfig zu sein.\",\"breadcrumb\":{\"@id\":\"https:\/\/home.quakerhoughton.com\/de\/metallveredelung\/#breadcrumb\"},\"inLanguage\":\"de\",\"potentialAction\":[{\"@type\":\"ReadAction\",\"target\":[\"https:\/\/home.quakerhoughton.com\/de\/metallveredelung\/\"]}]},{\"@type\":\"BreadcrumbList\",\"@id\":\"https:\/\/home.quakerhoughton.com\/de\/metallveredelung\/#breadcrumb\",\"itemListElement\":[{\"@type\":\"ListItem\",\"position\":1,\"name\":\"Home\",\"item\":\"https:\/\/home.quakerhoughton.com\/de\/\"},{\"@type\":\"ListItem\",\"position\":2,\"name\":\"Metallveredelung\"}]},{\"@type\":\"WebSite\",\"@id\":\"https:\/\/home.quakerhoughton.com\/pt-br\/#website\",\"url\":\"https:\/\/home.quakerhoughton.com\/pt-br\/\",\"name\":\"Quaker Houghton\",\"description\":\"\",\"publisher\":{\"@id\":\"https:\/\/home.quakerhoughton.com\/pt-br\/#organization\"},\"potentialAction\":[{\"@type\":\"SearchAction\",\"target\":{\"@type\":\"EntryPoint\",\"urlTemplate\":\"https:\/\/home.quakerhoughton.com\/pt-br\/?s={search_term_string}\"},\"query-input\":{\"@type\":\"PropertyValueSpecification\",\"valueRequired\":true,\"valueName\":\"search_term_string\"}}],\"inLanguage\":\"de\"},{\"@type\":\"Organization\",\"@id\":\"https:\/\/home.quakerhoughton.com\/pt-br\/#organization\",\"name\":\"Quaker Houghton\",\"url\":\"https:\/\/home.quakerhoughton.com\/pt-br\/\",\"logo\":{\"@type\":\"ImageObject\",\"inLanguage\":\"de\",\"@id\":\"https:\/\/home.quakerhoughton.com\/pt-br\/#\/schema\/logo\/image\/\",\"url\":\"https:\/\/home.quakerhoughton.com\/wp-content\/uploads\/2019\/05\/Website_Shared_link_image.png\",\"contentUrl\":\"https:\/\/home.quakerhoughton.com\/wp-content\/uploads\/2019\/05\/Website_Shared_link_image.png\",\"width\":1200,\"height\":627,\"caption\":\"Quaker Houghton\"},\"image\":{\"@id\":\"https:\/\/home.quakerhoughton.com\/pt-br\/#\/schema\/logo\/image\/\"}}]}<\/script>\n<!-- \/ Yoast SEO Premium plugin. -->","yoast_head_json":{"title":"Hier bei Quaker Houghton verf\u00fcgen unsere Metal Finishing-Experten \u00fcber langj\u00e4hrige Erfahrung und sind bestrebt, Ihnen bei der L\u00f6sung Ihrer h\u00e4rtesten Herausforderungen behilfig zu sein.","description":"Hier bei Quaker Houghton verf\u00fcgen unsere Metal Finishing-Experten \u00fcber langj\u00e4hrige Erfahrung und sind bestrebt, Ihnen bei der L\u00f6sung Ihrer h\u00e4rtesten Herausforderungen behilfig zu sein.","robots":{"index":"noindex","follow":"nofollow"},"og_locale":"de_DE","og_type":"article","og_title":"Metallveredelung","og_description":"Hier bei Quaker Houghton verf\u00fcgen unsere Metal Finishing-Experten \u00fcber langj\u00e4hrige Erfahrung und sind bestrebt, Ihnen bei der L\u00f6sung Ihrer h\u00e4rtesten Herausforderungen behilfig zu sein.","og_url":"https:\/\/home.quakerhoughton.com\/de\/metallveredelung\/","og_site_name":"Quaker Houghton","article_modified_time":"2023-09-21T15:52:13+00:00","twitter_card":"summary_large_image","schema":{"@context":"https:\/\/schema.org","@graph":[{"@type":"WebPage","@id":"https:\/\/home.quakerhoughton.com\/de\/metallveredelung\/","url":"https:\/\/home.quakerhoughton.com\/de\/metallveredelung\/","name":"Hier bei Quaker Houghton verf\u00fcgen unsere Metal Finishing-Experten \u00fcber langj\u00e4hrige Erfahrung und sind bestrebt, Ihnen bei der L\u00f6sung Ihrer h\u00e4rtesten Herausforderungen behilfig zu sein.","isPartOf":{"@id":"https:\/\/home.quakerhoughton.com\/pt-br\/#website"},"datePublished":"2020-08-18T15:56:13+00:00","dateModified":"2023-09-21T15:52:13+00:00","description":"Hier bei Quaker Houghton verf\u00fcgen unsere Metal Finishing-Experten \u00fcber langj\u00e4hrige Erfahrung und sind bestrebt, Ihnen bei der L\u00f6sung Ihrer h\u00e4rtesten Herausforderungen behilfig zu sein.","breadcrumb":{"@id":"https:\/\/home.quakerhoughton.com\/de\/metallveredelung\/#breadcrumb"},"inLanguage":"de","potentialAction":[{"@type":"ReadAction","target":["https:\/\/home.quakerhoughton.com\/de\/metallveredelung\/"]}]},{"@type":"BreadcrumbList","@id":"https:\/\/home.quakerhoughton.com\/de\/metallveredelung\/#breadcrumb","itemListElement":[{"@type":"ListItem","position":1,"name":"Home","item":"https:\/\/home.quakerhoughton.com\/de\/"},{"@type":"ListItem","position":2,"name":"Metallveredelung"}]},{"@type":"WebSite","@id":"https:\/\/home.quakerhoughton.com\/pt-br\/#website","url":"https:\/\/home.quakerhoughton.com\/pt-br\/","name":"Quaker Houghton","description":"","publisher":{"@id":"https:\/\/home.quakerhoughton.com\/pt-br\/#organization"},"potentialAction":[{"@type":"SearchAction","target":{"@type":"EntryPoint","urlTemplate":"https:\/\/home.quakerhoughton.com\/pt-br\/?s={search_term_string}"},"query-input":{"@type":"PropertyValueSpecification","valueRequired":true,"valueName":"search_term_string"}}],"inLanguage":"de"},{"@type":"Organization","@id":"https:\/\/home.quakerhoughton.com\/pt-br\/#organization","name":"Quaker Houghton","url":"https:\/\/home.quakerhoughton.com\/pt-br\/","logo":{"@type":"ImageObject","inLanguage":"de","@id":"https:\/\/home.quakerhoughton.com\/pt-br\/#\/schema\/logo\/image\/","url":"https:\/\/home.quakerhoughton.com\/wp-content\/uploads\/2019\/05\/Website_Shared_link_image.png","contentUrl":"https:\/\/home.quakerhoughton.com\/wp-content\/uploads\/2019\/05\/Website_Shared_link_image.png","width":1200,"height":627,"caption":"Quaker Houghton"},"image":{"@id":"https:\/\/home.quakerhoughton.com\/pt-br\/#\/schema\/logo\/image\/"}}]}},"_links":{"self":[{"href":"https:\/\/home.quakerhoughton.com\/de\/wp-json\/wp\/v2\/pages\/526996","targetHints":{"allow":["GET"]}}],"collection":[{"href":"https:\/\/home.quakerhoughton.com\/de\/wp-json\/wp\/v2\/pages"}],"about":[{"href":"https:\/\/home.quakerhoughton.com\/de\/wp-json\/wp\/v2\/types\/page"}],"author":[{"embeddable":true,"href":"https:\/\/home.quakerhoughton.com\/de\/wp-json\/wp\/v2\/users\/7"}],"replies":[{"embeddable":true,"href":"https:\/\/home.quakerhoughton.com\/de\/wp-json\/wp\/v2\/comments?post=526996"}],"version-history":[{"count":3,"href":"https:\/\/home.quakerhoughton.com\/de\/wp-json\/wp\/v2\/pages\/526996\/revisions"}],"predecessor-version":[{"id":797206,"href":"https:\/\/home.quakerhoughton.com\/de\/wp-json\/wp\/v2\/pages\/526996\/revisions\/797206"}],"wp:attachment":[{"href":"https:\/\/home.quakerhoughton.com\/de\/wp-json\/wp\/v2\/media?parent=526996"}],"wp:term":[{"taxonomy":"category","embeddable":true,"href":"https:\/\/home.quakerhoughton.com\/de\/wp-json\/wp\/v2\/categories?post=526996"},{"taxonomy":"qhls","embeddable":true,"href":"https:\/\/home.quakerhoughton.com\/de\/wp-json\/wp\/v2\/qhls?post=526996"},{"taxonomy":"region","embeddable":true,"href":"https:\/\/home.quakerhoughton.com\/de\/wp-json\/wp\/v2\/region?post=526996"},{"taxonomy":"eventispl","embeddable":true,"href":"https:\/\/home.quakerhoughton.com\/de\/wp-json\/wp\/v2\/eventispl?post=526996"},{"taxonomy":"avada_template","embeddable":true,"href":"https:\/\/home.quakerhoughton.com\/de\/wp-json\/wp\/v2\/avada_template?post=526996"}],"curies":[{"name":"wp","href":"https:\/\/api.w.org\/{rel}","templated":true}]}}