{"id":550144,"date":"2023-04-06T10:50:21","date_gmt":"2023-04-06T14:50:21","guid":{"rendered":"https:\/\/home.quakerhoughton.com\/hydraulikfluessigkeiten-auf-mineraloel-und-synthesebasis\/"},"modified":"2023-09-21T16:29:03","modified_gmt":"2023-09-21T20:29:03","slug":"hydraulikfluessigkeiten-auf-mineraloel-und-synthesebasis","status":"publish","type":"page","link":"https:\/\/home.quakerhoughton.com\/de\/product-lines\/hydraulikfluessigkeiten-auf-mineraloel-und-synthesebasis\/","title":{"rendered":"Hydraulikfl\u00fcssigkeiten auf Mineral\u00f6l- und Synthesebasis"},"content":{"rendered":"<p><div class=\"fusion-fullwidth fullwidth-box fusion-builder-row-1 fusion-parallax-none nonhundred-percent-fullwidth non-hundred-percent-height-scrolling fusion-equal-height-columns IndustryTitleBar\" style=\"--awb-background-position:left center;--awb-border-radius-top-left:0px;--awb-border-radius-top-right:0px;--awb-border-radius-bottom-right:0px;--awb-border-radius-bottom-left:0px;--awb-background-image:linear-gradient(90deg, rgba(0,0,0,0.69) 0%,rgba(0,0,0,0) 100%),url(https:\/\/home.quakerhoughton.com\/wp-content\/uploads\/2020\/10\/Product-Line-Header_1920x1080-96dpi_Hydraulic-Fluids.jpg);;--awb-background-size:cover;--awb-flex-wrap:wrap;\" ><div class=\"fusion-builder-row fusion-row\"><div class=\"fusion-layout-column fusion_builder_column fusion-builder-column-0 fusion_builder_column_1_6 1_6 fusion-one-sixth fusion-column-first IndustryImageColumn\" style=\"--awb-padding-top:0px;--awb-bg-size:cover;--awb-margin-top:20px;width:16.666666666667%;width:calc(16.666666666667% - ( ( 4% ) * 0.16666666666667 ) );margin-right: 4%;\"><div class=\"fusion-column-wrapper fusion-column-has-shadow fusion-flex-column-wrapper-legacy\"><div class=\"fusion-column-content-centered\"><div class=\"fusion-column-content\"><div class=\"fusion-image-element fusion-image-align-left fusion-no-small-visibility fusion-no-medium-visibility in-legacy-container\" style=\"text-align:left;--awb-max-width:90px;--awb-caption-title-font-family:var(--h2_typography-font-family);--awb-caption-title-font-weight:var(--h2_typography-font-weight);--awb-caption-title-font-style:var(--h2_typography-font-style);--awb-caption-title-size:var(--h2_typography-font-size);--awb-caption-title-transform:var(--h2_typography-text-transform);--awb-caption-title-line-height:var(--h2_typography-line-height);--awb-caption-title-letter-spacing:var(--h2_typography-letter-spacing);\"><span class=\" fusion-imageframe imageframe-none imageframe-1 hover-type-none TitleIndustryIcon\" style=\"border-radius:90px;margin-right:25px;float:left;\"><img decoding=\"async\" width=\"500\" height=\"500\" title=\"Product-Line-Icons_500x500_0027_icon_pl_fluid_power-lubricants\" src=\"https:\/\/home.quakerhoughton.com\/wp-content\/uploads\/2020\/10\/Product-Line-Icons_500x500_0027_icon_pl_fluid_power-lubricants.png\" alt class=\"img-responsive wp-image-529181\" srcset=\"https:\/\/home.quakerhoughton.com\/wp-content\/uploads\/2020\/10\/Product-Line-Icons_500x500_0027_icon_pl_fluid_power-lubricants-200x200.png 200w, https:\/\/home.quakerhoughton.com\/wp-content\/uploads\/2020\/10\/Product-Line-Icons_500x500_0027_icon_pl_fluid_power-lubricants-400x400.png 400w, https:\/\/home.quakerhoughton.com\/wp-content\/uploads\/2020\/10\/Product-Line-Icons_500x500_0027_icon_pl_fluid_power-lubricants.png 500w\" sizes=\"(max-width: 1000px) 100vw, 200px\" \/><\/span><\/div><\/div><\/div><div class=\"fusion-clearfix\"><\/div><\/div><\/div><div class=\"fusion-layout-column fusion_builder_column fusion-builder-column-1 fusion_builder_column_5_6 5_6 fusion-five-sixth fusion-column-last\" style=\"--awb-bg-blend:overlay;--awb-bg-size:cover;--awb-margin-top:20px;width:83.333333333333%;width:calc(83.333333333333% - ( ( 4% ) * 0.83333333333333 ) );\"><div class=\"fusion-column-wrapper fusion-column-has-shadow fusion-flex-column-wrapper-legacy\"><div class=\"fusion-column-content-centered\"><div class=\"fusion-column-content\"><div class=\"fusion-title title fusion-title-1 fusion-title-text fusion-title-size-one IndustryTitle\" style=\"--awb-text-color:#ff7500;--awb-margin-bottom:0px;--awb-margin-top-small:0px;--awb-margin-right-small:0px;--awb-margin-bottom-small:20px;--awb-margin-left-small:0px;--awb-sep-color:rgba(224,222,222,0);--awb-font-size:2.5em;\"><h1 class=\"fusion-title-heading title-heading-left\" style=\"margin:0;font-size:1em;\">Hydraulikfl\u00fcssigkeiten<\/h1><span class=\"awb-title-spacer\"><\/span><div class=\"title-sep-container\"><div class=\"title-sep sep-double sep-solid\" style=\"border-color:rgba(224,222,222,0);\"><\/div><\/div><\/div><div class=\"fusion-title title fusion-title-2 fusion-sep-none fusion-title-text fusion-title-size-two IndustryTitle\" style=\"--awb-text-color:#ffffff;--awb-margin-bottom:0px;--awb-margin-top-small:0px;--awb-margin-right-small:0px;--awb-margin-left-small:0px;\"><h2 class=\"fusion-title-heading title-heading-left\" style=\"margin:0;\">Produkte auf Mineral\u00f6l- und Synthesebasis f\u00fcr eine optimierte Schmierleistung<\/h2><\/div><\/div><\/div><div class=\"fusion-clearfix\"><\/div><\/div><\/div><\/div><\/div><div class=\"fusion-fullwidth fullwidth-box fusion-builder-row-2 fusion-parallax-none nonhundred-percent-fullwidth non-hundred-percent-height-scrolling\" style=\"--awb-border-radius-top-left:0px;--awb-border-radius-top-right:0px;--awb-border-radius-bottom-right:0px;--awb-border-radius-bottom-left:0px;--awb-padding-bottom:0px;--awb-margin-bottom:0px;--awb-background-image:url(&quot;https:\/\/home.quakerhoughton.com\/wp-content\/uploads\/2018\/01\/QH_Wave_Wht_Manifesto.png&quot;);--awb-background-size:cover;--awb-flex-wrap:wrap;\" id=\"wave\" ><div class=\"fusion-builder-row fusion-row\"><div class=\"fusion-layout-column fusion_builder_column fusion-builder-column-2 fusion_builder_column_1_1 1_1 fusion-one-full fusion-column-first fusion-column-last\" style=\"--awb-padding-top:100px;--awb-padding-bottom:100px;--awb-bg-blend:overlay;--awb-bg-size:cover;\"><div class=\"fusion-column-wrapper fusion-flex-column-wrapper-legacy\"><div class=\"fusion-clearfix\"><\/div><\/div><\/div><\/div><\/div><div class=\"fusion-fullwidth fullwidth-box fusion-builder-row-3 nonhundred-percent-fullwidth non-hundred-percent-height-scrolling\" style=\"--awb-border-radius-top-left:0px;--awb-border-radius-top-right:0px;--awb-border-radius-bottom-right:0px;--awb-border-radius-bottom-left:0px;--awb-padding-top:4%;--awb-padding-bottom:2%;--awb-flex-wrap:wrap;\" ><div class=\"fusion-builder-row fusion-row\"><div class=\"fusion-layout-column fusion_builder_column fusion-builder-column-3 fusion_builder_column_2_3 2_3 fusion-two-third fusion-column-first\" style=\"--awb-padding-bottom:2%;--awb-bg-size:cover;width:66.666666666667%;width:calc(66.666666666667% - ( ( 4% ) * 0.66666666666667 ) );margin-right: 4%;\"><div class=\"fusion-column-wrapper fusion-column-has-shadow fusion-flex-column-wrapper-legacy\"><div class=\"fusion-title title fusion-title-3 fusion-sep-none fusion-title-text fusion-title-size-two\" style=\"--awb-margin-bottom:1em;--awb-margin-top-small:0px;--awb-margin-right-small:0px;--awb-margin-bottom-small:20px;--awb-margin-left-small:0px;\"><h2 class=\"fusion-title-heading title-heading-left\" style=\"margin:0;\">Experten f\u00fcr schwer entflammbare und spezielle Hydraulikfl\u00fcssigkeiten<\/h2><\/div><div class=\"fusion-sep-clear\"><\/div><div class=\"fusion-separator fusion-full-width-sep\" style=\"margin-left: auto;margin-right: auto;margin-top:-1.5%;margin-bottom:4%;width:100%;\"><div class=\"fusion-separator-border sep-single sep-solid\" style=\"--awb-height:20px;--awb-amount:20px;--awb-sep-color:#8c8989;border-color:#8c8989;border-top-width:2px;\"><\/div><\/div><div class=\"fusion-sep-clear\"><\/div><div class=\"fusion-text fusion-text-1\"><p>Quaker Houghton bietet ein umfassendes Portfolio an schwer entflammbaren und speziellen Hydraulikfl\u00fcssigkeiten, die aufgrund ihrer langen Standzeiten, der geringen Umweltauswirkungen und der hohen Effizienz weltweit von gro\u00dfen OEMs und Kunden gesch\u00e4tzt werden. Bei ihrer Entwicklung wurde besonders auf die Kompatibilit\u00e4t zu unseren zahlreichen Prozessmedien geachtet. Unser Produktportfolio umfasst Hydraulikfl\u00fcssigkeiten mit hohem Wassergehalt (HFA), Wasser-Glykol-Fl\u00fcssigkeiten (HFC) und synthetische wasserfreie Fl\u00fcssigkeiten (HFD-U).<\/p>\n<\/div><div class=\"fusion-title title fusion-title-4 fusion-sep-none fusion-title-text fusion-title-size-two\" style=\"--awb-margin-bottom:1em;--awb-margin-top-small:0px;--awb-margin-right-small:0px;--awb-margin-bottom-small:20px;--awb-margin-left-small:0px;\"><h2 class=\"fusion-title-heading title-heading-left\" style=\"margin:0;\">Zuverl\u00e4ssiger\u00a0Betrieb<\/h2><\/div><div class=\"fusion-sep-clear\"><\/div><div class=\"fusion-separator fusion-full-width-sep\" style=\"margin-left: auto;margin-right: auto;margin-top:-1.5%;margin-bottom:4%;width:100%;\"><div class=\"fusion-separator-border sep-single sep-solid\" style=\"--awb-height:20px;--awb-amount:20px;--awb-sep-color:#8c8989;border-color:#8c8989;border-top-width:2px;\"><\/div><\/div><div class=\"fusion-sep-clear\"><\/div><div class=\"fusion-text fusion-text-2\"><p>Hydraulikfl\u00fcssigkeiten von Quaker Houghton \u00fcbertreffen g\u00e4ngige Industriestandards und bieten Ihnen:<\/p>\n<\/div><ul style=\"--awb-size:16px;--awb-line-height:27.2px;--awb-icon-width:27.2px;--awb-icon-height:27.2px;--awb-icon-margin:11.2px;--awb-content-margin:38.4px;\" class=\"fusion-checklist fusion-checklist-1 fusion-checklist-default type-icons\" id=\"addedspace\"><li class=\"fusion-li-item\" style=\"\"><span class=\"icon-wrapper circle-no\"><i class=\"fusion-li-icon fa-circle fas\" aria-hidden=\"true\"><\/i><\/span><div class=\"fusion-li-item-content\">\n<h3 class=\"seoIndustry\">eine l\u00e4ngere und st\u00f6rungsfreiere Standzeit Ihrer Maschinen und Anlagen<\/h3>\n<\/div><\/li><li class=\"fusion-li-item\" style=\"\"><span class=\"icon-wrapper circle-no\"><i class=\"fusion-li-icon fa-circle fas\" aria-hidden=\"true\"><\/i><\/span><div class=\"fusion-li-item-content\">\n<h3 class=\"seoIndustry\">geringere Ausgaben f\u00fcr Wartung und Instandhaltung<\/h3>\n<\/div><\/li><li class=\"fusion-li-item\" style=\"\"><span class=\"icon-wrapper circle-no\"><i class=\"fusion-li-icon fa-circle fas\" aria-hidden=\"true\"><\/i><\/span><div class=\"fusion-li-item-content\">\n<h3 class=\"seoIndustry\">weniger Ausfallzeiten<\/h3>\n<\/div><\/li><li class=\"fusion-li-item\" style=\"\"><span class=\"icon-wrapper circle-no\"><i class=\"fusion-li-icon fa-circle fas\" aria-hidden=\"true\"><\/i><\/span><div class=\"fusion-li-item-content\">\n<h3 class=\"seoIndustry\">einen geringeren Energieverbrauch<\/h3>\n<\/div><\/li><li class=\"fusion-li-item\" style=\"\"><span class=\"icon-wrapper circle-no\"><i class=\"fusion-li-icon fa-circle fas\" aria-hidden=\"true\"><\/i><\/span><div class=\"fusion-li-item-content\">\n<h3 class=\"seoIndustry\">mehr Sicherheit f\u00fcr Ihre Mitarbeiter<\/h3>\n<\/div><\/li><li class=\"fusion-li-item\" style=\"\"><span class=\"icon-wrapper circle-no\"><i class=\"fusion-li-icon fa-circle fas\" aria-hidden=\"true\"><\/i><\/span><div class=\"fusion-li-item-content\">\n<h3 class=\"seoIndustry\">eine gesteigerte Produktivit\u00e4t<\/h3>\n<\/div><\/li><\/ul><div class=\"fusion-clearfix\"><\/div><\/div><\/div><div class=\"fusion-layout-column fusion_builder_column fusion-builder-column-4 fusion_builder_column_1_3 1_3 fusion-one-third fusion-column-last\" style=\"--awb-bg-blend:overlay;--awb-bg-size:cover;width:33.333333333333%;width:calc(33.333333333333% - ( ( 4% ) * 0.33333333333333 ) );\"><div class=\"fusion-column-wrapper fusion-column-has-shadow fusion-flex-column-wrapper-legacy\"><div class=\"fusion-title title fusion-title-5 fusion-sep-none fusion-title-text fusion-title-size-two\" style=\"--awb-margin-top:2em;--awb-margin-bottom:1em;--awb-margin-top-small:0px;--awb-margin-right-small:0px;--awb-margin-bottom-small:20px;--awb-margin-left-small:0px;\"><h2 class=\"fusion-title-heading title-heading-left\" style=\"margin:0;\"><strong>Hydraulikfl\u00fcssigkeiten f\u00fcr die Offshore-Industrie:<\/strong><\/h2><\/div><div class=\"fusion-content-boxes content-boxes columns row fusion-columns-1 fusion-columns-total-0 fusion-content-boxes-1 content-boxes-timeline-vertical content-left content-boxes-timeline-layout content-boxes-icon-with-title PLProducts fusion-delayed-animation\" style=\"--awb-title-color:#ff7500;--awb-iconcolor:#002d72;--awb-margin-top:0px;--awb-margin-bottom:0px;--awb-hover-accent-color:#003d72;--awb-circle-hover-accent-color:transparent;--awb-item-margin-bottom:40px;\" data-animation-delay=\"350\" data-animationOffset=\"top-into-view\"><div class=\"fusion-clearfix\"><\/div><\/div><div class=\"fusion-sep-clear\"><\/div><div class=\"fusion-separator fusion-full-width-sep\" style=\"margin-left: auto;margin-right: auto;margin-top:-3%;margin-bottom:4%;width:100%;\"><div class=\"fusion-separator-border sep-single sep-solid\" style=\"--awb-height:20px;--awb-amount:20px;--awb-sep-color:#8c8989;border-color:#8c8989;border-top-width:2px;\"><\/div><\/div><div class=\"fusion-sep-clear\"><\/div><ul style=\"--awb-size:20px;--awb-iconcolor:#002d72;--awb-line-height:34px;--awb-icon-width:34px;--awb-icon-height:34px;--awb-icon-margin:14px;--awb-content-margin:48px;--awb-circlecolor:#002d72;--awb-circle-yes-font-size:17.6px;\" class=\"fusion-checklist fusion-checklist-2 fusion-checklist-default type-icons productrightA\" id=\"addedspace\"><li class=\"fusion-li-item\" style=\"\"><span class=\"icon-wrapper circle-yes\"><i class=\"fusion-li-icon awb-icon-check\" aria-hidden=\"true\"><\/i><\/span><div class=\"fusion-li-item-content\">\n<h3 class=\"solution\">Steuerfl\u00fcssigkeiten f\u00fcr Blowout-Preventer (BOP)<\/h3>\n<\/div><\/li><\/ul><ul style=\"--awb-size:20px;--awb-iconcolor:#009cde;--awb-line-height:34px;--awb-icon-width:34px;--awb-icon-height:34px;--awb-icon-margin:14px;--awb-content-margin:48px;--awb-circlecolor:#009cde;--awb-circle-yes-font-size:17.6px;\" class=\"fusion-checklist fusion-checklist-3 fusion-checklist-default type-icons productrightB\" id=\"addedspace\"><li class=\"fusion-li-item\" style=\"\"><span class=\"icon-wrapper circle-yes\"><i class=\"fusion-li-icon awb-icon-check\" aria-hidden=\"true\"><\/i><\/span><div class=\"fusion-li-item-content\">\n<h3 class=\"solution\">Motion-Compensator-\/Riser-Tensioner-Fl\u00fcssigkeiten<\/h3>\n<\/div><\/li><\/ul><ul style=\"--awb-size:20px;--awb-iconcolor:#05c3dd;--awb-line-height:34px;--awb-icon-width:34px;--awb-icon-height:34px;--awb-icon-margin:14px;--awb-content-margin:48px;--awb-circlecolor:#05c3dd;--awb-circle-yes-font-size:17.6px;\" class=\"fusion-checklist fusion-checklist-4 fusion-checklist-default type-icons productrightC\" id=\"addedspace\"><li class=\"fusion-li-item\" style=\"\"><span class=\"icon-wrapper circle-yes\"><i class=\"fusion-li-icon awb-icon-check\" aria-hidden=\"true\"><\/i><\/span><div class=\"fusion-li-item-content\">\n<h3 class=\"solution\">Pr\u00fcf- und Konservierungsfl\u00fcssigkeiten<\/h3>\n<\/div><\/li><\/ul><ul style=\"--awb-size:20px;--awb-iconcolor:#002d72;--awb-line-height:34px;--awb-icon-width:34px;--awb-icon-height:34px;--awb-icon-margin:14px;--awb-content-margin:48px;--awb-circlecolor:#002d72;--awb-circle-yes-font-size:17.6px;\" class=\"fusion-checklist fusion-checklist-5 fusion-checklist-default type-icons productrightA\" id=\"addedspace\"><li class=\"fusion-li-item\" style=\"\"><span class=\"icon-wrapper circle-yes\"><i class=\"fusion-li-icon awb-icon-check\" aria-hidden=\"true\"><\/i><\/span><div class=\"fusion-li-item-content\">\n<h3 class=\"solution\">Steuerfl\u00fcssigkeiten f\u00fcr Unterwasserproduktionssysteme<\/h3>\n<\/div><\/li><\/ul><div class=\"fusion-button-wrapper\"><a class=\"fusion-button button-flat fusion-button-default-size button-custom fusion-button-default button-1 fusion-button-default-span fusion-button-default-type\" style=\"--button_accent_color:#ffffff;--button_accent_hover_color:#ffffff;--button_border_hover_color:#ffffff;--button_gradient_top_color:#ff7500;--button_gradient_bottom_color:#ff7500;--button_gradient_top_color_hover:#002d72;--button_gradient_bottom_color_hover:#002d72;\" target=\"_self\" href=\"#\" data-toggle=\"modal\" data-target=\".fusion-modal.QHContact20\"><span class=\"fusion-button-text awb-button__text awb-button__text--default\">Erfahren Sie mehr<\/span><\/a><\/div><div class=\"fusion-clearfix\"><\/div><\/div><\/div><\/div><\/div><\/p>\n","protected":false},"excerpt":{"rendered":"<p>Quaker Houghton bietet ein umfassendes Portfolio an schwer entflammbaren und speziellen Hydraulikfl\u00fcssigkeiten, die aufgrund ihrer langen Standzeiten, der geringen Umweltauswirkungen und der hohen Effizienz weltweit von gro\u00dfen OEMs und Kunden gesch\u00e4tzt werden. <\/p>\n","protected":false},"author":7,"featured_media":0,"parent":793451,"menu_order":0,"comment_status":"closed","ping_status":"closed","template":"100-width.php","meta":{"_acf_changed":false,"_monsterinsights_skip_tracking":false,"_monsterinsights_sitenote_active":false,"_monsterinsights_sitenote_note":"","_monsterinsights_sitenote_category":0,"footnotes":""},"categories":[],"qhls":[],"region":[],"eventispl":[],"avada_template":[],"class_list":["post-550144","page","type-page","status-publish","hentry","product-lines-hydraulic-fluids-lubricants-de"],"acf":[],"yoast_head":"<!-- This site is optimized with the Yoast SEO Premium plugin v26.7 (Yoast SEO v27.2) - https:\/\/yoast.com\/product\/yoast-seo-premium-wordpress\/ -->\n<title>Hydraulikfl\u00fcssigkeiten auf Mineral\u00f6l- und Synthesebasis<\/title>\n<meta name=\"description\" content=\"Quaker Houghton bietet ein umfassendes Portfolio an schwer entflammbaren und speziellen Hydraulikfl\u00fcssigkeiten, die weltweit von gro\u00dfen OEMs und Kunden gesch\u00e4tzt werden\" \/>\n<meta name=\"robots\" content=\"index, follow, max-snippet:-1, max-image-preview:large, max-video-preview:-1\" \/>\n<link rel=\"canonical\" href=\"https:\/\/home.quakerhoughton.com\/de\/product-lines\/hydraulikfluessigkeiten-auf-mineraloel-und-synthesebasis\/\" \/>\n<meta property=\"og:locale\" content=\"de_DE\" \/>\n<meta property=\"og:type\" content=\"article\" \/>\n<meta property=\"og:title\" content=\"Hydraulikfl\u00fcssigkeiten auf Mineral\u00f6l- und Synthesebasis\" \/>\n<meta property=\"og:description\" content=\"Quaker Houghton bietet ein umfassendes Portfolio an schwer entflammbaren und speziellen Hydraulikfl\u00fcssigkeiten, die weltweit von gro\u00dfen OEMs und Kunden gesch\u00e4tzt werden\" \/>\n<meta property=\"og:url\" content=\"https:\/\/home.quakerhoughton.com\/de\/product-lines\/hydraulikfluessigkeiten-auf-mineraloel-und-synthesebasis\/\" \/>\n<meta property=\"og:site_name\" content=\"Quaker Houghton\" \/>\n<meta property=\"article:modified_time\" content=\"2023-09-21T20:29:03+00:00\" \/>\n<meta name=\"twitter:card\" content=\"summary_large_image\" \/>\n<script type=\"application\/ld+json\" class=\"yoast-schema-graph\">{\"@context\":\"https:\/\/schema.org\",\"@graph\":[{\"@type\":\"WebPage\",\"@id\":\"https:\/\/home.quakerhoughton.com\/de\/product-lines\/hydraulikfluessigkeiten-auf-mineraloel-und-synthesebasis\/\",\"url\":\"https:\/\/home.quakerhoughton.com\/de\/product-lines\/hydraulikfluessigkeiten-auf-mineraloel-und-synthesebasis\/\",\"name\":\"Hydraulikfl\u00fcssigkeiten auf Mineral\u00f6l- und Synthesebasis\",\"isPartOf\":{\"@id\":\"https:\/\/home.quakerhoughton.com\/pt-br\/#website\"},\"datePublished\":\"2023-04-06T14:50:21+00:00\",\"dateModified\":\"2023-09-21T20:29:03+00:00\",\"description\":\"Quaker Houghton bietet ein umfassendes Portfolio an schwer entflammbaren und speziellen Hydraulikfl\u00fcssigkeiten, die weltweit von gro\u00dfen OEMs und Kunden gesch\u00e4tzt werden\",\"breadcrumb\":{\"@id\":\"https:\/\/home.quakerhoughton.com\/de\/product-lines\/hydraulikfluessigkeiten-auf-mineraloel-und-synthesebasis\/#breadcrumb\"},\"inLanguage\":\"de\",\"potentialAction\":[{\"@type\":\"ReadAction\",\"target\":[\"https:\/\/home.quakerhoughton.com\/de\/product-lines\/hydraulikfluessigkeiten-auf-mineraloel-und-synthesebasis\/\"]}]},{\"@type\":\"BreadcrumbList\",\"@id\":\"https:\/\/home.quakerhoughton.com\/de\/product-lines\/hydraulikfluessigkeiten-auf-mineraloel-und-synthesebasis\/#breadcrumb\",\"itemListElement\":[{\"@type\":\"ListItem\",\"position\":1,\"name\":\"Home\",\"item\":\"https:\/\/home.quakerhoughton.com\/de\/\"},{\"@type\":\"ListItem\",\"position\":2,\"name\":\"Produktlinien\",\"item\":\"https:\/\/home.quakerhoughton.com\/de\/product-lines\/\"},{\"@type\":\"ListItem\",\"position\":3,\"name\":\"Hydraulikfl\u00fcssigkeiten auf Mineral\u00f6l- und Synthesebasis\"}]},{\"@type\":\"WebSite\",\"@id\":\"https:\/\/home.quakerhoughton.com\/pt-br\/#website\",\"url\":\"https:\/\/home.quakerhoughton.com\/pt-br\/\",\"name\":\"Quaker Houghton\",\"description\":\"\",\"publisher\":{\"@id\":\"https:\/\/home.quakerhoughton.com\/pt-br\/#organization\"},\"potentialAction\":[{\"@type\":\"SearchAction\",\"target\":{\"@type\":\"EntryPoint\",\"urlTemplate\":\"https:\/\/home.quakerhoughton.com\/pt-br\/?s={search_term_string}\"},\"query-input\":{\"@type\":\"PropertyValueSpecification\",\"valueRequired\":true,\"valueName\":\"search_term_string\"}}],\"inLanguage\":\"de\"},{\"@type\":\"Organization\",\"@id\":\"https:\/\/home.quakerhoughton.com\/pt-br\/#organization\",\"name\":\"Quaker Houghton\",\"url\":\"https:\/\/home.quakerhoughton.com\/pt-br\/\",\"logo\":{\"@type\":\"ImageObject\",\"inLanguage\":\"de\",\"@id\":\"https:\/\/home.quakerhoughton.com\/pt-br\/#\/schema\/logo\/image\/\",\"url\":\"https:\/\/home.quakerhoughton.com\/wp-content\/uploads\/2019\/05\/Website_Shared_link_image.png\",\"contentUrl\":\"https:\/\/home.quakerhoughton.com\/wp-content\/uploads\/2019\/05\/Website_Shared_link_image.png\",\"width\":1200,\"height\":627,\"caption\":\"Quaker Houghton\"},\"image\":{\"@id\":\"https:\/\/home.quakerhoughton.com\/pt-br\/#\/schema\/logo\/image\/\"}}]}<\/script>\n<!-- \/ Yoast SEO Premium plugin. -->","yoast_head_json":{"title":"Hydraulikfl\u00fcssigkeiten auf Mineral\u00f6l- und Synthesebasis","description":"Quaker Houghton bietet ein umfassendes Portfolio an schwer entflammbaren und speziellen Hydraulikfl\u00fcssigkeiten, die weltweit von gro\u00dfen OEMs und Kunden gesch\u00e4tzt werden","robots":{"index":"index","follow":"follow","max-snippet":"max-snippet:-1","max-image-preview":"max-image-preview:large","max-video-preview":"max-video-preview:-1"},"canonical":"https:\/\/home.quakerhoughton.com\/de\/product-lines\/hydraulikfluessigkeiten-auf-mineraloel-und-synthesebasis\/","og_locale":"de_DE","og_type":"article","og_title":"Hydraulikfl\u00fcssigkeiten auf Mineral\u00f6l- und Synthesebasis","og_description":"Quaker Houghton bietet ein umfassendes Portfolio an schwer entflammbaren und speziellen Hydraulikfl\u00fcssigkeiten, die weltweit von gro\u00dfen OEMs und Kunden gesch\u00e4tzt werden","og_url":"https:\/\/home.quakerhoughton.com\/de\/product-lines\/hydraulikfluessigkeiten-auf-mineraloel-und-synthesebasis\/","og_site_name":"Quaker Houghton","article_modified_time":"2023-09-21T20:29:03+00:00","twitter_card":"summary_large_image","schema":{"@context":"https:\/\/schema.org","@graph":[{"@type":"WebPage","@id":"https:\/\/home.quakerhoughton.com\/de\/product-lines\/hydraulikfluessigkeiten-auf-mineraloel-und-synthesebasis\/","url":"https:\/\/home.quakerhoughton.com\/de\/product-lines\/hydraulikfluessigkeiten-auf-mineraloel-und-synthesebasis\/","name":"Hydraulikfl\u00fcssigkeiten auf Mineral\u00f6l- und Synthesebasis","isPartOf":{"@id":"https:\/\/home.quakerhoughton.com\/pt-br\/#website"},"datePublished":"2023-04-06T14:50:21+00:00","dateModified":"2023-09-21T20:29:03+00:00","description":"Quaker Houghton bietet ein umfassendes Portfolio an schwer entflammbaren und speziellen Hydraulikfl\u00fcssigkeiten, die weltweit von gro\u00dfen OEMs und Kunden gesch\u00e4tzt werden","breadcrumb":{"@id":"https:\/\/home.quakerhoughton.com\/de\/product-lines\/hydraulikfluessigkeiten-auf-mineraloel-und-synthesebasis\/#breadcrumb"},"inLanguage":"de","potentialAction":[{"@type":"ReadAction","target":["https:\/\/home.quakerhoughton.com\/de\/product-lines\/hydraulikfluessigkeiten-auf-mineraloel-und-synthesebasis\/"]}]},{"@type":"BreadcrumbList","@id":"https:\/\/home.quakerhoughton.com\/de\/product-lines\/hydraulikfluessigkeiten-auf-mineraloel-und-synthesebasis\/#breadcrumb","itemListElement":[{"@type":"ListItem","position":1,"name":"Home","item":"https:\/\/home.quakerhoughton.com\/de\/"},{"@type":"ListItem","position":2,"name":"Produktlinien","item":"https:\/\/home.quakerhoughton.com\/de\/product-lines\/"},{"@type":"ListItem","position":3,"name":"Hydraulikfl\u00fcssigkeiten auf Mineral\u00f6l- und Synthesebasis"}]},{"@type":"WebSite","@id":"https:\/\/home.quakerhoughton.com\/pt-br\/#website","url":"https:\/\/home.quakerhoughton.com\/pt-br\/","name":"Quaker Houghton","description":"","publisher":{"@id":"https:\/\/home.quakerhoughton.com\/pt-br\/#organization"},"potentialAction":[{"@type":"SearchAction","target":{"@type":"EntryPoint","urlTemplate":"https:\/\/home.quakerhoughton.com\/pt-br\/?s={search_term_string}"},"query-input":{"@type":"PropertyValueSpecification","valueRequired":true,"valueName":"search_term_string"}}],"inLanguage":"de"},{"@type":"Organization","@id":"https:\/\/home.quakerhoughton.com\/pt-br\/#organization","name":"Quaker Houghton","url":"https:\/\/home.quakerhoughton.com\/pt-br\/","logo":{"@type":"ImageObject","inLanguage":"de","@id":"https:\/\/home.quakerhoughton.com\/pt-br\/#\/schema\/logo\/image\/","url":"https:\/\/home.quakerhoughton.com\/wp-content\/uploads\/2019\/05\/Website_Shared_link_image.png","contentUrl":"https:\/\/home.quakerhoughton.com\/wp-content\/uploads\/2019\/05\/Website_Shared_link_image.png","width":1200,"height":627,"caption":"Quaker Houghton"},"image":{"@id":"https:\/\/home.quakerhoughton.com\/pt-br\/#\/schema\/logo\/image\/"}}]}},"_links":{"self":[{"href":"https:\/\/home.quakerhoughton.com\/de\/wp-json\/wp\/v2\/pages\/550144","targetHints":{"allow":["GET"]}}],"collection":[{"href":"https:\/\/home.quakerhoughton.com\/de\/wp-json\/wp\/v2\/pages"}],"about":[{"href":"https:\/\/home.quakerhoughton.com\/de\/wp-json\/wp\/v2\/types\/page"}],"author":[{"embeddable":true,"href":"https:\/\/home.quakerhoughton.com\/de\/wp-json\/wp\/v2\/users\/7"}],"replies":[{"embeddable":true,"href":"https:\/\/home.quakerhoughton.com\/de\/wp-json\/wp\/v2\/comments?post=550144"}],"version-history":[{"count":3,"href":"https:\/\/home.quakerhoughton.com\/de\/wp-json\/wp\/v2\/pages\/550144\/revisions"}],"predecessor-version":[{"id":797225,"href":"https:\/\/home.quakerhoughton.com\/de\/wp-json\/wp\/v2\/pages\/550144\/revisions\/797225"}],"up":[{"embeddable":true,"href":"https:\/\/home.quakerhoughton.com\/de\/wp-json\/wp\/v2\/pages\/793451"}],"wp:attachment":[{"href":"https:\/\/home.quakerhoughton.com\/de\/wp-json\/wp\/v2\/media?parent=550144"}],"wp:term":[{"taxonomy":"category","embeddable":true,"href":"https:\/\/home.quakerhoughton.com\/de\/wp-json\/wp\/v2\/categories?post=550144"},{"taxonomy":"qhls","embeddable":true,"href":"https:\/\/home.quakerhoughton.com\/de\/wp-json\/wp\/v2\/qhls?post=550144"},{"taxonomy":"region","embeddable":true,"href":"https:\/\/home.quakerhoughton.com\/de\/wp-json\/wp\/v2\/region?post=550144"},{"taxonomy":"eventispl","embeddable":true,"href":"https:\/\/home.quakerhoughton.com\/de\/wp-json\/wp\/v2\/eventispl?post=550144"},{"taxonomy":"avada_template","embeddable":true,"href":"https:\/\/home.quakerhoughton.com\/de\/wp-json\/wp\/v2\/avada_template?post=550144"}],"curies":[{"name":"wp","href":"https:\/\/api.w.org\/{rel}","templated":true}]}}