{"id":550281,"date":"2023-04-06T10:59:09","date_gmt":"2023-04-06T14:59:09","guid":{"rendered":"https:\/\/home.quakerhoughton.com\/prozessmedien-schmierstoffe-und-ausruestung-fuer-die-druckgussindustrie\/auftragen-von-giesskolben-schmierstoffen\/"},"modified":"2023-04-06T10:59:20","modified_gmt":"2023-04-06T14:59:20","slug":"auftragen-von-giesskolben-schmierstoffen","status":"publish","type":"page","link":"https:\/\/home.quakerhoughton.com\/de\/product-lines\/prozessmedien-schmierstoffe-und-ausruestung-fuer-die-druckgussindustrie\/auftragen-von-giesskolben-schmierstoffen\/","title":{"rendered":"Auftragen von Gie\u00dfkolben-Schmierstoffen"},"content":{"rendered":"<p><div class=\"fusion-fullwidth fullwidth-box fusion-builder-row-1 fusion-parallax-none nonhundred-percent-fullwidth non-hundred-percent-height-scrolling fusion-equal-height-columns IndustryTitleBar\" style=\"--awb-background-position:left center;--awb-border-radius-top-left:0px;--awb-border-radius-top-right:0px;--awb-border-radius-bottom-right:0px;--awb-border-radius-bottom-left:0px;--awb-background-image:linear-gradient(90deg, rgba(0,0,0,0.69) 0%,rgba(0,0,0,0) 100%),url(https:\/\/home.quakerhoughton.com\/wp-content\/uploads\/2020\/10\/Product-Line-Header_1920x1080-96dpi_Die-Casting.jpg);;--awb-background-size:cover;--awb-flex-wrap:wrap;\" ><div class=\"fusion-builder-row fusion-row\"><div class=\"fusion-layout-column fusion_builder_column fusion-builder-column-0 fusion_builder_column_1_6 1_6 fusion-one-sixth fusion-column-first IndustryImageColumn\" style=\"--awb-padding-top:0px;--awb-bg-size:cover;--awb-margin-top:20px;width:16.666666666667%;width:calc(16.666666666667% - ( ( 4% ) * 0.16666666666667 ) );margin-right: 4%;\"><div class=\"fusion-column-wrapper fusion-column-has-shadow fusion-flex-column-wrapper-legacy\"><div class=\"fusion-column-content-centered\"><div class=\"fusion-column-content\"><div class=\"fusion-image-element fusion-image-align-left fusion-no-small-visibility fusion-no-medium-visibility in-legacy-container\" style=\"text-align:left;--awb-max-width:90px;--awb-caption-title-font-family:var(--h2_typography-font-family);--awb-caption-title-font-weight:var(--h2_typography-font-weight);--awb-caption-title-font-style:var(--h2_typography-font-style);--awb-caption-title-size:var(--h2_typography-font-size);--awb-caption-title-transform:var(--h2_typography-text-transform);--awb-caption-title-line-height:var(--h2_typography-line-height);--awb-caption-title-letter-spacing:var(--h2_typography-letter-spacing);\"><span class=\" fusion-imageframe imageframe-none imageframe-1 hover-type-none TitleIndustryIcon\" style=\"border-radius:90px;margin-right:25px;float:left;\"><img decoding=\"async\" width=\"150\" height=\"150\" title=\"Product-Line-Icons_500x500_0029_icon_pl_die_casting\" src=\"https:\/\/home.quakerhoughton.com\/wp-content\/uploads\/2020\/10\/Product-Line-Icons_500x500_0029_icon_pl_die_casting-150x150.png\" alt class=\"img-responsive wp-image-529147\" srcset=\"https:\/\/home.quakerhoughton.com\/wp-content\/uploads\/2020\/10\/Product-Line-Icons_500x500_0029_icon_pl_die_casting-200x200.png 200w, https:\/\/home.quakerhoughton.com\/wp-content\/uploads\/2020\/10\/Product-Line-Icons_500x500_0029_icon_pl_die_casting-400x400.png 400w, https:\/\/home.quakerhoughton.com\/wp-content\/uploads\/2020\/10\/Product-Line-Icons_500x500_0029_icon_pl_die_casting.png 500w\" sizes=\"(max-width: 1000px) 100vw, 200px\" \/><\/span><\/div><\/div><\/div><div class=\"fusion-clearfix\"><\/div><\/div><\/div><div class=\"fusion-layout-column fusion_builder_column fusion-builder-column-1 fusion_builder_column_5_6 5_6 fusion-five-sixth fusion-column-last\" style=\"--awb-bg-size:cover;--awb-margin-top:20px;width:83.333333333333%;width:calc(83.333333333333% - ( ( 4% ) * 0.83333333333333 ) );\"><div class=\"fusion-column-wrapper fusion-column-has-shadow fusion-flex-column-wrapper-legacy\"><div class=\"fusion-column-content-centered\"><div class=\"fusion-column-content\"><div class=\"fusion-title title fusion-title-1 fusion-title-text fusion-title-size-one IndustryTitle\" style=\"--awb-text-color:#ff7500;--awb-margin-bottom:0px;--awb-margin-top-small:0px;--awb-margin-right-small:0px;--awb-margin-bottom-small:20px;--awb-margin-left-small:0px;--awb-sep-color:rgba(224,222,222,0);--awb-font-size:2.5em;\"><h1 class=\"fusion-title-heading title-heading-left\" style=\"margin:0;font-size:1em;\">Auftragen von Gie\u00dfkolben-Schmierstoffen<\/h1><span class=\"awb-title-spacer\"><\/span><div class=\"title-sep-container\"><div class=\"title-sep sep-double sep-solid\" style=\"border-color:rgba(224,222,222,0);\"><\/div><\/div><\/div><\/div><\/div><div class=\"fusion-clearfix\"><\/div><\/div><\/div><\/div><\/div><div class=\"fusion-fullwidth fullwidth-box fusion-builder-row-2 fusion-parallax-none nonhundred-percent-fullwidth non-hundred-percent-height-scrolling\" style=\"--awb-border-radius-top-left:0px;--awb-border-radius-top-right:0px;--awb-border-radius-bottom-right:0px;--awb-border-radius-bottom-left:0px;--awb-padding-bottom:0px;--awb-margin-bottom:0px;--awb-background-image:url(&quot;https:\/\/home.quakerhoughton.com\/wp-content\/uploads\/2018\/01\/QH_Wave_Wht_Manifesto.png&quot;);--awb-background-size:cover;--awb-flex-wrap:wrap;\" id=\"wave\" ><div class=\"fusion-builder-row fusion-row\"><div class=\"fusion-layout-column fusion_builder_column fusion-builder-column-2 fusion_builder_column_1_1 1_1 fusion-one-full fusion-column-first fusion-column-last\" style=\"--awb-padding-top:100px;--awb-padding-bottom:100px;--awb-bg-size:cover;\"><div class=\"fusion-column-wrapper fusion-flex-column-wrapper-legacy\"><div class=\"fusion-clearfix\"><\/div><\/div><\/div><\/div><\/div><div class=\"fusion-fullwidth fullwidth-box fusion-builder-row-3 nonhundred-percent-fullwidth non-hundred-percent-height-scrolling\" style=\"--awb-border-radius-top-left:0px;--awb-border-radius-top-right:0px;--awb-border-radius-bottom-right:0px;--awb-border-radius-bottom-left:0px;--awb-padding-top:4%;--awb-padding-bottom:2%;--awb-flex-wrap:wrap;\" ><div class=\"fusion-builder-row fusion-row\"><div class=\"fusion-layout-column fusion_builder_column fusion-builder-column-3 fusion_builder_column_2_3 2_3 fusion-two-third fusion-column-first\" style=\"--awb-padding-bottom:2%;--awb-bg-size:cover;width:66.666666666667%;width:calc(66.666666666667% - ( ( 4% ) * 0.66666666666667 ) );margin-right: 4%;\"><div class=\"fusion-column-wrapper fusion-column-has-shadow fusion-flex-column-wrapper-legacy\"><div class=\"fusion-title title fusion-title-2 fusion-sep-none fusion-title-text fusion-title-size-two\" style=\"--awb-margin-bottom:1em;--awb-margin-top-small:0px;--awb-margin-right-small:0px;--awb-margin-bottom-small:20px;--awb-margin-left-small:0px;\"><h2 class=\"fusion-title-heading title-heading-left\" style=\"margin:0;\">Applikationssysteme der Reihe QH FLUIDCAST\u2122<\/h2><\/div><div class=\"fusion-sep-clear\"><\/div><div class=\"fusion-separator fusion-full-width-sep\" style=\"margin-left: auto;margin-right: auto;margin-top:-1.5%;margin-bottom:4%;width:100%;\"><div class=\"fusion-separator-border sep-single sep-solid\" style=\"--awb-height:20px;--awb-amount:20px;--awb-sep-color:#8c8989;border-color:#8c8989;border-top-width:2px;\"><\/div><\/div><div class=\"fusion-sep-clear\"><\/div><div class=\"fusion-text fusion-text-1\"><p>Die Ger\u00e4te unserer Reihe FLUIDCAST\u2122 bieten eine Komplettl\u00f6sung f\u00fcr das Mischen und Auftragen von Gie\u00dfkolben-Schmierstoffen.<\/p>\n<p>QH FLUIDCAST\u2122 PLA 100 ist ein fortschrittliches Applikationssystem f\u00fcr Gie\u00dfkolben-Schmierstoffe mit per SPS gesteuerter Schmierstoffabgabe und Touchscreen-HMI.\u00a0 Es k\u00f6nnen bis zu 10\u00a0l\/h Gie\u00dfkolben-Schmierstoff mit unterschiedlichsten Viskosit\u00e4ten in Tropfenform abgegeben oder verspr\u00fcht werden.<\/p>\n<p>Das System ist kompatibel mit den Schmierstoffen von Quaker Houghton der Reihen V (wasserfrei) und W (wasserbasiert). Die Abgabemenge wird mit einer Mindestgenauigkeit von 0,5\u00a0g pro Schuss gesteuert. Das System kann kalibriert werden, um bei beliebigen Viskosit\u00e4ten eine genaue Mengensteuerung zu erm\u00f6glichen. F\u00fcr gro\u00dfe Gie\u00dfkolben mit einem Durchmesser von mehr als 100\u00a0mm k\u00f6nnen pro Schuss mehrere Dosierungen erfolgen.<\/p>\n<\/div><div class=\"fusion-sep-clear\"><\/div><div class=\"fusion-separator fusion-full-width-sep\" style=\"margin-left: auto;margin-right: auto;margin-top:2.5em;margin-bottom:.5em;width:100%;\"><\/div><div class=\"fusion-sep-clear\"><\/div><div class=\"fusion-sep-clear\"><\/div><div class=\"fusion-separator fusion-full-width-sep\" style=\"margin-left: auto;margin-right: auto;margin-top:2.5em;margin-bottom:.5em;width:100%;\"><\/div><div class=\"fusion-sep-clear\"><\/div><div class=\"fusion-sep-clear\"><\/div><div class=\"fusion-separator fusion-full-width-sep\" style=\"margin-left: auto;margin-right: auto;margin-top:2.5em;margin-bottom:.5em;width:100%;\"><\/div><div class=\"fusion-sep-clear\"><\/div><div class=\"fusion-clearfix\"><\/div><\/div><\/div><div class=\"fusion-layout-column fusion_builder_column fusion-builder-column-4 fusion_builder_column_1_3 1_3 fusion-one-third fusion-column-last\" style=\"--awb-bg-size:cover;width:33.333333333333%;width:calc(33.333333333333% - ( ( 4% ) * 0.33333333333333 ) );\"><div class=\"fusion-column-wrapper fusion-column-has-shadow fusion-flex-column-wrapper-legacy\"><div class=\"fusion-title title fusion-title-3 fusion-sep-none fusion-title-text fusion-title-size-one\" style=\"--awb-margin-top-small:0px;--awb-margin-right-small:0px;--awb-margin-bottom-small:20px;--awb-margin-left-small:0px;\"><h1 class=\"fusion-title-heading title-heading-left\" style=\"margin:0;\"><strong>Produktreihe QH FLUIDCAST\u2122<\/strong><\/h1><\/div>\n<div class=\"table-1\">\n<table>\n<tbody>\n<tr>\n<td width=\"197\">Produkt<\/td>\n<td width=\"356\">Beschreibung<\/td>\n<\/tr>\n<tr>\n<td width=\"197\">QH FLUIDCAST PLA<\/td>\n<td width=\"356\">Standardger\u00e4t f\u00fcr die Dosierung fl\u00fcssiger Schmier- und Trennstoffe<\/td>\n<\/tr>\n<tr>\n<td width=\"197\">QH FLUIDCAST PLA 100<\/td>\n<td width=\"356\">Leistungsf\u00e4higes Applikationssystem f\u00fcr Formtrennstoffe, mit SPS-Steuerung und HMI<\/td>\n<\/tr>\n<tr>\n<td width=\"197\">QH FLUIDCAST BD<\/td>\n<td width=\"356\">Kosteng\u00fcnstiges Applikationssystem f\u00fcr granulierte Gie\u00dfkolben-Schmierstoffe<\/td>\n<\/tr>\n<\/tbody>\n<\/table>\n<\/div>\n<div class=\"fusion-text fusion-text-2\"><p>Wir empfehlen die Verwendung der fl\u00fcssigen Hochleistungs-Schmierstoffe der Reihe PLUNGER SLICK<sup>\u00ae<\/sup>.<\/p>\n<\/div><div class=\"fusion-button-wrapper\"><a class=\"fusion-button button-flat fusion-button-default-size button-custom fusion-button-default button-1 fusion-button-default-span fusion-button-default-type\" style=\"--button_accent_color:#ffffff;--button_accent_hover_color:#ffffff;--button_border_hover_color:#ffffff;--button_gradient_top_color:#ff7500;--button_gradient_bottom_color:#ff7500;--button_gradient_top_color_hover:#002d72;--button_gradient_bottom_color_hover:#002d72;\" target=\"_self\" href=\"#\" data-toggle=\"modal\" data-target=\".fusion-modal.QHContact20\" id=\"contact100\"><span class=\"fusion-button-text awb-button__text awb-button__text--default\">Erfahren Sie mehr<\/span><\/a><\/div><div class=\"fusion-clearfix\"><\/div><\/div><\/div><\/div><\/div><\/p>\n","protected":false},"excerpt":{"rendered":"<p>Die Ger\u00e4te unserer Reihe FLUIDCAST\u2122 bieten eine Komplettl\u00f6sung f\u00fcr das Mischen und Auftragen von Gie\u00dfkolben-Schmierstoffen.<\/p>\n","protected":false},"author":7,"featured_media":0,"parent":550147,"menu_order":0,"comment_status":"closed","ping_status":"closed","template":"100-width.php","meta":{"_acf_changed":false,"_monsterinsights_skip_tracking":false,"_monsterinsights_sitenote_active":false,"_monsterinsights_sitenote_note":"","_monsterinsights_sitenote_category":0,"footnotes":""},"categories":[],"qhls":[],"region":[],"eventispl":[],"avada_template":[],"class_list":["post-550281","page","type-page","status-publish","hentry","product-lines-die-casting-fluids-de"],"acf":[],"yoast_head":"<!-- This site is optimized with the Yoast SEO Premium plugin v26.7 (Yoast SEO v27.2) - https:\/\/yoast.com\/product\/yoast-seo-premium-wordpress\/ -->\n<title>QH FLUIDCAST\u2122 \u2013 Applikationssystem f\u00fcr Gie\u00dfkolben-Schmierstoffe<\/title>\n<meta name=\"description\" content=\"Die Ger\u00e4te unserer Reihe FLUIDCAST\u2122 bieten eine Komplettl\u00f6sung f\u00fcr das Mischen und Auftragen von Gie\u00dfkolben-Schmierstoffen.\" \/>\n<meta name=\"robots\" content=\"index, follow, max-snippet:-1, max-image-preview:large, max-video-preview:-1\" \/>\n<link rel=\"canonical\" href=\"https:\/\/home.quakerhoughton.com\/de\/product-lines\/prozessmedien-schmierstoffe-und-ausruestung-fuer-die-druckgussindustrie\/auftragen-von-giesskolben-schmierstoffen\/\" \/>\n<meta property=\"og:locale\" content=\"de_DE\" \/>\n<meta property=\"og:type\" content=\"article\" \/>\n<meta property=\"og:title\" content=\"Auftragen von Gie\u00dfkolben-Schmierstoffen\" \/>\n<meta property=\"og:description\" content=\"Die Ger\u00e4te unserer Reihe FLUIDCAST\u2122 bieten eine Komplettl\u00f6sung f\u00fcr das Mischen und Auftragen von Gie\u00dfkolben-Schmierstoffen.\" \/>\n<meta property=\"og:url\" content=\"https:\/\/home.quakerhoughton.com\/de\/product-lines\/prozessmedien-schmierstoffe-und-ausruestung-fuer-die-druckgussindustrie\/auftragen-von-giesskolben-schmierstoffen\/\" \/>\n<meta property=\"og:site_name\" content=\"Quaker Houghton\" \/>\n<meta property=\"article:modified_time\" content=\"2023-04-06T14:59:20+00:00\" \/>\n<meta name=\"twitter:card\" content=\"summary_large_image\" \/>\n<script type=\"application\/ld+json\" class=\"yoast-schema-graph\">{\"@context\":\"https:\/\/schema.org\",\"@graph\":[{\"@type\":\"WebPage\",\"@id\":\"https:\/\/home.quakerhoughton.com\/de\/product-lines\/prozessmedien-schmierstoffe-und-ausruestung-fuer-die-druckgussindustrie\/auftragen-von-giesskolben-schmierstoffen\/\",\"url\":\"https:\/\/home.quakerhoughton.com\/de\/product-lines\/prozessmedien-schmierstoffe-und-ausruestung-fuer-die-druckgussindustrie\/auftragen-von-giesskolben-schmierstoffen\/\",\"name\":\"QH FLUIDCAST\u2122 \u2013 Applikationssystem f\u00fcr Gie\u00dfkolben-Schmierstoffe\",\"isPartOf\":{\"@id\":\"https:\/\/home.quakerhoughton.com\/pt-br\/#website\"},\"datePublished\":\"2023-04-06T14:59:09+00:00\",\"dateModified\":\"2023-04-06T14:59:20+00:00\",\"description\":\"Die Ger\u00e4te unserer Reihe FLUIDCAST\u2122 bieten eine Komplettl\u00f6sung f\u00fcr das Mischen und Auftragen von Gie\u00dfkolben-Schmierstoffen.\",\"breadcrumb\":{\"@id\":\"https:\/\/home.quakerhoughton.com\/de\/product-lines\/prozessmedien-schmierstoffe-und-ausruestung-fuer-die-druckgussindustrie\/auftragen-von-giesskolben-schmierstoffen\/#breadcrumb\"},\"inLanguage\":\"de\",\"potentialAction\":[{\"@type\":\"ReadAction\",\"target\":[\"https:\/\/home.quakerhoughton.com\/de\/product-lines\/prozessmedien-schmierstoffe-und-ausruestung-fuer-die-druckgussindustrie\/auftragen-von-giesskolben-schmierstoffen\/\"]}]},{\"@type\":\"BreadcrumbList\",\"@id\":\"https:\/\/home.quakerhoughton.com\/de\/product-lines\/prozessmedien-schmierstoffe-und-ausruestung-fuer-die-druckgussindustrie\/auftragen-von-giesskolben-schmierstoffen\/#breadcrumb\",\"itemListElement\":[{\"@type\":\"ListItem\",\"position\":1,\"name\":\"Home\",\"item\":\"https:\/\/home.quakerhoughton.com\/de\/\"},{\"@type\":\"ListItem\",\"position\":2,\"name\":\"Produktlinien\",\"item\":\"https:\/\/home.quakerhoughton.com\/de\/product-lines\/\"},{\"@type\":\"ListItem\",\"position\":3,\"name\":\"Prozessmedien, Schmierstoffe und Ausr\u00fcstung f\u00fcr die Druckgussindustrie\",\"item\":\"https:\/\/home.quakerhoughton.com\/de\/product-lines\/prozessmedien-schmierstoffe-und-ausruestung-fuer-die-druckgussindustrie\/\"},{\"@type\":\"ListItem\",\"position\":4,\"name\":\"Auftragen von Gie\u00dfkolben-Schmierstoffen\"}]},{\"@type\":\"WebSite\",\"@id\":\"https:\/\/home.quakerhoughton.com\/pt-br\/#website\",\"url\":\"https:\/\/home.quakerhoughton.com\/pt-br\/\",\"name\":\"Quaker Houghton\",\"description\":\"\",\"publisher\":{\"@id\":\"https:\/\/home.quakerhoughton.com\/pt-br\/#organization\"},\"potentialAction\":[{\"@type\":\"SearchAction\",\"target\":{\"@type\":\"EntryPoint\",\"urlTemplate\":\"https:\/\/home.quakerhoughton.com\/pt-br\/?s={search_term_string}\"},\"query-input\":{\"@type\":\"PropertyValueSpecification\",\"valueRequired\":true,\"valueName\":\"search_term_string\"}}],\"inLanguage\":\"de\"},{\"@type\":\"Organization\",\"@id\":\"https:\/\/home.quakerhoughton.com\/pt-br\/#organization\",\"name\":\"Quaker Houghton\",\"url\":\"https:\/\/home.quakerhoughton.com\/pt-br\/\",\"logo\":{\"@type\":\"ImageObject\",\"inLanguage\":\"de\",\"@id\":\"https:\/\/home.quakerhoughton.com\/pt-br\/#\/schema\/logo\/image\/\",\"url\":\"https:\/\/home.quakerhoughton.com\/wp-content\/uploads\/2019\/05\/Website_Shared_link_image.png\",\"contentUrl\":\"https:\/\/home.quakerhoughton.com\/wp-content\/uploads\/2019\/05\/Website_Shared_link_image.png\",\"width\":1200,\"height\":627,\"caption\":\"Quaker Houghton\"},\"image\":{\"@id\":\"https:\/\/home.quakerhoughton.com\/pt-br\/#\/schema\/logo\/image\/\"}}]}<\/script>\n<!-- \/ Yoast SEO Premium plugin. -->","yoast_head_json":{"title":"QH FLUIDCAST\u2122 \u2013 Applikationssystem f\u00fcr Gie\u00dfkolben-Schmierstoffe","description":"Die Ger\u00e4te unserer Reihe FLUIDCAST\u2122 bieten eine Komplettl\u00f6sung f\u00fcr das Mischen und Auftragen von Gie\u00dfkolben-Schmierstoffen.","robots":{"index":"index","follow":"follow","max-snippet":"max-snippet:-1","max-image-preview":"max-image-preview:large","max-video-preview":"max-video-preview:-1"},"canonical":"https:\/\/home.quakerhoughton.com\/de\/product-lines\/prozessmedien-schmierstoffe-und-ausruestung-fuer-die-druckgussindustrie\/auftragen-von-giesskolben-schmierstoffen\/","og_locale":"de_DE","og_type":"article","og_title":"Auftragen von Gie\u00dfkolben-Schmierstoffen","og_description":"Die Ger\u00e4te unserer Reihe FLUIDCAST\u2122 bieten eine Komplettl\u00f6sung f\u00fcr das Mischen und Auftragen von Gie\u00dfkolben-Schmierstoffen.","og_url":"https:\/\/home.quakerhoughton.com\/de\/product-lines\/prozessmedien-schmierstoffe-und-ausruestung-fuer-die-druckgussindustrie\/auftragen-von-giesskolben-schmierstoffen\/","og_site_name":"Quaker Houghton","article_modified_time":"2023-04-06T14:59:20+00:00","twitter_card":"summary_large_image","schema":{"@context":"https:\/\/schema.org","@graph":[{"@type":"WebPage","@id":"https:\/\/home.quakerhoughton.com\/de\/product-lines\/prozessmedien-schmierstoffe-und-ausruestung-fuer-die-druckgussindustrie\/auftragen-von-giesskolben-schmierstoffen\/","url":"https:\/\/home.quakerhoughton.com\/de\/product-lines\/prozessmedien-schmierstoffe-und-ausruestung-fuer-die-druckgussindustrie\/auftragen-von-giesskolben-schmierstoffen\/","name":"QH FLUIDCAST\u2122 \u2013 Applikationssystem f\u00fcr Gie\u00dfkolben-Schmierstoffe","isPartOf":{"@id":"https:\/\/home.quakerhoughton.com\/pt-br\/#website"},"datePublished":"2023-04-06T14:59:09+00:00","dateModified":"2023-04-06T14:59:20+00:00","description":"Die Ger\u00e4te unserer Reihe FLUIDCAST\u2122 bieten eine Komplettl\u00f6sung f\u00fcr das Mischen und Auftragen von Gie\u00dfkolben-Schmierstoffen.","breadcrumb":{"@id":"https:\/\/home.quakerhoughton.com\/de\/product-lines\/prozessmedien-schmierstoffe-und-ausruestung-fuer-die-druckgussindustrie\/auftragen-von-giesskolben-schmierstoffen\/#breadcrumb"},"inLanguage":"de","potentialAction":[{"@type":"ReadAction","target":["https:\/\/home.quakerhoughton.com\/de\/product-lines\/prozessmedien-schmierstoffe-und-ausruestung-fuer-die-druckgussindustrie\/auftragen-von-giesskolben-schmierstoffen\/"]}]},{"@type":"BreadcrumbList","@id":"https:\/\/home.quakerhoughton.com\/de\/product-lines\/prozessmedien-schmierstoffe-und-ausruestung-fuer-die-druckgussindustrie\/auftragen-von-giesskolben-schmierstoffen\/#breadcrumb","itemListElement":[{"@type":"ListItem","position":1,"name":"Home","item":"https:\/\/home.quakerhoughton.com\/de\/"},{"@type":"ListItem","position":2,"name":"Produktlinien","item":"https:\/\/home.quakerhoughton.com\/de\/product-lines\/"},{"@type":"ListItem","position":3,"name":"Prozessmedien, Schmierstoffe und Ausr\u00fcstung f\u00fcr die Druckgussindustrie","item":"https:\/\/home.quakerhoughton.com\/de\/product-lines\/prozessmedien-schmierstoffe-und-ausruestung-fuer-die-druckgussindustrie\/"},{"@type":"ListItem","position":4,"name":"Auftragen von Gie\u00dfkolben-Schmierstoffen"}]},{"@type":"WebSite","@id":"https:\/\/home.quakerhoughton.com\/pt-br\/#website","url":"https:\/\/home.quakerhoughton.com\/pt-br\/","name":"Quaker Houghton","description":"","publisher":{"@id":"https:\/\/home.quakerhoughton.com\/pt-br\/#organization"},"potentialAction":[{"@type":"SearchAction","target":{"@type":"EntryPoint","urlTemplate":"https:\/\/home.quakerhoughton.com\/pt-br\/?s={search_term_string}"},"query-input":{"@type":"PropertyValueSpecification","valueRequired":true,"valueName":"search_term_string"}}],"inLanguage":"de"},{"@type":"Organization","@id":"https:\/\/home.quakerhoughton.com\/pt-br\/#organization","name":"Quaker Houghton","url":"https:\/\/home.quakerhoughton.com\/pt-br\/","logo":{"@type":"ImageObject","inLanguage":"de","@id":"https:\/\/home.quakerhoughton.com\/pt-br\/#\/schema\/logo\/image\/","url":"https:\/\/home.quakerhoughton.com\/wp-content\/uploads\/2019\/05\/Website_Shared_link_image.png","contentUrl":"https:\/\/home.quakerhoughton.com\/wp-content\/uploads\/2019\/05\/Website_Shared_link_image.png","width":1200,"height":627,"caption":"Quaker Houghton"},"image":{"@id":"https:\/\/home.quakerhoughton.com\/pt-br\/#\/schema\/logo\/image\/"}}]}},"_links":{"self":[{"href":"https:\/\/home.quakerhoughton.com\/de\/wp-json\/wp\/v2\/pages\/550281","targetHints":{"allow":["GET"]}}],"collection":[{"href":"https:\/\/home.quakerhoughton.com\/de\/wp-json\/wp\/v2\/pages"}],"about":[{"href":"https:\/\/home.quakerhoughton.com\/de\/wp-json\/wp\/v2\/types\/page"}],"author":[{"embeddable":true,"href":"https:\/\/home.quakerhoughton.com\/de\/wp-json\/wp\/v2\/users\/7"}],"replies":[{"embeddable":true,"href":"https:\/\/home.quakerhoughton.com\/de\/wp-json\/wp\/v2\/comments?post=550281"}],"version-history":[{"count":2,"href":"https:\/\/home.quakerhoughton.com\/de\/wp-json\/wp\/v2\/pages\/550281\/revisions"}],"predecessor-version":[{"id":550290,"href":"https:\/\/home.quakerhoughton.com\/de\/wp-json\/wp\/v2\/pages\/550281\/revisions\/550290"}],"up":[{"embeddable":true,"href":"https:\/\/home.quakerhoughton.com\/de\/wp-json\/wp\/v2\/pages\/550147"}],"wp:attachment":[{"href":"https:\/\/home.quakerhoughton.com\/de\/wp-json\/wp\/v2\/media?parent=550281"}],"wp:term":[{"taxonomy":"category","embeddable":true,"href":"https:\/\/home.quakerhoughton.com\/de\/wp-json\/wp\/v2\/categories?post=550281"},{"taxonomy":"qhls","embeddable":true,"href":"https:\/\/home.quakerhoughton.com\/de\/wp-json\/wp\/v2\/qhls?post=550281"},{"taxonomy":"region","embeddable":true,"href":"https:\/\/home.quakerhoughton.com\/de\/wp-json\/wp\/v2\/region?post=550281"},{"taxonomy":"eventispl","embeddable":true,"href":"https:\/\/home.quakerhoughton.com\/de\/wp-json\/wp\/v2\/eventispl?post=550281"},{"taxonomy":"avada_template","embeddable":true,"href":"https:\/\/home.quakerhoughton.com\/de\/wp-json\/wp\/v2\/avada_template?post=550281"}],"curies":[{"name":"wp","href":"https:\/\/api.w.org\/{rel}","templated":true}]}}