{"id":550103,"date":"2023-04-06T10:44:16","date_gmt":"2023-04-06T14:44:16","guid":{"rendered":"https:\/\/home.quakerhoughton.com\/fluidos-lubricantes-y-equipos-para-procesos-de-fundicion-a-presion\/aplicacion-lubricantes-para-punzones\/"},"modified":"2023-04-06T10:44:23","modified_gmt":"2023-04-06T14:44:23","slug":"aplicacion-lubricantes-para-punzones","status":"publish","type":"page","link":"https:\/\/home.quakerhoughton.com\/es\/product-lines\/fluidos-lubricantes-y-equipos-para-procesos-de-fundicion-a-presion\/aplicacion-lubricantes-para-punzones\/","title":{"rendered":"Aplicaci\u00f3n lubricantes para punzones"},"content":{"rendered":"<p><div class=\"fusion-fullwidth fullwidth-box fusion-builder-row-1 fusion-parallax-none nonhundred-percent-fullwidth non-hundred-percent-height-scrolling fusion-equal-height-columns IndustryTitleBar\" style=\"--awb-background-position:left center;--awb-border-radius-top-left:0px;--awb-border-radius-top-right:0px;--awb-border-radius-bottom-right:0px;--awb-border-radius-bottom-left:0px;--awb-background-image:linear-gradient(90deg, rgba(0,0,0,0.69) 0%,rgba(0,0,0,0) 100%),url(https:\/\/home.quakerhoughton.com\/wp-content\/uploads\/2020\/10\/Product-Line-Header_1920x1080-96dpi_Die-Casting.jpg);;--awb-background-size:cover;--awb-flex-wrap:wrap;\" ><div class=\"fusion-builder-row fusion-row\"><div class=\"fusion-layout-column fusion_builder_column fusion-builder-column-0 fusion_builder_column_1_6 1_6 fusion-one-sixth fusion-column-first IndustryImageColumn\" style=\"--awb-padding-top:0px;--awb-bg-size:cover;--awb-margin-top:20px;width:16.666666666667%;width:calc(16.666666666667% - ( ( 4% ) * 0.16666666666667 ) );margin-right: 4%;\"><div class=\"fusion-column-wrapper fusion-column-has-shadow fusion-flex-column-wrapper-legacy\"><div class=\"fusion-column-content-centered\"><div class=\"fusion-column-content\"><div class=\"fusion-image-element fusion-image-align-left fusion-no-small-visibility fusion-no-medium-visibility in-legacy-container\" style=\"text-align:left;--awb-max-width:90px;--awb-caption-title-font-family:var(--h2_typography-font-family);--awb-caption-title-font-weight:var(--h2_typography-font-weight);--awb-caption-title-font-style:var(--h2_typography-font-style);--awb-caption-title-size:var(--h2_typography-font-size);--awb-caption-title-transform:var(--h2_typography-text-transform);--awb-caption-title-line-height:var(--h2_typography-line-height);--awb-caption-title-letter-spacing:var(--h2_typography-letter-spacing);\"><span class=\" fusion-imageframe imageframe-none imageframe-1 hover-type-none TitleIndustryIcon\" style=\"border-radius:90px;margin-right:25px;float:left;\"><img decoding=\"async\" width=\"150\" height=\"150\" title=\"Product-Line-Icons_500x500_0029_icon_pl_die_casting\" src=\"https:\/\/home.quakerhoughton.com\/wp-content\/uploads\/2020\/10\/Product-Line-Icons_500x500_0029_icon_pl_die_casting-150x150.png\" alt class=\"img-responsive wp-image-529155\" srcset=\"https:\/\/home.quakerhoughton.com\/wp-content\/uploads\/2020\/10\/Product-Line-Icons_500x500_0029_icon_pl_die_casting-200x200.png 200w, https:\/\/home.quakerhoughton.com\/wp-content\/uploads\/2020\/10\/Product-Line-Icons_500x500_0029_icon_pl_die_casting-400x400.png 400w, https:\/\/home.quakerhoughton.com\/wp-content\/uploads\/2020\/10\/Product-Line-Icons_500x500_0029_icon_pl_die_casting.png 500w\" sizes=\"(max-width: 1000px) 100vw, 200px\" \/><\/span><\/div><\/div><\/div><div class=\"fusion-clearfix\"><\/div><\/div><\/div><div class=\"fusion-layout-column fusion_builder_column fusion-builder-column-1 fusion_builder_column_5_6 5_6 fusion-five-sixth fusion-column-last\" style=\"--awb-bg-size:cover;--awb-margin-top:20px;width:83.333333333333%;width:calc(83.333333333333% - ( ( 4% ) * 0.83333333333333 ) );\"><div class=\"fusion-column-wrapper fusion-column-has-shadow fusion-flex-column-wrapper-legacy\"><div class=\"fusion-column-content-centered\"><div class=\"fusion-column-content\"><div class=\"fusion-title title fusion-title-1 fusion-title-text fusion-title-size-one IndustryTitle\" style=\"--awb-text-color:#ff7500;--awb-margin-bottom:0px;--awb-margin-top-small:0px;--awb-margin-right-small:0px;--awb-margin-bottom-small:20px;--awb-margin-left-small:0px;--awb-sep-color:rgba(224,222,222,0);--awb-font-size:2.5em;\"><h1 class=\"fusion-title-heading title-heading-left\" style=\"margin:0;font-size:1em;\">Aplicaci\u00f3n lubricantes para punzones<\/h1><span class=\"awb-title-spacer\"><\/span><div class=\"title-sep-container\"><div class=\"title-sep sep-double sep-solid\" style=\"border-color:rgba(224,222,222,0);\"><\/div><\/div><\/div><\/div><\/div><div class=\"fusion-clearfix\"><\/div><\/div><\/div><\/div><\/div><div class=\"fusion-fullwidth fullwidth-box fusion-builder-row-2 fusion-parallax-none nonhundred-percent-fullwidth non-hundred-percent-height-scrolling\" style=\"--awb-border-radius-top-left:0px;--awb-border-radius-top-right:0px;--awb-border-radius-bottom-right:0px;--awb-border-radius-bottom-left:0px;--awb-padding-bottom:0px;--awb-margin-bottom:0px;--awb-background-image:url(&quot;https:\/\/home.quakerhoughton.com\/wp-content\/uploads\/2018\/01\/QH_Wave_Wht_Manifesto.png&quot;);--awb-background-size:cover;--awb-flex-wrap:wrap;\" id=\"wave\" ><div class=\"fusion-builder-row fusion-row\"><div class=\"fusion-layout-column fusion_builder_column fusion-builder-column-2 fusion_builder_column_1_1 1_1 fusion-one-full fusion-column-first fusion-column-last\" style=\"--awb-padding-top:100px;--awb-padding-bottom:100px;--awb-bg-size:cover;\"><div class=\"fusion-column-wrapper fusion-flex-column-wrapper-legacy\"><div class=\"fusion-clearfix\"><\/div><\/div><\/div><\/div><\/div><div class=\"fusion-fullwidth fullwidth-box fusion-builder-row-3 nonhundred-percent-fullwidth non-hundred-percent-height-scrolling\" style=\"--awb-border-radius-top-left:0px;--awb-border-radius-top-right:0px;--awb-border-radius-bottom-right:0px;--awb-border-radius-bottom-left:0px;--awb-padding-top:4%;--awb-padding-bottom:2%;--awb-flex-wrap:wrap;\" ><div class=\"fusion-builder-row fusion-row\"><div class=\"fusion-layout-column fusion_builder_column fusion-builder-column-3 fusion_builder_column_2_3 2_3 fusion-two-third fusion-column-first\" style=\"--awb-padding-bottom:2%;--awb-bg-size:cover;width:66.666666666667%;width:calc(66.666666666667% - ( ( 4% ) * 0.66666666666667 ) );margin-right: 4%;\"><div class=\"fusion-column-wrapper fusion-column-has-shadow fusion-flex-column-wrapper-legacy\"><div class=\"fusion-title title fusion-title-2 fusion-sep-none fusion-title-text fusion-title-size-two\" style=\"--awb-margin-bottom:1em;--awb-margin-top-small:0px;--awb-margin-right-small:0px;--awb-margin-bottom-small:20px;--awb-margin-left-small:0px;\"><h2 class=\"fusion-title-heading title-heading-left\" style=\"margin:0;\">Sistemas aplicadores\u00a0QH FLUIDCAST\u2122<\/h2><\/div><div class=\"fusion-sep-clear\"><\/div><div class=\"fusion-separator fusion-full-width-sep\" style=\"margin-left: auto;margin-right: auto;margin-top:-1.5%;margin-bottom:4%;width:100%;\"><div class=\"fusion-separator-border sep-single sep-solid\" style=\"--awb-height:20px;--awb-amount:20px;--awb-sep-color:#8c8989;border-color:#8c8989;border-top-width:2px;\"><\/div><\/div><div class=\"fusion-sep-clear\"><\/div><div class=\"fusion-text fusion-text-1\"><p>Con el fin de ofrecer a los clientes una soluci\u00f3n completa de fundici\u00f3n a presi\u00f3n, hemos desarrollado la gama de equipos aplicadores de lubricante para punzones<sup>\u00a0<\/sup>FLUIDCAST\u2122.<\/p>\n<p>QH FLUIDCAST\u2122 PLA 100 es un avanzado aplicador de lubricante de punz\u00f3n, con control PLC del suministro de lubricante, que incorpora una interfaz HMI de pantalla t\u00e1ctil.\u00a0 Los sistemas pueden suministrar hasta 10 litros por hora de lubricante para punzones, ya sea en forma de gotas o de pulverizaci\u00f3n, y pueden utilizarse con una amplia gama de viscosidades de lubricantes.<\/p>\n<p>El sistema es compatible con los lubricantes sin agua de la serie V o con base de agua de la serie W de Quaker Houghton. El volumen de aplicaci\u00f3n del lubricante es controlable con una precisi\u00f3n superior a 0,5\u00a0g por disparo y el sistema puede calibrarse para ofrecer un control preciso del volumen para cualquier lubricante. En el caso de los punzones grandes superiores a 100\u00a0mm de di\u00e1metro el lubricante se puede aplicar m\u00e1s de una vez por disparo.<\/p>\n<\/div><div class=\"fusion-sep-clear\"><\/div><div class=\"fusion-separator fusion-full-width-sep\" style=\"margin-left: auto;margin-right: auto;margin-top:2.5em;margin-bottom:.5em;width:100%;\"><\/div><div class=\"fusion-sep-clear\"><\/div><div class=\"fusion-sep-clear\"><\/div><div class=\"fusion-separator fusion-full-width-sep\" style=\"margin-left: auto;margin-right: auto;margin-top:2.5em;margin-bottom:.5em;width:100%;\"><\/div><div class=\"fusion-sep-clear\"><\/div><div class=\"fusion-sep-clear\"><\/div><div class=\"fusion-separator fusion-full-width-sep\" style=\"margin-left: auto;margin-right: auto;margin-top:2.5em;margin-bottom:.5em;width:100%;\"><\/div><div class=\"fusion-sep-clear\"><\/div><div class=\"fusion-clearfix\"><\/div><\/div><\/div><div class=\"fusion-layout-column fusion_builder_column fusion-builder-column-4 fusion_builder_column_1_3 1_3 fusion-one-third fusion-column-last\" style=\"--awb-bg-size:cover;width:33.333333333333%;width:calc(33.333333333333% - ( ( 4% ) * 0.33333333333333 ) );\"><div class=\"fusion-column-wrapper fusion-column-has-shadow fusion-flex-column-wrapper-legacy\"><div class=\"fusion-title title fusion-title-3 fusion-sep-none fusion-title-text fusion-title-size-one\" style=\"--awb-margin-top-small:0px;--awb-margin-right-small:0px;--awb-margin-bottom-small:20px;--awb-margin-left-small:0px;\"><h1 class=\"fusion-title-heading title-heading-left\" style=\"margin:0;\"><strong>Gama\u00a0QH FLUIDCAST\u2122<\/strong><\/h1><\/div>\n<div class=\"table-1\">\n<table>\n<tbody>\n<tr>\n<td width=\"197\">Producto<\/td>\n<td width=\"356\">Descripci\u00f3n<\/td>\n<\/tr>\n<tr>\n<td width=\"197\">QH FLUIDCAST PLA<\/td>\n<td width=\"356\">Unidad de dispensaci\u00f3n de lubricante l\u00edquido b\u00e1sica<\/td>\n<\/tr>\n<tr>\n<td width=\"197\">QH FLUIDCAST PLA 100<\/td>\n<td width=\"356\">Aplicador de lubricante para troqueles plenamente funcional con control PLC e interfaz HMI<\/td>\n<\/tr>\n<tr>\n<td width=\"197\">QH FLUIDCAST BD<\/td>\n<td width=\"356\">Unidad dispensadora de gotas de lubricante para punzones de bajo coste<\/td>\n<\/tr>\n<\/tbody>\n<\/table>\n<\/div>\n<div class=\"fusion-text fusion-text-2\"><p>Los aplicadores QH FLUIDCAST\u2122 deben utilizarse con la serie PLUNGER SLICK<sup>\u00ae <\/sup>de lubricantes l\u00edquidos de alto rendimiento.<\/p>\n<\/div><div class=\"fusion-button-wrapper\"><a class=\"fusion-button button-flat fusion-button-default-size button-custom fusion-button-default button-1 fusion-button-default-span fusion-button-default-type\" style=\"--button_accent_color:#ffffff;--button_accent_hover_color:#ffffff;--button_border_hover_color:#ffffff;--button_gradient_top_color:#ff7500;--button_gradient_bottom_color:#ff7500;--button_gradient_top_color_hover:#002d72;--button_gradient_bottom_color_hover:#002d72;\" target=\"_self\" href=\"#\" data-toggle=\"modal\" data-target=\".fusion-modal.QHContact20\" id=\"contact100\"><span class=\"fusion-button-text awb-button__text awb-button__text--default\">P\u00f3ngase en contacto con nosotros PARA obtener m\u00e1s informaci\u00f3n<\/span><\/a><\/div><div class=\"fusion-clearfix\"><\/div><\/div><\/div><\/div><\/div><\/p>\n","protected":false},"excerpt":{"rendered":"<p>Con el fin de ofrecer a los clientes una soluci\u00f3n completa de fundici\u00f3n a presi\u00f3n, hemos desarrollado la gama de equipos aplicadores de lubricante para punzones FLUIDCAST\u2122.<\/p>\n","protected":false},"author":7,"featured_media":0,"parent":549949,"menu_order":0,"comment_status":"closed","ping_status":"closed","template":"100-width.php","meta":{"_acf_changed":false,"_monsterinsights_skip_tracking":false,"_monsterinsights_sitenote_active":false,"_monsterinsights_sitenote_note":"","_monsterinsights_sitenote_category":0,"footnotes":""},"categories":[],"qhls":[],"region":[],"eventispl":[],"avada_template":[],"class_list":["post-550103","page","type-page","status-publish","hentry","product-lines-die-casting-fluids-es"],"acf":[],"yoast_head":"<!-- This site is optimized with the Yoast SEO Premium plugin v26.7 (Yoast SEO v27.2) - https:\/\/yoast.com\/product\/yoast-seo-premium-wordpress\/ -->\n<title>QH FLUIDCAST\u2122 - Sistema de aplicaci\u00f3n lubricantes para punzones para fundici\u00f3n a presi\u00f3n<\/title>\n<meta name=\"description\" content=\"Con el fin de ofrecer a los clientes una soluci\u00f3n completa de fundici\u00f3n a presi\u00f3n, hemos desarrollado la gama de equipos aplicadores de lubricante para punzones FLUIDCAST\u2122.\" \/>\n<meta name=\"robots\" content=\"index, follow, max-snippet:-1, max-image-preview:large, max-video-preview:-1\" \/>\n<link rel=\"canonical\" href=\"https:\/\/home.quakerhoughton.com\/es\/product-lines\/fluidos-lubricantes-y-equipos-para-procesos-de-fundicion-a-presion\/aplicacion-lubricantes-para-punzones\/\" \/>\n<meta property=\"og:locale\" content=\"es_ES\" \/>\n<meta property=\"og:type\" content=\"article\" \/>\n<meta property=\"og:title\" content=\"Aplicaci\u00f3n lubricantes para punzones\" \/>\n<meta property=\"og:description\" content=\"Con el fin de ofrecer a los clientes una soluci\u00f3n completa de fundici\u00f3n a presi\u00f3n, hemos desarrollado la gama de equipos aplicadores de lubricante para punzones FLUIDCAST\u2122.\" \/>\n<meta property=\"og:url\" content=\"https:\/\/home.quakerhoughton.com\/es\/product-lines\/fluidos-lubricantes-y-equipos-para-procesos-de-fundicion-a-presion\/aplicacion-lubricantes-para-punzones\/\" \/>\n<meta property=\"og:site_name\" content=\"Quaker Houghton\" \/>\n<meta property=\"article:modified_time\" content=\"2023-04-06T14:44:23+00:00\" \/>\n<meta name=\"twitter:card\" content=\"summary_large_image\" \/>\n<script type=\"application\/ld+json\" class=\"yoast-schema-graph\">{\"@context\":\"https:\/\/schema.org\",\"@graph\":[{\"@type\":\"WebPage\",\"@id\":\"https:\/\/home.quakerhoughton.com\/es\/product-lines\/fluidos-lubricantes-y-equipos-para-procesos-de-fundicion-a-presion\/aplicacion-lubricantes-para-punzones\/\",\"url\":\"https:\/\/home.quakerhoughton.com\/es\/product-lines\/fluidos-lubricantes-y-equipos-para-procesos-de-fundicion-a-presion\/aplicacion-lubricantes-para-punzones\/\",\"name\":\"QH FLUIDCAST\u2122 - Sistema de aplicaci\u00f3n lubricantes para punzones para fundici\u00f3n a presi\u00f3n\",\"isPartOf\":{\"@id\":\"https:\/\/home.quakerhoughton.com\/pt-br\/#website\"},\"datePublished\":\"2023-04-06T14:44:16+00:00\",\"dateModified\":\"2023-04-06T14:44:23+00:00\",\"description\":\"Con el fin de ofrecer a los clientes una soluci\u00f3n completa de fundici\u00f3n a presi\u00f3n, hemos desarrollado la gama de equipos aplicadores de lubricante para punzones FLUIDCAST\u2122.\",\"breadcrumb\":{\"@id\":\"https:\/\/home.quakerhoughton.com\/es\/product-lines\/fluidos-lubricantes-y-equipos-para-procesos-de-fundicion-a-presion\/aplicacion-lubricantes-para-punzones\/#breadcrumb\"},\"inLanguage\":\"es\",\"potentialAction\":[{\"@type\":\"ReadAction\",\"target\":[\"https:\/\/home.quakerhoughton.com\/es\/product-lines\/fluidos-lubricantes-y-equipos-para-procesos-de-fundicion-a-presion\/aplicacion-lubricantes-para-punzones\/\"]}]},{\"@type\":\"BreadcrumbList\",\"@id\":\"https:\/\/home.quakerhoughton.com\/es\/product-lines\/fluidos-lubricantes-y-equipos-para-procesos-de-fundicion-a-presion\/aplicacion-lubricantes-para-punzones\/#breadcrumb\",\"itemListElement\":[{\"@type\":\"ListItem\",\"position\":1,\"name\":\"Home\",\"item\":\"https:\/\/home.quakerhoughton.com\/es\/\"},{\"@type\":\"ListItem\",\"position\":2,\"name\":\"L\u00edneas de productos\",\"item\":\"https:\/\/home.quakerhoughton.com\/es\/product-lines\/\"},{\"@type\":\"ListItem\",\"position\":3,\"name\":\"Fluidos, lubricantes y equipos para procesos de fundici\u00f3n a presi\u00f3n\",\"item\":\"https:\/\/home.quakerhoughton.com\/es\/product-lines\/fluidos-lubricantes-y-equipos-para-procesos-de-fundicion-a-presion\/\"},{\"@type\":\"ListItem\",\"position\":4,\"name\":\"Aplicaci\u00f3n lubricantes para punzones\"}]},{\"@type\":\"WebSite\",\"@id\":\"https:\/\/home.quakerhoughton.com\/pt-br\/#website\",\"url\":\"https:\/\/home.quakerhoughton.com\/pt-br\/\",\"name\":\"Quaker Houghton\",\"description\":\"\",\"publisher\":{\"@id\":\"https:\/\/home.quakerhoughton.com\/pt-br\/#organization\"},\"potentialAction\":[{\"@type\":\"SearchAction\",\"target\":{\"@type\":\"EntryPoint\",\"urlTemplate\":\"https:\/\/home.quakerhoughton.com\/pt-br\/?s={search_term_string}\"},\"query-input\":{\"@type\":\"PropertyValueSpecification\",\"valueRequired\":true,\"valueName\":\"search_term_string\"}}],\"inLanguage\":\"es\"},{\"@type\":\"Organization\",\"@id\":\"https:\/\/home.quakerhoughton.com\/pt-br\/#organization\",\"name\":\"Quaker Houghton\",\"url\":\"https:\/\/home.quakerhoughton.com\/pt-br\/\",\"logo\":{\"@type\":\"ImageObject\",\"inLanguage\":\"es\",\"@id\":\"https:\/\/home.quakerhoughton.com\/pt-br\/#\/schema\/logo\/image\/\",\"url\":\"https:\/\/home.quakerhoughton.com\/wp-content\/uploads\/2019\/05\/Website_Shared_link_image.png\",\"contentUrl\":\"https:\/\/home.quakerhoughton.com\/wp-content\/uploads\/2019\/05\/Website_Shared_link_image.png\",\"width\":1200,\"height\":627,\"caption\":\"Quaker Houghton\"},\"image\":{\"@id\":\"https:\/\/home.quakerhoughton.com\/pt-br\/#\/schema\/logo\/image\/\"}}]}<\/script>\n<!-- \/ Yoast SEO Premium plugin. -->","yoast_head_json":{"title":"QH FLUIDCAST\u2122 - Sistema de aplicaci\u00f3n lubricantes para punzones para fundici\u00f3n a presi\u00f3n","description":"Con el fin de ofrecer a los clientes una soluci\u00f3n completa de fundici\u00f3n a presi\u00f3n, hemos desarrollado la gama de equipos aplicadores de lubricante para punzones FLUIDCAST\u2122.","robots":{"index":"index","follow":"follow","max-snippet":"max-snippet:-1","max-image-preview":"max-image-preview:large","max-video-preview":"max-video-preview:-1"},"canonical":"https:\/\/home.quakerhoughton.com\/es\/product-lines\/fluidos-lubricantes-y-equipos-para-procesos-de-fundicion-a-presion\/aplicacion-lubricantes-para-punzones\/","og_locale":"es_ES","og_type":"article","og_title":"Aplicaci\u00f3n lubricantes para punzones","og_description":"Con el fin de ofrecer a los clientes una soluci\u00f3n completa de fundici\u00f3n a presi\u00f3n, hemos desarrollado la gama de equipos aplicadores de lubricante para punzones FLUIDCAST\u2122.","og_url":"https:\/\/home.quakerhoughton.com\/es\/product-lines\/fluidos-lubricantes-y-equipos-para-procesos-de-fundicion-a-presion\/aplicacion-lubricantes-para-punzones\/","og_site_name":"Quaker Houghton","article_modified_time":"2023-04-06T14:44:23+00:00","twitter_card":"summary_large_image","schema":{"@context":"https:\/\/schema.org","@graph":[{"@type":"WebPage","@id":"https:\/\/home.quakerhoughton.com\/es\/product-lines\/fluidos-lubricantes-y-equipos-para-procesos-de-fundicion-a-presion\/aplicacion-lubricantes-para-punzones\/","url":"https:\/\/home.quakerhoughton.com\/es\/product-lines\/fluidos-lubricantes-y-equipos-para-procesos-de-fundicion-a-presion\/aplicacion-lubricantes-para-punzones\/","name":"QH FLUIDCAST\u2122 - Sistema de aplicaci\u00f3n lubricantes para punzones para fundici\u00f3n a presi\u00f3n","isPartOf":{"@id":"https:\/\/home.quakerhoughton.com\/pt-br\/#website"},"datePublished":"2023-04-06T14:44:16+00:00","dateModified":"2023-04-06T14:44:23+00:00","description":"Con el fin de ofrecer a los clientes una soluci\u00f3n completa de fundici\u00f3n a presi\u00f3n, hemos desarrollado la gama de equipos aplicadores de lubricante para punzones FLUIDCAST\u2122.","breadcrumb":{"@id":"https:\/\/home.quakerhoughton.com\/es\/product-lines\/fluidos-lubricantes-y-equipos-para-procesos-de-fundicion-a-presion\/aplicacion-lubricantes-para-punzones\/#breadcrumb"},"inLanguage":"es","potentialAction":[{"@type":"ReadAction","target":["https:\/\/home.quakerhoughton.com\/es\/product-lines\/fluidos-lubricantes-y-equipos-para-procesos-de-fundicion-a-presion\/aplicacion-lubricantes-para-punzones\/"]}]},{"@type":"BreadcrumbList","@id":"https:\/\/home.quakerhoughton.com\/es\/product-lines\/fluidos-lubricantes-y-equipos-para-procesos-de-fundicion-a-presion\/aplicacion-lubricantes-para-punzones\/#breadcrumb","itemListElement":[{"@type":"ListItem","position":1,"name":"Home","item":"https:\/\/home.quakerhoughton.com\/es\/"},{"@type":"ListItem","position":2,"name":"L\u00edneas de productos","item":"https:\/\/home.quakerhoughton.com\/es\/product-lines\/"},{"@type":"ListItem","position":3,"name":"Fluidos, lubricantes y equipos para procesos de fundici\u00f3n a presi\u00f3n","item":"https:\/\/home.quakerhoughton.com\/es\/product-lines\/fluidos-lubricantes-y-equipos-para-procesos-de-fundicion-a-presion\/"},{"@type":"ListItem","position":4,"name":"Aplicaci\u00f3n lubricantes para punzones"}]},{"@type":"WebSite","@id":"https:\/\/home.quakerhoughton.com\/pt-br\/#website","url":"https:\/\/home.quakerhoughton.com\/pt-br\/","name":"Quaker Houghton","description":"","publisher":{"@id":"https:\/\/home.quakerhoughton.com\/pt-br\/#organization"},"potentialAction":[{"@type":"SearchAction","target":{"@type":"EntryPoint","urlTemplate":"https:\/\/home.quakerhoughton.com\/pt-br\/?s={search_term_string}"},"query-input":{"@type":"PropertyValueSpecification","valueRequired":true,"valueName":"search_term_string"}}],"inLanguage":"es"},{"@type":"Organization","@id":"https:\/\/home.quakerhoughton.com\/pt-br\/#organization","name":"Quaker Houghton","url":"https:\/\/home.quakerhoughton.com\/pt-br\/","logo":{"@type":"ImageObject","inLanguage":"es","@id":"https:\/\/home.quakerhoughton.com\/pt-br\/#\/schema\/logo\/image\/","url":"https:\/\/home.quakerhoughton.com\/wp-content\/uploads\/2019\/05\/Website_Shared_link_image.png","contentUrl":"https:\/\/home.quakerhoughton.com\/wp-content\/uploads\/2019\/05\/Website_Shared_link_image.png","width":1200,"height":627,"caption":"Quaker Houghton"},"image":{"@id":"https:\/\/home.quakerhoughton.com\/pt-br\/#\/schema\/logo\/image\/"}}]}},"_links":{"self":[{"href":"https:\/\/home.quakerhoughton.com\/es\/wp-json\/wp\/v2\/pages\/550103","targetHints":{"allow":["GET"]}}],"collection":[{"href":"https:\/\/home.quakerhoughton.com\/es\/wp-json\/wp\/v2\/pages"}],"about":[{"href":"https:\/\/home.quakerhoughton.com\/es\/wp-json\/wp\/v2\/types\/page"}],"author":[{"embeddable":true,"href":"https:\/\/home.quakerhoughton.com\/es\/wp-json\/wp\/v2\/users\/7"}],"replies":[{"embeddable":true,"href":"https:\/\/home.quakerhoughton.com\/es\/wp-json\/wp\/v2\/comments?post=550103"}],"version-history":[{"count":2,"href":"https:\/\/home.quakerhoughton.com\/es\/wp-json\/wp\/v2\/pages\/550103\/revisions"}],"predecessor-version":[{"id":550109,"href":"https:\/\/home.quakerhoughton.com\/es\/wp-json\/wp\/v2\/pages\/550103\/revisions\/550109"}],"up":[{"embeddable":true,"href":"https:\/\/home.quakerhoughton.com\/es\/wp-json\/wp\/v2\/pages\/549949"}],"wp:attachment":[{"href":"https:\/\/home.quakerhoughton.com\/es\/wp-json\/wp\/v2\/media?parent=550103"}],"wp:term":[{"taxonomy":"category","embeddable":true,"href":"https:\/\/home.quakerhoughton.com\/es\/wp-json\/wp\/v2\/categories?post=550103"},{"taxonomy":"qhls","embeddable":true,"href":"https:\/\/home.quakerhoughton.com\/es\/wp-json\/wp\/v2\/qhls?post=550103"},{"taxonomy":"region","embeddable":true,"href":"https:\/\/home.quakerhoughton.com\/es\/wp-json\/wp\/v2\/region?post=550103"},{"taxonomy":"eventispl","embeddable":true,"href":"https:\/\/home.quakerhoughton.com\/es\/wp-json\/wp\/v2\/eventispl?post=550103"},{"taxonomy":"avada_template","embeddable":true,"href":"https:\/\/home.quakerhoughton.com\/es\/wp-json\/wp\/v2\/avada_template?post=550103"}],"curies":[{"name":"wp","href":"https:\/\/api.w.org\/{rel}","templated":true}]}}