{"id":3761,"date":"2018-03-27T18:02:48","date_gmt":"2018-03-27T18:02:48","guid":{"rendered":"https:\/\/home.quakerhoughton.com\/actualites-evenements-quaker-houghton\/"},"modified":"2019-07-19T20:26:26","modified_gmt":"2019-07-19T20:26:26","slug":"actualites-evenements-quaker-houghton","status":"publish","type":"page","link":"https:\/\/home.quakerhoughton.com\/fr\/actualites-evenements-quaker-houghton\/","title":{"rendered":"Actualit\u00e9s &#038; \u00e9v\u00e9nements Quaker Houghton"},"content":{"rendered":"<p><div class=\"fusion-fullwidth fullwidth-box fusion-builder-row-1 fusion-parallax-none nonhundred-percent-fullwidth non-hundred-percent-height-scrolling\" style=\"--awb-border-radius-top-left:0px;--awb-border-radius-top-right:0px;--awb-border-radius-bottom-right:0px;--awb-border-radius-bottom-left:0px;--awb-background-image:url(&quot;https:\/\/home.quakerhoughton.com\/wp-content\/uploads\/2017\/12\/Metal_Ribbed_wave_unsplash-293362-BLUE_web_rotated.jpg&quot;);--awb-background-size:cover;--awb-flex-wrap:wrap;\" ><div class=\"fusion-builder-row fusion-row\"><div class=\"fusion-layout-column fusion_builder_column fusion-builder-column-0 fusion_builder_column_1_1 1_1 fusion-one-full fusion-column-first fusion-column-last\" style=\"--awb-padding-top:110px;--awb-padding-bottom:70px;--awb-bg-size:cover;\"><div class=\"fusion-column-wrapper fusion-flex-column-wrapper-legacy\"><div class=\"fusion-column-content-centered\"><div class=\"fusion-column-content\"><div class=\"fusion-title title fusion-title-1 fusion-sep-none fusion-title-text fusion-title-size-one\" style=\"--awb-margin-top-small:0px;--awb-margin-right-small:0px;--awb-margin-bottom-small:20px;--awb-margin-left-small:0px;\"><h1 class=\"fusion-title-heading title-heading-left\" style=\"margin:0;\"><span style=\"color: #fff; font-size: 45px; text-shadow: 2px 1px black;\">Actualit\u00e9s &amp; \u00e9v\u00e9nements<\/span><\/h1><\/div><\/div><\/div><div class=\"fusion-clearfix\"><\/div><\/div><\/div><\/div><\/div><div class=\"fusion-fullwidth fullwidth-box fusion-builder-row-2 fusion-parallax-none nonhundred-percent-fullwidth non-hundred-percent-height-scrolling\" style=\"--awb-border-radius-top-left:0px;--awb-border-radius-top-right:0px;--awb-border-radius-bottom-right:0px;--awb-border-radius-bottom-left:0px;--awb-background-image:url(&quot;https:\/\/home.quakerhoughton.com\/wp-content\/uploads\/2018\/01\/QH_Wave_Wht_Manifesto.png&quot;);--awb-background-size:cover;--awb-flex-wrap:wrap;\" id=\"wave\" ><div class=\"fusion-builder-row fusion-row\"><div class=\"fusion-layout-column fusion_builder_column fusion-builder-column-1 fusion_builder_column_1_1 1_1 fusion-one-full fusion-column-first fusion-column-last\" style=\"--awb-padding-top:100px;--awb-padding-bottom:100px;--awb-bg-size:cover;\"><div class=\"fusion-column-wrapper fusion-flex-column-wrapper-legacy\"><style>\n@media screen and (max-width: 800px){\n#wave {\nmargin-right: -1000px !important;\n}\n}\n\n#wave {\nmargin-top: -200px;\nmargin-right: -1300px;\nbackground-size: 1920px !important;\n}\n\n\n<\/style><div class=\"fusion-clearfix\"><\/div><\/div><\/div><\/div><\/div><div class=\"fusion-fullwidth fullwidth-box fusion-builder-row-3 nonhundred-percent-fullwidth non-hundred-percent-height-scrolling\" style=\"--awb-border-radius-top-left:0px;--awb-border-radius-top-right:0px;--awb-border-radius-bottom-right:0px;--awb-border-radius-bottom-left:0px;--awb-padding-top:70px;--awb-padding-bottom:50px;--awb-margin-top:-20px;--awb-background-color:#fcfcfc;--awb-flex-wrap:wrap;\" id=\"content_box\" ><div class=\"fusion-builder-row fusion-row\"><div class=\"fusion-layout-column fusion_builder_column fusion-builder-column-2 fusion_builder_column_1_1 1_1 fusion-one-full fusion-column-first fusion-column-last\" style=\"--awb-padding-top:25px;--awb-bg-size:cover;\"><div class=\"fusion-column-wrapper fusion-flex-column-wrapper-legacy\"><div class=\"fusion-text fusion-text-1\"><p><span style=\"color: #002d71;\">Parcourez nos derni\u00e8res nouvelles et nos prochains \u00e9v\u00e9nements.<\/span><\/p>\n<\/div><div class=\"fusion-blog-shortcode fusion-blog-shortcode-1 fusion-blog-archive fusion-blog-layout-grid-wrapper fusion-blog-pagination\" style=\"--grid_separator_color:rgba(224,222,222,0);\"><style type=\"text\/css\">.fusion-blog-shortcode-1 .fusion-blog-layout-grid .fusion-post-grid{padding:10px;}.fusion-blog-shortcode-1 .fusion-posts-container{margin-left: -10px !important; margin-right:-10px !important;}<\/style><div class=\"fusion-posts-container fusion-posts-container-pagination fusion-no-meta-info fusion-blog-layout-grid fusion-blog-layout-grid-4 isotope fusion-blog-equal-heights\" data-pages=\"7\" data-grid-col-space=\"20\" style=\"margin: -10px -10px 0;min-height:500px;\"><article id=\"blog-1-post-546502\" class=\"fusion-post-grid post-546502 post type-post status-publish format-standard hentry category-actualites category-front-page-news-fr type-news-fr\">\n<div class=\"fusion-post-wrapper\" style=\"background-color:rgba(255,255,255,0);border:1px solid #ebeaea;border-bottom-width:3px;\">\n\n<div class=\"fusion-post-content-wrapper\" style=\"padding:30px 25px 20px 25px;\"><div class=\"fusion-post-content post-content\"><h2 class=\"blog-shortcode-post-title entry-title\"><a href=\"https:\/\/home.quakerhoughton.com\/fr\/quaker-houghton-to-attend-international-mining-machinery-exhibition\/\">Quaker Houghton to Attend International Mining &#038; Machinery Exhibition<\/a><\/h2><\/div><\/div><div class=\"fusion-clearfix\"><\/div><\/div>\n<\/article>\n<article id=\"blog-1-post-545997\" class=\"fusion-post-grid post-545997 post type-post status-publish format-standard has-post-thumbnail hentry category-non-classifiee tradeshow_docs-ankiros22\">\n<div class=\"fusion-post-wrapper\" style=\"background-color:rgba(255,255,255,0);border:1px solid #ebeaea;border-bottom-width:3px;\">\n\n\t\t\t<div class=\"fusion-flexslider flexslider fusion-flexslider-loading fusion-post-slideshow\" style=\"border-color:#ebeaea;\">\n\t\t<ul class=\"slides\">\n\t\t\t\n\t\t\t\t\t\t\t\t\t\t\t\t\t\t<li><div  class=\"fusion-image-wrapper\" aria-haspopup=\"true\">\n\t\t\t\t\t\t\t<a href=\"https:\/\/home.quakerhoughton.com\/fr\/basincli-dokum-urun-grubu\/\" aria-label=\"BASIN\u00c7LI D\u00d6K\u00dcM \u00dcR\u00dcN GRUBU\">\n\t\t\t\t\t\t\t<img decoding=\"async\" width=\"883\" height=\"637\" src=\"https:\/\/home.quakerhoughton.com\/wp-content\/uploads\/2022\/09\/plc_die_casting_extended_A4_TR_print-pdf-image.jpg\" class=\"attachment-full size-full wp-post-image\" alt=\"\" srcset=\"https:\/\/home.quakerhoughton.com\/wp-content\/uploads\/2022\/09\/plc_die_casting_extended_A4_TR_print-pdf-image-200x144.jpg 200w, https:\/\/home.quakerhoughton.com\/wp-content\/uploads\/2022\/09\/plc_die_casting_extended_A4_TR_print-pdf-image-400x289.jpg 400w, https:\/\/home.quakerhoughton.com\/wp-content\/uploads\/2022\/09\/plc_die_casting_extended_A4_TR_print-pdf-image-600x433.jpg 600w, https:\/\/home.quakerhoughton.com\/wp-content\/uploads\/2022\/09\/plc_die_casting_extended_A4_TR_print-pdf-image-800x577.jpg 800w, https:\/\/home.quakerhoughton.com\/wp-content\/uploads\/2022\/09\/plc_die_casting_extended_A4_TR_print-pdf-image.jpg 883w\" sizes=\"(min-width: 2200px) 100vw, (min-width: 856px) 260px, (min-width: 784px) 347px, (min-width: 712px) 520px, (min-width: 640px) 712px, \" \/>\t\t\t<\/a>\n\t\t\t\t\t\t\t<\/div>\n<\/li>\n\t\t\t\n\t\t\t\n\t\t\t\t\t\t\t\t\t\t\t\t\t\t\t\t\t\t\t\t\t\t\t\t\t\t\t\t\t\t\t\t\t\t\t\t\t\t\t\t\t\t\t\t\t\t\t\t\t\t\t\t\t\t\t\t\t\t\t\t\t\t\t\t\t\t\t\t<\/ul>\n\t<\/div>\n\t<div class=\"fusion-post-content-wrapper\" style=\"padding:30px 25px 20px 25px;\"><div class=\"fusion-post-content post-content\"><h2 class=\"blog-shortcode-post-title entry-title\"><a href=\"https:\/\/home.quakerhoughton.com\/fr\/basincli-dokum-urun-grubu\/\">BASIN\u00c7LI D\u00d6K\u00dcM \u00dcR\u00dcN GRUBU<\/a><\/h2><\/div><\/div><div class=\"fusion-clearfix\"><\/div><\/div>\n<\/article>\n<article id=\"blog-1-post-546535\" class=\"fusion-post-grid post-546535 post type-post status-publish format-standard hentry category-actualites category-front-page-news-fr\">\n<div class=\"fusion-post-wrapper\" style=\"background-color:rgba(255,255,255,0);border:1px solid #ebeaea;border-bottom-width:3px;\">\n\n<div class=\"fusion-post-content-wrapper\" style=\"padding:30px 25px 20px 25px;\"><div class=\"fusion-post-content post-content\"><h2 class=\"blog-shortcode-post-title entry-title\"><a href=\"https:\/\/home.quakerhoughton.com\/fr\/skf-and-quaker-houghton-enter-collaboration-to-deliver-circular-use-of-oil\/\">SKF and Quaker Houghton enter collaboration to deliver circular use of oil<\/a><\/h2><\/div><\/div><div class=\"fusion-clearfix\"><\/div><\/div>\n<\/article>\n<article id=\"blog-1-post-529755\" class=\"fusion-post-grid post-529755 post type-post status-publish format-standard has-post-thumbnail hentry category-actualites category-front-page-news-fr\">\n<div class=\"fusion-post-wrapper\" style=\"background-color:rgba(255,255,255,0);border:1px solid #ebeaea;border-bottom-width:3px;\">\n\n\t\t\t<div class=\"fusion-flexslider flexslider fusion-flexslider-loading fusion-post-slideshow\" style=\"border-color:#ebeaea;\">\n\t\t<ul class=\"slides\">\n\t\t\t\n\t\t\t\t\t\t\t\t\t\t\t\t\t\t<li><div  class=\"fusion-image-wrapper\" aria-haspopup=\"true\">\n\t\t\t\t\t\t\t<a href=\"https:\/\/home.quakerhoughton.com\/fr\/general-motors-india-awards-quaker-houghton-fluidcare-team\/\" aria-label=\"General Motors India Awards Quaker Houghton FLUIDCARE\u2122 Team\">\n\t\t\t\t\t\t\t<img decoding=\"async\" width=\"400\" height=\"225\" src=\"https:\/\/home.quakerhoughton.com\/wp-content\/uploads\/2019\/08\/logo_qh_400x225.jpg\" class=\"attachment-full size-full wp-post-image\" alt=\"quaker houghton logo 440x225\" srcset=\"https:\/\/home.quakerhoughton.com\/wp-content\/uploads\/2019\/08\/logo_qh_400x225-200x113.jpg 200w, https:\/\/home.quakerhoughton.com\/wp-content\/uploads\/2019\/08\/logo_qh_400x225.jpg 400w\" sizes=\"(min-width: 2200px) 100vw, (min-width: 856px) 260px, (min-width: 784px) 347px, (min-width: 712px) 520px, (min-width: 640px) 712px, \" \/>\t\t\t<\/a>\n\t\t\t\t\t\t\t<\/div>\n<\/li>\n\t\t\t\n\t\t\t\n\t\t\t\t\t\t\t\t\t\t\t\t\t\t\t\t\t\t\t\t\t\t\t\t\t\t\t\t\t\t\t\t\t\t\t\t\t\t\t\t\t\t\t\t\t\t\t\t\t\t\t\t\t\t\t\t\t\t\t\t\t\t\t\t\t\t\t\t<\/ul>\n\t<\/div>\n\t<div class=\"fusion-post-content-wrapper\" style=\"padding:30px 25px 20px 25px;\"><div class=\"fusion-post-content post-content\"><h2 class=\"blog-shortcode-post-title entry-title\"><a href=\"https:\/\/home.quakerhoughton.com\/fr\/general-motors-india-awards-quaker-houghton-fluidcare-team\/\">General Motors India Awards Quaker Houghton FLUIDCARE\u2122 Team<\/a><\/h2><\/div><\/div><div class=\"fusion-clearfix\"><\/div><\/div>\n<\/article>\n<div class=\"fusion-clearfix\"><\/div><\/div><div class=\"pagination clearfix\"><span class=\"current\">1<\/span><a href=\"https:\/\/home.quakerhoughton.com\/fr\/wp-json\/wp\/v2\/pages\/3761\/page\/2\/\" class=\"inactive\">2<\/a><a class=\"pagination-next\" rel=\"next\" href=\"https:\/\/home.quakerhoughton.com\/fr\/wp-json\/wp\/v2\/pages\/3761\/page\/2\/\"><span class=\"page-text\">Suivant<\/span><span class=\"page-next\"><\/span><\/a><\/div><div class=\"fusion-clearfix\"><\/div><\/div><div class=\"fusion-text fusion-text-2\"><pre id=\"tw-target-text\" class=\"tw-data-text tw-ta tw-text-medium\" dir=\"ltr\" data-placeholder=\"Translation\"><span lang=\"fr\" style=\"color: #002d71;font-family: 'SharpSansDispNo2-Medium';\" tabindex=\"0\">Parcourez nos derniers \u00e9v\u00e9nements:<\/span><\/pre>\n<\/div><style>\n\n#content_box > div > div > div > div.fusion-blog-shortcode.fusion-blog-shortcode-1.fusion-blog-archive.fusion-blog-layout-grid-wrapper.fusion-blog-pagination > div.pagination.clearfix > span.current {\nbackground: #ff7500;\n}\n\n\n#content_box > div > div > div > div.fusion-blog-shortcode.fusion-blog-shortcode-1.fusion-blog-archive.fusion-blog-layout-grid-wrapper.fusion-blog-pagination > div.pagination.clearfix > a.inactive {\nbackground: #002d71;\n}\n\n#content_box > div > div > div > div.fusion-blog-shortcode.fusion-blog-shortcode-1.fusion-blog-archive.fusion-blog-layout-grid-wrapper.fusion-blog-pagination > div.pagination.clearfix > a.pagination-next {\ncolor: #002d71 !important;\n}\n\n\ndiv.fusion-flexslider.flexslider.fusion-post-slideshow {\nborder: none !important;\n}\n\n\n.fusion-single-line-meta {\ncolor:white;\n}\n\n\n#content_box a {\ncolor: white !important;\n}\n\n\/*\n#content_box a:hover {\ncolor: white !important;\ntext-decoration: underline;\n}*\/\n\n.fusion-post-wrapper {\nbackground-color: #002d71 !important;\n    transition: all .2s ease-out !important;\n   \/* border-bottom: 8px solid #333333 !important;*\/\n    min-height: 325px;\n    border: 2px solid #002d71 !important; \n    }\n    \n.fusion-post-wrapper:hover {\nbackground-color: #ff7500 !important;\nmargin-top: -3px;\n    box-shadow: 4px 4px 8px;\n    border: 2px solid #ff7500 !important; \n}\n\n.fusion-content-sep {\ndisplay:none;\n}\n\ndiv.fusion-post-content.post-content > h2 > a {\n\/*text-decoration: underline;*\/\n}\n\n<\/style><div class=\"fusion-clearfix\"><\/div><\/div><\/div><\/div><\/div><div class=\"fusion-fullwidth fullwidth-box fusion-builder-row-4 nonhundred-percent-fullwidth non-hundred-percent-height-scrolling\" style=\"--awb-border-radius-top-left:0px;--awb-border-radius-top-right:0px;--awb-border-radius-bottom-right:0px;--awb-border-radius-bottom-left:0px;--awb-flex-wrap:wrap;\" ><div class=\"fusion-builder-row fusion-row\"><div class=\"fusion-layout-column fusion_builder_column fusion-builder-column-3 fusion_builder_column_1_1 1_1 fusion-one-full fusion-column-first fusion-column-last\" style=\"--awb-bg-size:cover;\"><div class=\"fusion-column-wrapper fusion-flex-column-wrapper-legacy\"><div class=\"fusion-text fusion-text-3\"><p><span style=\"color: #002d71;\">Pour les actualit\u00e9s et les informations sp\u00e9cifiques aux entreprises, produits ou \u00e9v\u00e9nements de Quaker Chemical ou de Houghton International, suivez ces liens:<\/span><\/p>\n<\/div><div class=\"fusion-text fusion-text-4\"><div class=\"fusion-button-wrapper\"><a class=\"fusion-button button-flat fusion-button-default-size button-custom fusion-button-default button-1 fusion-button-default-span fusion-button-default-type\" style=\"--button_bevel_color:#002d71;--button_accent_color:#002d71;--button_accent_hover_color:#ff7500;--button_border_hover_color:#ff7500;--button_border_width-top:2px;--button_border_width-right:2px;--button_border_width-bottom:2px;--button_border_width-left:2px;--button_gradient_top_color:rgba(0,45,113,0);--button_gradient_bottom_color:rgba(0,45,113,0);--button_gradient_top_color_hover:rgba(255,117,0,0);--button_gradient_bottom_color_hover:rgba(255,117,0,0);\" target=\"_blank\" rel=\"noopener noreferrer\" href=\"https:\/\/www.quakerchem.com\/news-and-events\/\" id=\"newsButtons\"><span class=\"fusion-button-text awb-button__text awb-button__text--default\">Quaker Actualit\u00e9s<\/span><\/a><\/div>\n<div class=\"button_contact_h\"><div class=\"fusion-button-wrapper\"><a class=\"fusion-button button-flat fusion-button-default-size button-custom fusion-button-default button-2 fusion-button-default-span fusion-button-default-type\" style=\"--button_bevel_color:#002d71;--button_accent_color:#002d71;--button_accent_hover_color:#ff7500;--button_border_hover_color:#ff7500;--button_border_width-top:2px;--button_border_width-right:2px;--button_border_width-bottom:2px;--button_border_width-left:2px;--button_gradient_top_color:rgba(0,45,113,0);--button_gradient_bottom_color:rgba(0,45,113,0);--button_gradient_top_color_hover:rgba(255,117,0,0);--button_gradient_bottom_color_hover:rgba(255,117,0,0);\" target=\"_blank\" rel=\"noopener noreferrer\" href=\"https:\/\/www.houghtonintl.com\/en\/news-and-events\" id=\"newsButtons\"><span class=\"fusion-button-text awb-button__text awb-button__text--default\">Houghton Actualit\u00e9s<\/span><\/a><\/div><\/div>\n<\/div><style>\n.button_contact_h {\npadding-top:15px !important;\n}\n\n\n.fusion-button.button-1 {\n    width: 190px;\n}\n<\/style><div class=\"fusion-clearfix\"><\/div><\/div><\/div><\/div><\/div><\/p>\n","protected":false},"excerpt":{"rendered":"","protected":false},"author":1,"featured_media":0,"parent":0,"menu_order":0,"comment_status":"closed","ping_status":"closed","template":"100-width.php","meta":{"_acf_changed":false,"_monsterinsights_skip_tracking":false,"_monsterinsights_sitenote_active":false,"_monsterinsights_sitenote_note":"","_monsterinsights_sitenote_category":0,"footnotes":""},"categories":[],"qhls":[],"region":[],"eventispl":[],"avada_template":[],"class_list":["post-3761","page","type-page","status-publish","hentry"],"acf":[],"yoast_head":"<!-- This site is optimized with the Yoast SEO Premium plugin v26.7 (Yoast SEO v27.2) - https:\/\/yoast.com\/product\/yoast-seo-premium-wordpress\/ -->\n<title>Actualit\u00e9s &amp; \u00e9v\u00e9nements Quaker Houghton - Quaker Houghton<\/title>\n<meta name=\"description\" content=\"Parcourez nos derni\u00e8res nouvelles et nos prochains \u00e9v\u00e9nements.\" \/>\n<meta name=\"robots\" content=\"noindex, nofollow\" \/>\n<meta property=\"og:locale\" content=\"fr_FR\" \/>\n<meta property=\"og:type\" content=\"article\" \/>\n<meta property=\"og:title\" content=\"Actualit\u00e9s &amp; \u00e9v\u00e9nements Quaker Houghton\" \/>\n<meta property=\"og:description\" content=\"Parcourez nos derni\u00e8res nouvelles et nos prochains \u00e9v\u00e9nements.\" \/>\n<meta property=\"og:url\" content=\"https:\/\/home.quakerhoughton.com\/fr\/actualites-evenements-quaker-houghton\/\" \/>\n<meta property=\"og:site_name\" content=\"Quaker Houghton\" \/>\n<meta property=\"article:modified_time\" content=\"2019-07-19T20:26:26+00:00\" \/>\n<meta name=\"twitter:card\" content=\"summary_large_image\" \/>\n<script type=\"application\/ld+json\" class=\"yoast-schema-graph\">{\"@context\":\"https:\/\/schema.org\",\"@graph\":[{\"@type\":\"WebPage\",\"@id\":\"https:\/\/home.quakerhoughton.com\/fr\/actualites-evenements-quaker-houghton\/\",\"url\":\"https:\/\/home.quakerhoughton.com\/fr\/actualites-evenements-quaker-houghton\/\",\"name\":\"Actualit\u00e9s & \u00e9v\u00e9nements Quaker Houghton - Quaker Houghton\",\"isPartOf\":{\"@id\":\"https:\/\/home.quakerhoughton.com\/pt-br\/#website\"},\"datePublished\":\"2018-03-27T18:02:48+00:00\",\"dateModified\":\"2019-07-19T20:26:26+00:00\",\"description\":\"Parcourez nos derni\u00e8res nouvelles et nos prochains \u00e9v\u00e9nements.\",\"breadcrumb\":{\"@id\":\"https:\/\/home.quakerhoughton.com\/fr\/actualites-evenements-quaker-houghton\/#breadcrumb\"},\"inLanguage\":\"fr-FR\",\"potentialAction\":[{\"@type\":\"ReadAction\",\"target\":[\"https:\/\/home.quakerhoughton.com\/fr\/actualites-evenements-quaker-houghton\/\"]}]},{\"@type\":\"BreadcrumbList\",\"@id\":\"https:\/\/home.quakerhoughton.com\/fr\/actualites-evenements-quaker-houghton\/#breadcrumb\",\"itemListElement\":[{\"@type\":\"ListItem\",\"position\":1,\"name\":\"Home\",\"item\":\"https:\/\/home.quakerhoughton.com\/fr\/\"},{\"@type\":\"ListItem\",\"position\":2,\"name\":\"Actualit\u00e9s &#038; \u00e9v\u00e9nements Quaker Houghton\"}]},{\"@type\":\"WebSite\",\"@id\":\"https:\/\/home.quakerhoughton.com\/pt-br\/#website\",\"url\":\"https:\/\/home.quakerhoughton.com\/pt-br\/\",\"name\":\"Quaker Houghton\",\"description\":\"\",\"publisher\":{\"@id\":\"https:\/\/home.quakerhoughton.com\/pt-br\/#organization\"},\"potentialAction\":[{\"@type\":\"SearchAction\",\"target\":{\"@type\":\"EntryPoint\",\"urlTemplate\":\"https:\/\/home.quakerhoughton.com\/pt-br\/?s={search_term_string}\"},\"query-input\":{\"@type\":\"PropertyValueSpecification\",\"valueRequired\":true,\"valueName\":\"search_term_string\"}}],\"inLanguage\":\"fr-FR\"},{\"@type\":\"Organization\",\"@id\":\"https:\/\/home.quakerhoughton.com\/pt-br\/#organization\",\"name\":\"Quaker Houghton\",\"url\":\"https:\/\/home.quakerhoughton.com\/pt-br\/\",\"logo\":{\"@type\":\"ImageObject\",\"inLanguage\":\"fr-FR\",\"@id\":\"https:\/\/home.quakerhoughton.com\/pt-br\/#\/schema\/logo\/image\/\",\"url\":\"https:\/\/home.quakerhoughton.com\/wp-content\/uploads\/2019\/05\/Website_Shared_link_image.png\",\"contentUrl\":\"https:\/\/home.quakerhoughton.com\/wp-content\/uploads\/2019\/05\/Website_Shared_link_image.png\",\"width\":1200,\"height\":627,\"caption\":\"Quaker Houghton\"},\"image\":{\"@id\":\"https:\/\/home.quakerhoughton.com\/pt-br\/#\/schema\/logo\/image\/\"}}]}<\/script>\n<!-- \/ Yoast SEO Premium plugin. -->","yoast_head_json":{"title":"Actualit\u00e9s & \u00e9v\u00e9nements Quaker Houghton - Quaker Houghton","description":"Parcourez nos derni\u00e8res nouvelles et nos prochains \u00e9v\u00e9nements.","robots":{"index":"noindex","follow":"nofollow"},"og_locale":"fr_FR","og_type":"article","og_title":"Actualit\u00e9s & \u00e9v\u00e9nements Quaker Houghton","og_description":"Parcourez nos derni\u00e8res nouvelles et nos prochains \u00e9v\u00e9nements.","og_url":"https:\/\/home.quakerhoughton.com\/fr\/actualites-evenements-quaker-houghton\/","og_site_name":"Quaker Houghton","article_modified_time":"2019-07-19T20:26:26+00:00","twitter_card":"summary_large_image","schema":{"@context":"https:\/\/schema.org","@graph":[{"@type":"WebPage","@id":"https:\/\/home.quakerhoughton.com\/fr\/actualites-evenements-quaker-houghton\/","url":"https:\/\/home.quakerhoughton.com\/fr\/actualites-evenements-quaker-houghton\/","name":"Actualit\u00e9s & \u00e9v\u00e9nements Quaker Houghton - Quaker Houghton","isPartOf":{"@id":"https:\/\/home.quakerhoughton.com\/pt-br\/#website"},"datePublished":"2018-03-27T18:02:48+00:00","dateModified":"2019-07-19T20:26:26+00:00","description":"Parcourez nos derni\u00e8res nouvelles et nos prochains \u00e9v\u00e9nements.","breadcrumb":{"@id":"https:\/\/home.quakerhoughton.com\/fr\/actualites-evenements-quaker-houghton\/#breadcrumb"},"inLanguage":"fr-FR","potentialAction":[{"@type":"ReadAction","target":["https:\/\/home.quakerhoughton.com\/fr\/actualites-evenements-quaker-houghton\/"]}]},{"@type":"BreadcrumbList","@id":"https:\/\/home.quakerhoughton.com\/fr\/actualites-evenements-quaker-houghton\/#breadcrumb","itemListElement":[{"@type":"ListItem","position":1,"name":"Home","item":"https:\/\/home.quakerhoughton.com\/fr\/"},{"@type":"ListItem","position":2,"name":"Actualit\u00e9s &#038; \u00e9v\u00e9nements Quaker Houghton"}]},{"@type":"WebSite","@id":"https:\/\/home.quakerhoughton.com\/pt-br\/#website","url":"https:\/\/home.quakerhoughton.com\/pt-br\/","name":"Quaker Houghton","description":"","publisher":{"@id":"https:\/\/home.quakerhoughton.com\/pt-br\/#organization"},"potentialAction":[{"@type":"SearchAction","target":{"@type":"EntryPoint","urlTemplate":"https:\/\/home.quakerhoughton.com\/pt-br\/?s={search_term_string}"},"query-input":{"@type":"PropertyValueSpecification","valueRequired":true,"valueName":"search_term_string"}}],"inLanguage":"fr-FR"},{"@type":"Organization","@id":"https:\/\/home.quakerhoughton.com\/pt-br\/#organization","name":"Quaker Houghton","url":"https:\/\/home.quakerhoughton.com\/pt-br\/","logo":{"@type":"ImageObject","inLanguage":"fr-FR","@id":"https:\/\/home.quakerhoughton.com\/pt-br\/#\/schema\/logo\/image\/","url":"https:\/\/home.quakerhoughton.com\/wp-content\/uploads\/2019\/05\/Website_Shared_link_image.png","contentUrl":"https:\/\/home.quakerhoughton.com\/wp-content\/uploads\/2019\/05\/Website_Shared_link_image.png","width":1200,"height":627,"caption":"Quaker Houghton"},"image":{"@id":"https:\/\/home.quakerhoughton.com\/pt-br\/#\/schema\/logo\/image\/"}}]}},"_links":{"self":[{"href":"https:\/\/home.quakerhoughton.com\/fr\/wp-json\/wp\/v2\/pages\/3761","targetHints":{"allow":["GET"]}}],"collection":[{"href":"https:\/\/home.quakerhoughton.com\/fr\/wp-json\/wp\/v2\/pages"}],"about":[{"href":"https:\/\/home.quakerhoughton.com\/fr\/wp-json\/wp\/v2\/types\/page"}],"author":[{"embeddable":true,"href":"https:\/\/home.quakerhoughton.com\/fr\/wp-json\/wp\/v2\/users\/1"}],"replies":[{"embeddable":true,"href":"https:\/\/home.quakerhoughton.com\/fr\/wp-json\/wp\/v2\/comments?post=3761"}],"version-history":[{"count":0,"href":"https:\/\/home.quakerhoughton.com\/fr\/wp-json\/wp\/v2\/pages\/3761\/revisions"}],"wp:attachment":[{"href":"https:\/\/home.quakerhoughton.com\/fr\/wp-json\/wp\/v2\/media?parent=3761"}],"wp:term":[{"taxonomy":"category","embeddable":true,"href":"https:\/\/home.quakerhoughton.com\/fr\/wp-json\/wp\/v2\/categories?post=3761"},{"taxonomy":"qhls","embeddable":true,"href":"https:\/\/home.quakerhoughton.com\/fr\/wp-json\/wp\/v2\/qhls?post=3761"},{"taxonomy":"region","embeddable":true,"href":"https:\/\/home.quakerhoughton.com\/fr\/wp-json\/wp\/v2\/region?post=3761"},{"taxonomy":"eventispl","embeddable":true,"href":"https:\/\/home.quakerhoughton.com\/fr\/wp-json\/wp\/v2\/eventispl?post=3761"},{"taxonomy":"avada_template","embeddable":true,"href":"https:\/\/home.quakerhoughton.com\/fr\/wp-json\/wp\/v2\/avada_template?post=3761"}],"curies":[{"name":"wp","href":"https:\/\/api.w.org\/{rel}","templated":true}]}}