{"id":793776,"date":"2023-08-22T09:20:15","date_gmt":"2023-08-22T13:20:15","guid":{"rendered":"https:\/\/home.quakerhoughton.com\/nos-lubrifiants-fluides-et-equipements-pour-les-procedes-de-fonderie-sous-pression\/ladle-slick\/"},"modified":"2023-08-22T09:20:23","modified_gmt":"2023-08-22T13:20:23","slug":"ladle-slick","status":"publish","type":"page","link":"https:\/\/home.quakerhoughton.com\/fr\/product-lines\/nos-lubrifiants-fluides-et-equipements-pour-les-procedes-de-fonderie-sous-pression\/ladle-slick\/","title":{"rendered":"LADLE\u00a0SLICK\u2122"},"content":{"rendered":"<p><div class=\"fusion-fullwidth fullwidth-box fusion-builder-row-1 fusion-parallax-none nonhundred-percent-fullwidth non-hundred-percent-height-scrolling fusion-equal-height-columns IndustryTitleBar\" style=\"--awb-background-position:left center;--awb-border-radius-top-left:0px;--awb-border-radius-top-right:0px;--awb-border-radius-bottom-right:0px;--awb-border-radius-bottom-left:0px;--awb-background-image:linear-gradient(90deg, rgba(0,0,0,0.69) 0%,rgba(0,0,0,0) 100%),url(https:\/\/home.quakerhoughton.com\/wp-content\/uploads\/2020\/10\/Product-Line-Header_1920x1080-96dpi_Die-Casting.jpg);;--awb-background-size:cover;--awb-flex-wrap:wrap;\" ><div class=\"fusion-builder-row fusion-row\"><div class=\"fusion-layout-column fusion_builder_column fusion-builder-column-0 fusion_builder_column_1_6 1_6 fusion-one-sixth fusion-column-first IndustryImageColumn\" style=\"--awb-padding-top:0px;--awb-bg-size:cover;--awb-margin-top:20px;width:16.666666666667%;width:calc(16.666666666667% - ( ( 4% ) * 0.16666666666667 ) );margin-right: 4%;\"><div class=\"fusion-column-wrapper fusion-column-has-shadow fusion-flex-column-wrapper-legacy\"><div class=\"fusion-column-content-centered\"><div class=\"fusion-column-content\"><div class=\"fusion-image-element fusion-image-align-left fusion-no-small-visibility fusion-no-medium-visibility in-legacy-container\" style=\"text-align:left;--awb-max-width:90px;--awb-caption-title-font-family:var(--h2_typography-font-family);--awb-caption-title-font-weight:var(--h2_typography-font-weight);--awb-caption-title-font-style:var(--h2_typography-font-style);--awb-caption-title-size:var(--h2_typography-font-size);--awb-caption-title-transform:var(--h2_typography-text-transform);--awb-caption-title-line-height:var(--h2_typography-line-height);--awb-caption-title-letter-spacing:var(--h2_typography-letter-spacing);\"><span class=\" fusion-imageframe imageframe-none imageframe-1 hover-type-none TitleIndustryIcon\" style=\"border-radius:90px;margin-right:25px;float:left;\"><img decoding=\"async\" width=\"150\" height=\"150\" title=\"Product-Line-Icons_500x500_0029_icon_pl_die_casting\" src=\"https:\/\/home.quakerhoughton.com\/wp-content\/uploads\/2020\/10\/Product-Line-Icons_500x500_0029_icon_pl_die_casting-150x150.png\" alt class=\"img-responsive wp-image-529146\" srcset=\"https:\/\/home.quakerhoughton.com\/wp-content\/uploads\/2020\/10\/Product-Line-Icons_500x500_0029_icon_pl_die_casting-200x200.png 200w, https:\/\/home.quakerhoughton.com\/wp-content\/uploads\/2020\/10\/Product-Line-Icons_500x500_0029_icon_pl_die_casting-400x400.png 400w, https:\/\/home.quakerhoughton.com\/wp-content\/uploads\/2020\/10\/Product-Line-Icons_500x500_0029_icon_pl_die_casting.png 500w\" sizes=\"(max-width: 1000px) 100vw, 200px\" \/><\/span><\/div><\/div><\/div><div class=\"fusion-clearfix\"><\/div><\/div><\/div><div class=\"fusion-layout-column fusion_builder_column fusion-builder-column-1 fusion_builder_column_5_6 5_6 fusion-five-sixth fusion-column-last\" style=\"--awb-bg-size:cover;--awb-margin-top:20px;width:83.333333333333%;width:calc(83.333333333333% - ( ( 4% ) * 0.83333333333333 ) );\"><div class=\"fusion-column-wrapper fusion-column-has-shadow fusion-flex-column-wrapper-legacy\"><div class=\"fusion-column-content-centered\"><div class=\"fusion-column-content\"><div class=\"fusion-title title fusion-title-1 fusion-title-text fusion-title-size-one IndustryTitle\" style=\"--awb-text-color:#ff7500;--awb-margin-bottom:0px;--awb-margin-top-small:0px;--awb-margin-right-small:0px;--awb-margin-bottom-small:20px;--awb-margin-left-small:0px;--awb-sep-color:rgba(224,222,222,0);--awb-font-size:2.5em;\"><h1 class=\"fusion-title-heading title-heading-left\" style=\"margin:0;font-size:1em;\">Rev\u00eatements pour poches de coul\u00e9e<\/h1><span class=\"awb-title-spacer\"><\/span><div class=\"title-sep-container\"><div class=\"title-sep sep-double sep-solid\" style=\"border-color:rgba(224,222,222,0);\"><\/div><\/div><\/div><\/div><\/div><div class=\"fusion-clearfix\"><\/div><\/div><\/div><\/div><\/div><div class=\"fusion-fullwidth fullwidth-box fusion-builder-row-2 fusion-parallax-none nonhundred-percent-fullwidth non-hundred-percent-height-scrolling\" style=\"--awb-border-radius-top-left:0px;--awb-border-radius-top-right:0px;--awb-border-radius-bottom-right:0px;--awb-border-radius-bottom-left:0px;--awb-padding-bottom:0px;--awb-margin-bottom:0px;--awb-background-image:url(&quot;https:\/\/home.quakerhoughton.com\/wp-content\/uploads\/2018\/01\/QH_Wave_Wht_Manifesto.png&quot;);--awb-background-size:cover;--awb-flex-wrap:wrap;\" id=\"wave\" ><div class=\"fusion-builder-row fusion-row\"><div class=\"fusion-layout-column fusion_builder_column fusion-builder-column-2 fusion_builder_column_1_1 1_1 fusion-one-full fusion-column-first fusion-column-last\" style=\"--awb-padding-top:100px;--awb-padding-bottom:100px;--awb-bg-size:cover;\"><div class=\"fusion-column-wrapper fusion-flex-column-wrapper-legacy\"><div class=\"fusion-clearfix\"><\/div><\/div><\/div><\/div><\/div><div class=\"fusion-fullwidth fullwidth-box fusion-builder-row-3 nonhundred-percent-fullwidth non-hundred-percent-height-scrolling\" style=\"--awb-border-radius-top-left:0px;--awb-border-radius-top-right:0px;--awb-border-radius-bottom-right:0px;--awb-border-radius-bottom-left:0px;--awb-padding-top:4%;--awb-padding-bottom:2%;--awb-flex-wrap:wrap;\" ><div class=\"fusion-builder-row fusion-row\"><div class=\"fusion-layout-column fusion_builder_column fusion-builder-column-3 fusion_builder_column_2_3 2_3 fusion-two-third fusion-column-first\" style=\"--awb-padding-bottom:2%;--awb-bg-size:cover;width:66.666666666667%;width:calc(66.666666666667% - ( ( 4% ) * 0.66666666666667 ) );margin-right: 4%;\"><div class=\"fusion-column-wrapper fusion-column-has-shadow fusion-flex-column-wrapper-legacy\"><div class=\"fusion-title title fusion-title-2 fusion-sep-none fusion-title-text fusion-title-size-two\" style=\"--awb-margin-bottom:1em;--awb-margin-top-small:0px;--awb-margin-right-small:0px;--awb-margin-bottom-small:20px;--awb-margin-left-small:0px;\"><h2 class=\"fusion-title-heading title-heading-left\" style=\"margin:0;\">LADLE\u00a0SLICK\u2122<\/h2><\/div><div class=\"fusion-sep-clear\"><\/div><div class=\"fusion-separator fusion-full-width-sep\" style=\"margin-left: auto;margin-right: auto;margin-top:-1.5%;margin-bottom:4%;width:100%;\"><div class=\"fusion-separator-border sep-single sep-solid\" style=\"--awb-height:20px;--awb-amount:20px;--awb-sep-color:#8c8989;border-color:#8c8989;border-top-width:2px;\"><\/div><\/div><div class=\"fusion-sep-clear\"><\/div><div class=\"fusion-text fusion-text-1\"><p>Rev\u00eatements \u00e0 base de c\u00e9ramique \u00e0 haute teneur en solides pour les poches de coul\u00e9e et autres zones expos\u00e9es aux m\u00e9taux liquides, fournissant un rev\u00eatement protecteur qui n\u2019adh\u00e8re pas aux alliages en fusion. LADLE\u00a0SLICK\u2122 contient un m\u00e9lange d\u2019oxydes c\u00e9ramiques et m\u00e9talliques \u00e0 haute stabilit\u00e9 thermique qui forme une couche protectrice entre le m\u00e9tal liquide et la surface de la poche ou de la goulotte.<\/p>\n<p>LADLE\u00a0SLICK\u2122 peut \u00eatre utilis\u00e9 sur les thermocouples, les tubes de d\u00e9gagement, les goulottes, les \u00e9cumoires et les poches de coul\u00e9e automatiques ou manuelles. LADLE SLICK\u2122 augmente la dur\u00e9e de vie de la poche, r\u00e9duit les bavures, la production de fum\u00e9e et le ternissement et prot\u00e8ge vos \u00e9quipements afin qu\u2019ils fonctionnent plus longtemps.<\/p>\n<\/div><div class=\"fusion-clearfix\"><\/div><\/div><\/div><div class=\"fusion-layout-column fusion_builder_column fusion-builder-column-4 fusion_builder_column_1_3 1_3 fusion-one-third fusion-column-last ProductRighte5\" style=\"--awb-padding-bottom:1em;--awb-bg-size:cover;width:33.333333333333%;width:calc(33.333333333333% - ( ( 4% ) * 0.33333333333333 ) );\"><div class=\"fusion-column-wrapper fusion-column-has-shadow fusion-flex-column-wrapper-legacy\"><div class=\"fusion-content-boxes content-boxes columns row fusion-columns-1 fusion-columns-total-0 fusion-content-boxes-1 content-boxes-timeline-vertical content-left content-boxes-timeline-layout content-boxes-icon-with-title PLProducts fusion-delayed-animation\" style=\"--awb-title-color:#ff7500;--awb-iconcolor:#002d72;--awb-margin-top:0px;--awb-margin-bottom:0px;--awb-hover-accent-color:#003d72;--awb-circle-hover-accent-color:transparent;--awb-item-margin-bottom:40px;\" data-animation-delay=\"350\" data-animationOffset=\"top-into-view\"><div class=\"fusion-clearfix\"><\/div><\/div><div class=\"fusion-builder-row fusion-builder-row-inner fusion-row\"><div class=\"fusion-layout-column fusion_builder_column_inner fusion-builder-nested-column-0 fusion_builder_column_inner_1_1 1_1 fusion-one-full fusion-column-first fusion-column-last\" style=\"--awb-padding-top:1em;--awb-padding-right:1em;--awb-padding-bottom:1em;--awb-padding-left:1em;--awb-bg-color:#e5eff9;--awb-bg-color-hover:#e5eff9;--awb-bg-size:cover;\"><div class=\"fusion-column-wrapper fusion-column-has-shadow fusion-flex-column-wrapper-legacy\"><div class=\"fusion-title title fusion-title-3 fusion-sep-none fusion-title-text fusion-title-size-two\" style=\"--awb-margin-bottom:1em;--awb-margin-top-small:0px;--awb-margin-right-small:0px;--awb-margin-bottom-small:20px;--awb-margin-left-small:0px;\"><h2 class=\"fusion-title-heading title-heading-left\" style=\"margin:0;\">Avantages cl\u00e9s\u00a0:<\/h2><\/div><div class=\"fusion-sep-clear\"><\/div><div class=\"fusion-separator fusion-full-width-sep\" style=\"margin-left: auto;margin-right: auto;margin-top:-3px;margin-bottom:4px;width:100%;\"><div class=\"fusion-separator-border sep-single sep-solid\" style=\"--awb-height:20px;--awb-amount:20px;--awb-sep-color:#8c8989;border-color:#8c8989;border-top-width:2px;\"><\/div><\/div><div class=\"fusion-sep-clear\"><\/div><ul style=\"--awb-size:16px;--awb-line-height:27.2px;--awb-icon-width:27.2px;--awb-icon-height:27.2px;--awb-icon-margin:11.2px;--awb-content-margin:38.4px;\" class=\"fusion-checklist fusion-checklist-1 fusion-checklist-default type-icons\"><li class=\"fusion-li-item\" style=\"\"><span class=\"icon-wrapper circle-no\"><i class=\"fusion-li-icon fa-circle fas\" aria-hidden=\"true\"><\/i><\/span><div class=\"fusion-li-item-content\">\n<h3 class=\"seoIndustry\">Fournit un rev\u00eatement protecteur qui n\u2019adh\u00e8re pas aux alliages en fusion<\/h3>\n<\/div><\/li><li class=\"fusion-li-item\" style=\"\"><span class=\"icon-wrapper circle-no\"><i class=\"fusion-li-icon fa-circle fas\" aria-hidden=\"true\"><\/i><\/span><div class=\"fusion-li-item-content\">\n<h3 class=\"seoIndustry\">Prolonge la dur\u00e9e de vie des \u00e9quipements<\/h3>\n<\/div><\/li><li class=\"fusion-li-item\" style=\"\"><span class=\"icon-wrapper circle-no\"><i class=\"fusion-li-icon fa-circle fas\" aria-hidden=\"true\"><\/i><\/span><div class=\"fusion-li-item-content\">\n<h3 class=\"seoIndustry\">Minimise la production de fum\u00e9e<\/h3>\n<\/div><\/li><li class=\"fusion-li-item\" style=\"\"><span class=\"icon-wrapper circle-no\"><i class=\"fusion-li-icon fa-circle fas\" aria-hidden=\"true\"><\/i><\/span><div class=\"fusion-li-item-content\">\n<h3 class=\"seoIndustry\">Facile \u00e0 appliquer\u00a0; aucun pr\u00e9-m\u00e9lange n\u2019est n\u00e9cessaire<\/h3>\n<\/div><\/li><\/ul><div class=\"fusion-clearfix\"><\/div><\/div><\/div><\/div><div class=\"fusion-align-block\"><a class=\"fusion-button button-flat fusion-button-default-size button-custom fusion-button-default button-1 fusion-button-span-yes fusion-button-default-type\" style=\"--button_accent_color:#ffffff;--button_accent_hover_color:#ffffff;--button_border_hover_color:#ffffff;--button_gradient_top_color:#ff7500;--button_gradient_bottom_color:#ff7500;--button_gradient_top_color_hover:#002d72;--button_gradient_bottom_color_hover:#002d72;\" target=\"_self\" href=\"#\" data-toggle=\"modal\" data-target=\".fusion-modal.QHContact20\" id=\"contact100\"><span class=\"fusion-button-text awb-button__text awb-button__text--default\">Contactez-nous pour en savoir plus<\/span><\/a><\/div><div class=\"fusion-clearfix\"><\/div><\/div><\/div><\/div><\/div><\/p>\n","protected":false},"excerpt":{"rendered":"<p>Rev\u00eatements \u00e0 base de c\u00e9ramique \u00e0 haute teneur en solides pour les poches de coul\u00e9e et autres zones expos\u00e9es aux m\u00e9taux liquides, fournissant un rev\u00eatement protecteur qui n\u2019adh\u00e8re pas aux alliages en fusion.<\/p>\n","protected":false},"author":7,"featured_media":0,"parent":793629,"menu_order":0,"comment_status":"closed","ping_status":"closed","template":"100-width.php","meta":{"_acf_changed":false,"_monsterinsights_skip_tracking":false,"_monsterinsights_sitenote_active":false,"_monsterinsights_sitenote_note":"","_monsterinsights_sitenote_category":0,"footnotes":""},"categories":[],"qhls":[],"region":[],"eventispl":[],"avada_template":[],"class_list":["post-793776","page","type-page","status-publish","hentry","product-lines-die-casting-fluids-fr"],"acf":[],"yoast_head":"<!-- This site is optimized with the Yoast SEO Premium plugin v26.7 (Yoast SEO v27.2) - https:\/\/yoast.com\/product\/yoast-seo-premium-wordpress\/ -->\n<title>LADLE\u00a0SLICK\u2122 - Protection pour thermocouples, goulottes et \u00e9cumoires<\/title>\n<meta name=\"description\" content=\"Rev\u00eatements \u00e0 base de c\u00e9ramique \u00e0 haute teneur en solides pour les poches de coul\u00e9e et autres zones expos\u00e9es aux m\u00e9taux liquides, fournissant un rev\u00eatement protecteur qui n\u2019adh\u00e8re pas aux alliages en fusion.\" \/>\n<meta name=\"robots\" content=\"index, follow, max-snippet:-1, max-image-preview:large, max-video-preview:-1\" \/>\n<link rel=\"canonical\" href=\"https:\/\/home.quakerhoughton.com\/fr\/product-lines\/nos-lubrifiants-fluides-et-equipements-pour-les-procedes-de-fonderie-sous-pression\/ladle-slick\/\" \/>\n<meta property=\"og:locale\" content=\"fr_FR\" \/>\n<meta property=\"og:type\" content=\"article\" \/>\n<meta property=\"og:title\" content=\"LADLE\u00a0SLICK\u2122\" \/>\n<meta property=\"og:description\" content=\"Rev\u00eatements \u00e0 base de c\u00e9ramique \u00e0 haute teneur en solides pour les poches de coul\u00e9e et autres zones expos\u00e9es aux m\u00e9taux liquides, fournissant un rev\u00eatement protecteur qui n\u2019adh\u00e8re pas aux alliages en fusion.\" \/>\n<meta property=\"og:url\" content=\"https:\/\/home.quakerhoughton.com\/fr\/product-lines\/nos-lubrifiants-fluides-et-equipements-pour-les-procedes-de-fonderie-sous-pression\/ladle-slick\/\" \/>\n<meta property=\"og:site_name\" content=\"Quaker Houghton\" \/>\n<meta property=\"article:modified_time\" content=\"2023-08-22T13:20:23+00:00\" \/>\n<meta name=\"twitter:card\" content=\"summary_large_image\" \/>\n<script type=\"application\/ld+json\" class=\"yoast-schema-graph\">{\"@context\":\"https:\/\/schema.org\",\"@graph\":[{\"@type\":\"WebPage\",\"@id\":\"https:\/\/home.quakerhoughton.com\/fr\/product-lines\/nos-lubrifiants-fluides-et-equipements-pour-les-procedes-de-fonderie-sous-pression\/ladle-slick\/\",\"url\":\"https:\/\/home.quakerhoughton.com\/fr\/product-lines\/nos-lubrifiants-fluides-et-equipements-pour-les-procedes-de-fonderie-sous-pression\/ladle-slick\/\",\"name\":\"LADLE\u00a0SLICK\u2122 - Protection pour thermocouples, goulottes et \u00e9cumoires\",\"isPartOf\":{\"@id\":\"https:\/\/home.quakerhoughton.com\/pt-br\/#website\"},\"datePublished\":\"2023-08-22T13:20:15+00:00\",\"dateModified\":\"2023-08-22T13:20:23+00:00\",\"description\":\"Rev\u00eatements \u00e0 base de c\u00e9ramique \u00e0 haute teneur en solides pour les poches de coul\u00e9e et autres zones expos\u00e9es aux m\u00e9taux liquides, fournissant un rev\u00eatement protecteur qui n\u2019adh\u00e8re pas aux alliages en fusion.\",\"breadcrumb\":{\"@id\":\"https:\/\/home.quakerhoughton.com\/fr\/product-lines\/nos-lubrifiants-fluides-et-equipements-pour-les-procedes-de-fonderie-sous-pression\/ladle-slick\/#breadcrumb\"},\"inLanguage\":\"fr-FR\",\"potentialAction\":[{\"@type\":\"ReadAction\",\"target\":[\"https:\/\/home.quakerhoughton.com\/fr\/product-lines\/nos-lubrifiants-fluides-et-equipements-pour-les-procedes-de-fonderie-sous-pression\/ladle-slick\/\"]}]},{\"@type\":\"BreadcrumbList\",\"@id\":\"https:\/\/home.quakerhoughton.com\/fr\/product-lines\/nos-lubrifiants-fluides-et-equipements-pour-les-procedes-de-fonderie-sous-pression\/ladle-slick\/#breadcrumb\",\"itemListElement\":[{\"@type\":\"ListItem\",\"position\":1,\"name\":\"Home\",\"item\":\"https:\/\/home.quakerhoughton.com\/fr\/\"},{\"@type\":\"ListItem\",\"position\":2,\"name\":\"Product Lines\",\"item\":\"https:\/\/home.quakerhoughton.com\/fr\/product-lines\/\"},{\"@type\":\"ListItem\",\"position\":3,\"name\":\"Nos lubrifiants, fluides et \u00e9quipements pour les proc\u00e9d\u00e9s de fonderie sous pression\",\"item\":\"https:\/\/home.quakerhoughton.com\/fr\/product-lines\/nos-lubrifiants-fluides-et-equipements-pour-les-procedes-de-fonderie-sous-pression\/\"},{\"@type\":\"ListItem\",\"position\":4,\"name\":\"LADLE\u00a0SLICK\u2122\"}]},{\"@type\":\"WebSite\",\"@id\":\"https:\/\/home.quakerhoughton.com\/pt-br\/#website\",\"url\":\"https:\/\/home.quakerhoughton.com\/pt-br\/\",\"name\":\"Quaker Houghton\",\"description\":\"\",\"publisher\":{\"@id\":\"https:\/\/home.quakerhoughton.com\/pt-br\/#organization\"},\"potentialAction\":[{\"@type\":\"SearchAction\",\"target\":{\"@type\":\"EntryPoint\",\"urlTemplate\":\"https:\/\/home.quakerhoughton.com\/pt-br\/?s={search_term_string}\"},\"query-input\":{\"@type\":\"PropertyValueSpecification\",\"valueRequired\":true,\"valueName\":\"search_term_string\"}}],\"inLanguage\":\"fr-FR\"},{\"@type\":\"Organization\",\"@id\":\"https:\/\/home.quakerhoughton.com\/pt-br\/#organization\",\"name\":\"Quaker Houghton\",\"url\":\"https:\/\/home.quakerhoughton.com\/pt-br\/\",\"logo\":{\"@type\":\"ImageObject\",\"inLanguage\":\"fr-FR\",\"@id\":\"https:\/\/home.quakerhoughton.com\/pt-br\/#\/schema\/logo\/image\/\",\"url\":\"https:\/\/home.quakerhoughton.com\/wp-content\/uploads\/2019\/05\/Website_Shared_link_image.png\",\"contentUrl\":\"https:\/\/home.quakerhoughton.com\/wp-content\/uploads\/2019\/05\/Website_Shared_link_image.png\",\"width\":1200,\"height\":627,\"caption\":\"Quaker Houghton\"},\"image\":{\"@id\":\"https:\/\/home.quakerhoughton.com\/pt-br\/#\/schema\/logo\/image\/\"}}]}<\/script>\n<!-- \/ Yoast SEO Premium plugin. -->","yoast_head_json":{"title":"LADLE\u00a0SLICK\u2122 - Protection pour thermocouples, goulottes et \u00e9cumoires","description":"Rev\u00eatements \u00e0 base de c\u00e9ramique \u00e0 haute teneur en solides pour les poches de coul\u00e9e et autres zones expos\u00e9es aux m\u00e9taux liquides, fournissant un rev\u00eatement protecteur qui n\u2019adh\u00e8re pas aux alliages en fusion.","robots":{"index":"index","follow":"follow","max-snippet":"max-snippet:-1","max-image-preview":"max-image-preview:large","max-video-preview":"max-video-preview:-1"},"canonical":"https:\/\/home.quakerhoughton.com\/fr\/product-lines\/nos-lubrifiants-fluides-et-equipements-pour-les-procedes-de-fonderie-sous-pression\/ladle-slick\/","og_locale":"fr_FR","og_type":"article","og_title":"LADLE\u00a0SLICK\u2122","og_description":"Rev\u00eatements \u00e0 base de c\u00e9ramique \u00e0 haute teneur en solides pour les poches de coul\u00e9e et autres zones expos\u00e9es aux m\u00e9taux liquides, fournissant un rev\u00eatement protecteur qui n\u2019adh\u00e8re pas aux alliages en fusion.","og_url":"https:\/\/home.quakerhoughton.com\/fr\/product-lines\/nos-lubrifiants-fluides-et-equipements-pour-les-procedes-de-fonderie-sous-pression\/ladle-slick\/","og_site_name":"Quaker Houghton","article_modified_time":"2023-08-22T13:20:23+00:00","twitter_card":"summary_large_image","schema":{"@context":"https:\/\/schema.org","@graph":[{"@type":"WebPage","@id":"https:\/\/home.quakerhoughton.com\/fr\/product-lines\/nos-lubrifiants-fluides-et-equipements-pour-les-procedes-de-fonderie-sous-pression\/ladle-slick\/","url":"https:\/\/home.quakerhoughton.com\/fr\/product-lines\/nos-lubrifiants-fluides-et-equipements-pour-les-procedes-de-fonderie-sous-pression\/ladle-slick\/","name":"LADLE\u00a0SLICK\u2122 - Protection pour thermocouples, goulottes et \u00e9cumoires","isPartOf":{"@id":"https:\/\/home.quakerhoughton.com\/pt-br\/#website"},"datePublished":"2023-08-22T13:20:15+00:00","dateModified":"2023-08-22T13:20:23+00:00","description":"Rev\u00eatements \u00e0 base de c\u00e9ramique \u00e0 haute teneur en solides pour les poches de coul\u00e9e et autres zones expos\u00e9es aux m\u00e9taux liquides, fournissant un rev\u00eatement protecteur qui n\u2019adh\u00e8re pas aux alliages en fusion.","breadcrumb":{"@id":"https:\/\/home.quakerhoughton.com\/fr\/product-lines\/nos-lubrifiants-fluides-et-equipements-pour-les-procedes-de-fonderie-sous-pression\/ladle-slick\/#breadcrumb"},"inLanguage":"fr-FR","potentialAction":[{"@type":"ReadAction","target":["https:\/\/home.quakerhoughton.com\/fr\/product-lines\/nos-lubrifiants-fluides-et-equipements-pour-les-procedes-de-fonderie-sous-pression\/ladle-slick\/"]}]},{"@type":"BreadcrumbList","@id":"https:\/\/home.quakerhoughton.com\/fr\/product-lines\/nos-lubrifiants-fluides-et-equipements-pour-les-procedes-de-fonderie-sous-pression\/ladle-slick\/#breadcrumb","itemListElement":[{"@type":"ListItem","position":1,"name":"Home","item":"https:\/\/home.quakerhoughton.com\/fr\/"},{"@type":"ListItem","position":2,"name":"Product Lines","item":"https:\/\/home.quakerhoughton.com\/fr\/product-lines\/"},{"@type":"ListItem","position":3,"name":"Nos lubrifiants, fluides et \u00e9quipements pour les proc\u00e9d\u00e9s de fonderie sous pression","item":"https:\/\/home.quakerhoughton.com\/fr\/product-lines\/nos-lubrifiants-fluides-et-equipements-pour-les-procedes-de-fonderie-sous-pression\/"},{"@type":"ListItem","position":4,"name":"LADLE\u00a0SLICK\u2122"}]},{"@type":"WebSite","@id":"https:\/\/home.quakerhoughton.com\/pt-br\/#website","url":"https:\/\/home.quakerhoughton.com\/pt-br\/","name":"Quaker Houghton","description":"","publisher":{"@id":"https:\/\/home.quakerhoughton.com\/pt-br\/#organization"},"potentialAction":[{"@type":"SearchAction","target":{"@type":"EntryPoint","urlTemplate":"https:\/\/home.quakerhoughton.com\/pt-br\/?s={search_term_string}"},"query-input":{"@type":"PropertyValueSpecification","valueRequired":true,"valueName":"search_term_string"}}],"inLanguage":"fr-FR"},{"@type":"Organization","@id":"https:\/\/home.quakerhoughton.com\/pt-br\/#organization","name":"Quaker Houghton","url":"https:\/\/home.quakerhoughton.com\/pt-br\/","logo":{"@type":"ImageObject","inLanguage":"fr-FR","@id":"https:\/\/home.quakerhoughton.com\/pt-br\/#\/schema\/logo\/image\/","url":"https:\/\/home.quakerhoughton.com\/wp-content\/uploads\/2019\/05\/Website_Shared_link_image.png","contentUrl":"https:\/\/home.quakerhoughton.com\/wp-content\/uploads\/2019\/05\/Website_Shared_link_image.png","width":1200,"height":627,"caption":"Quaker Houghton"},"image":{"@id":"https:\/\/home.quakerhoughton.com\/pt-br\/#\/schema\/logo\/image\/"}}]}},"_links":{"self":[{"href":"https:\/\/home.quakerhoughton.com\/fr\/wp-json\/wp\/v2\/pages\/793776","targetHints":{"allow":["GET"]}}],"collection":[{"href":"https:\/\/home.quakerhoughton.com\/fr\/wp-json\/wp\/v2\/pages"}],"about":[{"href":"https:\/\/home.quakerhoughton.com\/fr\/wp-json\/wp\/v2\/types\/page"}],"author":[{"embeddable":true,"href":"https:\/\/home.quakerhoughton.com\/fr\/wp-json\/wp\/v2\/users\/7"}],"replies":[{"embeddable":true,"href":"https:\/\/home.quakerhoughton.com\/fr\/wp-json\/wp\/v2\/comments?post=793776"}],"version-history":[{"count":2,"href":"https:\/\/home.quakerhoughton.com\/fr\/wp-json\/wp\/v2\/pages\/793776\/revisions"}],"predecessor-version":[{"id":793785,"href":"https:\/\/home.quakerhoughton.com\/fr\/wp-json\/wp\/v2\/pages\/793776\/revisions\/793785"}],"up":[{"embeddable":true,"href":"https:\/\/home.quakerhoughton.com\/fr\/wp-json\/wp\/v2\/pages\/793629"}],"wp:attachment":[{"href":"https:\/\/home.quakerhoughton.com\/fr\/wp-json\/wp\/v2\/media?parent=793776"}],"wp:term":[{"taxonomy":"category","embeddable":true,"href":"https:\/\/home.quakerhoughton.com\/fr\/wp-json\/wp\/v2\/categories?post=793776"},{"taxonomy":"qhls","embeddable":true,"href":"https:\/\/home.quakerhoughton.com\/fr\/wp-json\/wp\/v2\/qhls?post=793776"},{"taxonomy":"region","embeddable":true,"href":"https:\/\/home.quakerhoughton.com\/fr\/wp-json\/wp\/v2\/region?post=793776"},{"taxonomy":"eventispl","embeddable":true,"href":"https:\/\/home.quakerhoughton.com\/fr\/wp-json\/wp\/v2\/eventispl?post=793776"},{"taxonomy":"avada_template","embeddable":true,"href":"https:\/\/home.quakerhoughton.com\/fr\/wp-json\/wp\/v2\/avada_template?post=793776"}],"curies":[{"name":"wp","href":"https:\/\/api.w.org\/{rel}","templated":true}]}}