{"id":793801,"date":"2023-08-22T09:20:59","date_gmt":"2023-08-22T13:20:59","guid":{"rendered":"https:\/\/home.quakerhoughton.com\/nos-lubrifiants-fluides-et-equipements-pour-les-procedes-de-fonderie-sous-pression\/plunger-slick-2\/"},"modified":"2023-08-22T09:21:36","modified_gmt":"2023-08-22T13:21:36","slug":"plunger-slick-2","status":"publish","type":"page","link":"https:\/\/home.quakerhoughton.com\/fr\/product-lines\/nos-lubrifiants-fluides-et-equipements-pour-les-procedes-de-fonderie-sous-pression\/plunger-slick-2\/","title":{"rendered":"PLUNGER\u00a0SLICK\u2122"},"content":{"rendered":"<p><div class=\"fusion-fullwidth fullwidth-box fusion-builder-row-1 fusion-parallax-none nonhundred-percent-fullwidth non-hundred-percent-height-scrolling fusion-equal-height-columns IndustryTitleBar\" style=\"--awb-background-position:left center;--awb-border-radius-top-left:0px;--awb-border-radius-top-right:0px;--awb-border-radius-bottom-right:0px;--awb-border-radius-bottom-left:0px;--awb-background-image:linear-gradient(90deg, rgba(0,0,0,0.69) 0%,rgba(0,0,0,0) 100%),url(https:\/\/home.quakerhoughton.com\/wp-content\/uploads\/2020\/10\/Product-Line-Header_1920x1080-96dpi_Die-Casting.jpg);;--awb-background-size:cover;--awb-flex-wrap:wrap;\" ><div class=\"fusion-builder-row fusion-row\"><div class=\"fusion-layout-column fusion_builder_column fusion-builder-column-0 fusion_builder_column_1_6 1_6 fusion-one-sixth fusion-column-first IndustryImageColumn\" style=\"--awb-padding-top:0px;--awb-bg-size:cover;--awb-margin-top:20px;width:16.666666666667%;width:calc(16.666666666667% - ( ( 4% ) * 0.16666666666667 ) );margin-right: 4%;\"><div class=\"fusion-column-wrapper fusion-column-has-shadow fusion-flex-column-wrapper-legacy\"><div class=\"fusion-column-content-centered\"><div class=\"fusion-column-content\"><div class=\"fusion-image-element fusion-image-align-left fusion-no-small-visibility fusion-no-medium-visibility in-legacy-container\" style=\"text-align:left;--awb-max-width:90px;--awb-caption-title-font-family:var(--h2_typography-font-family);--awb-caption-title-font-weight:var(--h2_typography-font-weight);--awb-caption-title-font-style:var(--h2_typography-font-style);--awb-caption-title-size:var(--h2_typography-font-size);--awb-caption-title-transform:var(--h2_typography-text-transform);--awb-caption-title-line-height:var(--h2_typography-line-height);--awb-caption-title-letter-spacing:var(--h2_typography-letter-spacing);\"><span class=\" fusion-imageframe imageframe-none imageframe-1 hover-type-none TitleIndustryIcon\" style=\"border-radius:90px;margin-right:25px;float:left;\"><img decoding=\"async\" width=\"150\" height=\"150\" title=\"Product-Line-Icons_500x500_0029_icon_pl_die_casting\" src=\"https:\/\/home.quakerhoughton.com\/wp-content\/uploads\/2020\/10\/Product-Line-Icons_500x500_0029_icon_pl_die_casting-150x150.png\" alt class=\"img-responsive wp-image-529146\" srcset=\"https:\/\/home.quakerhoughton.com\/wp-content\/uploads\/2020\/10\/Product-Line-Icons_500x500_0029_icon_pl_die_casting-200x200.png 200w, https:\/\/home.quakerhoughton.com\/wp-content\/uploads\/2020\/10\/Product-Line-Icons_500x500_0029_icon_pl_die_casting-400x400.png 400w, https:\/\/home.quakerhoughton.com\/wp-content\/uploads\/2020\/10\/Product-Line-Icons_500x500_0029_icon_pl_die_casting.png 500w\" sizes=\"(max-width: 1000px) 100vw, 200px\" \/><\/span><\/div><\/div><\/div><div class=\"fusion-clearfix\"><\/div><\/div><\/div><div class=\"fusion-layout-column fusion_builder_column fusion-builder-column-1 fusion_builder_column_5_6 5_6 fusion-five-sixth fusion-column-last\" style=\"--awb-bg-size:cover;--awb-margin-top:20px;width:83.333333333333%;width:calc(83.333333333333% - ( ( 4% ) * 0.83333333333333 ) );\"><div class=\"fusion-column-wrapper fusion-column-has-shadow fusion-flex-column-wrapper-legacy\"><div class=\"fusion-column-content-centered\"><div class=\"fusion-column-content\"><div class=\"fusion-title title fusion-title-1 fusion-title-text fusion-title-size-one IndustryTitle\" style=\"--awb-text-color:#ff7500;--awb-margin-bottom:0px;--awb-margin-top-small:0px;--awb-margin-right-small:0px;--awb-margin-bottom-small:20px;--awb-margin-left-small:0px;--awb-sep-color:rgba(224,222,222,0);--awb-font-size:2.5em;\"><h1 class=\"fusion-title-heading title-heading-left\" style=\"margin:0;font-size:1em;\">Lubrifiants de premi\u00e8re qualit\u00e9 pour les pistons d\u2019injection<\/h1><span class=\"awb-title-spacer\"><\/span><div class=\"title-sep-container\"><div class=\"title-sep sep-double sep-solid\" style=\"border-color:rgba(224,222,222,0);\"><\/div><\/div><\/div><\/div><\/div><div class=\"fusion-clearfix\"><\/div><\/div><\/div><\/div><\/div><div class=\"fusion-fullwidth fullwidth-box fusion-builder-row-2 fusion-parallax-none nonhundred-percent-fullwidth non-hundred-percent-height-scrolling\" style=\"--awb-border-radius-top-left:0px;--awb-border-radius-top-right:0px;--awb-border-radius-bottom-right:0px;--awb-border-radius-bottom-left:0px;--awb-padding-bottom:0px;--awb-margin-bottom:0px;--awb-background-image:url(&quot;https:\/\/home.quakerhoughton.com\/wp-content\/uploads\/2018\/01\/QH_Wave_Wht_Manifesto.png&quot;);--awb-background-size:cover;--awb-flex-wrap:wrap;\" id=\"wave\" ><div class=\"fusion-builder-row fusion-row\"><div class=\"fusion-layout-column fusion_builder_column fusion-builder-column-2 fusion_builder_column_1_1 1_1 fusion-one-full fusion-column-first fusion-column-last\" style=\"--awb-padding-top:100px;--awb-padding-bottom:100px;--awb-bg-size:cover;\"><div class=\"fusion-column-wrapper fusion-flex-column-wrapper-legacy\"><div class=\"fusion-clearfix\"><\/div><\/div><\/div><\/div><\/div><div class=\"fusion-fullwidth fullwidth-box fusion-builder-row-3 nonhundred-percent-fullwidth non-hundred-percent-height-scrolling\" style=\"--awb-border-radius-top-left:0px;--awb-border-radius-top-right:0px;--awb-border-radius-bottom-right:0px;--awb-border-radius-bottom-left:0px;--awb-padding-top:4%;--awb-padding-bottom:2%;--awb-flex-wrap:wrap;\" ><div class=\"fusion-builder-row fusion-row\"><div class=\"fusion-layout-column fusion_builder_column fusion-builder-column-3 fusion_builder_column_1_2 1_2 fusion-one-half fusion-column-first\" style=\"--awb-padding-bottom:2%;--awb-bg-size:cover;width:50%;width:calc(50% - ( ( 4% ) * 0.5 ) );margin-right: 4%;\"><div class=\"fusion-column-wrapper fusion-column-has-shadow fusion-flex-column-wrapper-legacy\"><div class=\"fusion-title title fusion-title-2 fusion-sep-none fusion-title-text fusion-title-size-two\" style=\"--awb-margin-bottom:1em;--awb-margin-top-small:0px;--awb-margin-right-small:0px;--awb-margin-bottom-small:20px;--awb-margin-left-small:0px;\"><h2 class=\"fusion-title-heading title-heading-left\" style=\"margin:0;\"><strong>Gamme PLUNGER\u00a0SLICK\u00ae<\/strong><\/h2><\/div><div class=\"fusion-sep-clear\"><\/div><div class=\"fusion-separator fusion-full-width-sep\" style=\"margin-left: auto;margin-right: auto;margin-top:-1.5%;margin-bottom:4%;width:100%;\"><div class=\"fusion-separator-border sep-single sep-solid\" style=\"--awb-height:20px;--awb-amount:20px;--awb-sep-color:#8c8989;border-color:#8c8989;border-top-width:2px;\"><\/div><\/div><div class=\"fusion-sep-clear\"><\/div><div class=\"fusion-text fusion-text-1\"><p>Les lubrifiants PLUNGER\u00a0SLICK\u00ae r\u00e9sistent aux temp\u00e9ratures \u00e9lev\u00e9es des pistons et des chambres d\u2019injection utilis\u00e9s dans les applications de fonderie sous haute pression. L\u2019am\u00e9lioration de la dur\u00e9e de vie des pistons et des chambres est obtenue gr\u00e2ce \u00e0 l\u2019incorporation d\u2019additifs sp\u00e9ciaux qui permettent une bonne lubrification aux diff\u00e9rentes pressions et temp\u00e9ratures rencontr\u00e9es pendant le cycle d\u2019injection.<\/p>\n<p>Les lubrifiants PLUNGER\u00a0SLICK\u00ae fournissent une excellente lubrification limite, une forte adh\u00e9rence au piston, une r\u00e9duction de la production de fum\u00e9e, une absence de ternissement et un encrassement minimal de la chambre.<\/p>\n<p>Les lubrifiants PLUNGER\u00a0SLICK\u00ae peuvent \u00eatre utilis\u00e9s sur une large gamme de m\u00e9taux, notamment l\u2019acier, la fonte et le cuivre-b\u00e9ryllium. Nous fournissons des lubrifiants \u00e0 faible viscosit\u00e9 pour les pistons d\u2019injection, parfaits pour les applications de pulv\u00e9risation, ainsi que des lubrifiants \u00e0 haute viscosit\u00e9, id\u00e9aux pour les lubrificateurs automatiques.<\/p>\n<p>Notre gamme de lubrifiants pour les pistons d\u2019injection comprend des produits sans eau (base huile), \u00e0 perles solides et \u00e0 \u00e9mulsion aqueuse r\u00e9pondant aux besoins pr\u00e9cis des clients.<\/p>\n<\/div><div class=\"fusion-sep-clear\"><\/div><div class=\"fusion-separator fusion-full-width-sep\" style=\"margin-left: auto;margin-right: auto;margin-top:2.5em;margin-bottom:.5em;width:100%;\"><\/div><div class=\"fusion-sep-clear\"><\/div><div class=\"fusion-sep-clear\"><\/div><div class=\"fusion-separator fusion-full-width-sep\" style=\"margin-left: auto;margin-right: auto;margin-top:2.5em;margin-bottom:.5em;width:100%;\"><\/div><div class=\"fusion-sep-clear\"><\/div><div class=\"fusion-clearfix\"><\/div><\/div><\/div><div class=\"fusion-layout-column fusion_builder_column fusion-builder-column-4 fusion_builder_column_1_2 1_2 fusion-one-half fusion-column-last\" style=\"--awb-bg-size:cover;width:50%;width:calc(50% - ( ( 4% ) * 0.5 ) );\"><div class=\"fusion-column-wrapper fusion-column-has-shadow fusion-flex-column-wrapper-legacy\">\n<div class=\"table-1\">\n<table>\n<tbody>\n<tr>\n<td width=\"197\">Produit<\/td>\n<td width=\"356\">Description<\/td>\n<\/tr>\n<tr>\n<td width=\"197\"><strong><strong>S\u00e9rie PLUNGERSLICK\u00ae<br \/>\n<\/strong><\/strong><strong>V<\/strong><\/td>\n<td width=\"356\">Lubrifiants sans eau de haute performance pour les pistons d\u2019injection, disponibles dans une large gamme de viscosit\u00e9s pour r\u00e9pondre aux applications exigeantes des clients.\u00a0 Comprend la derni\u00e8re g\u00e9n\u00e9ration de produits durables offrant des performances am\u00e9lior\u00e9es en mati\u00e8re de lubrification et de s\u00e9curit\u00e9 incendie par rapport aux produits \u00e0 base d\u2019huile min\u00e9rale.<\/td>\n<\/tr>\n<tr>\n<td width=\"197\"><strong>S\u00e9rie PLUNGERSLICK\u00ae\u00a0W<\/strong><\/td>\n<td width=\"356\">Lubrifiant aqueux faisant appel \u00e0 la technologie d\u2019\u00e9mulsion standard et invers\u00e9e pour offrir un \u00e9quilibre optimis\u00e9 entre le pouvoir lubrifiant et la s\u00e9curit\u00e9 incendie<\/td>\n<\/tr>\n<tr>\n<td width=\"197\"><strong>S\u00e9rie PLUNGERSLICK\u00ae\u00a0P<\/strong><\/td>\n<td width=\"356\">Les lubrifiants secs sous forme de perles offrent une meilleure propret\u00e9 de la cavit\u00e9, une porosit\u00e9 r\u00e9duite et une plus grande facilit\u00e9 d\u2019application.<\/td>\n<\/tr>\n<\/tbody>\n<\/table>\n<\/div>\n<div class=\"fusion-text fusion-text-2\"><p>Nous fournissons \u00e9galement des syst\u00e8mes d\u2019application de lubrifiants pour pistons d\u2019injection, <a href=\"\/?page_id=793794\" target=\"_blank\" rel=\"noopener noreferrer\">cliquez ici pour en savoir plus<\/a><\/p>\n<\/div><div class=\"fusion-aligncenter\"><a class=\"fusion-button button-flat fusion-button-default-size button-custom fusion-button-default button-1 fusion-button-default-span fusion-button-default-type\" style=\"--button_accent_color:#ffffff;--button_accent_hover_color:#ffffff;--button_border_hover_color:#ffffff;--button_gradient_top_color:#ff7500;--button_gradient_bottom_color:#ff7500;--button_gradient_top_color_hover:#002d72;--button_gradient_bottom_color_hover:#002d72;\" target=\"_self\" href=\"#\" data-toggle=\"modal\" data-target=\".fusion-modal.QHContact20\"><span class=\"fusion-button-text awb-button__text awb-button__text--default\">Contactez-nous pour en savoir plus<\/span><\/a><\/div><div class=\"fusion-clearfix\"><\/div><\/div><\/div><\/div><\/div><\/p>\n","protected":false},"excerpt":{"rendered":"<p>Am\u00e9liore la dur\u00e9e de vie des pistons et des chambres gr\u00e2ce \u00e0 l\u2019incorporation d\u2019additifs sp\u00e9ciaux qui permettent une bonne lubrification aux diff\u00e9rentes pressions et temp\u00e9ratures rencontr\u00e9es pendant le cycle d\u2019injection.<\/p>\n","protected":false},"author":7,"featured_media":0,"parent":793629,"menu_order":0,"comment_status":"closed","ping_status":"closed","template":"100-width.php","meta":{"_acf_changed":false,"_monsterinsights_skip_tracking":false,"_monsterinsights_sitenote_active":false,"_monsterinsights_sitenote_note":"","_monsterinsights_sitenote_category":0,"footnotes":""},"categories":[],"qhls":[],"region":[],"eventispl":[],"avada_template":[],"class_list":["post-793801","page","type-page","status-publish","hentry","product-lines-die-casting-fluids-fr"],"acf":[],"yoast_head":"<!-- This site is optimized with the Yoast SEO Premium plugin v26.7 (Yoast SEO v27.2) - https:\/\/yoast.com\/product\/yoast-seo-premium-wordpress\/ -->\n<title>PLUNGER\u00a0SLICK\u2122 - Lubrifiants pour am\u00e9liorer la dur\u00e9e de vie des pistons et des chambres d\u2019injection<\/title>\n<meta name=\"description\" content=\"En savoir plus sur nos lubrifiants pour les pistons d\u2019injection sans eau (base huile), \u00e0 perles solides et \u00e0 \u00e9mulsion aqueuse de premi\u00e8re qualit\u00e9 pour vos applications de fonderie sous haute pression\" \/>\n<meta name=\"robots\" content=\"index, follow, max-snippet:-1, max-image-preview:large, max-video-preview:-1\" \/>\n<link rel=\"canonical\" href=\"https:\/\/home.quakerhoughton.com\/fr\/product-lines\/nos-lubrifiants-fluides-et-equipements-pour-les-procedes-de-fonderie-sous-pression\/plunger-slick-2\/\" \/>\n<meta property=\"og:locale\" content=\"fr_FR\" \/>\n<meta property=\"og:type\" content=\"article\" \/>\n<meta property=\"og:title\" content=\"PLUNGER\u00a0SLICK\u2122\" \/>\n<meta property=\"og:description\" content=\"En savoir plus sur nos lubrifiants pour les pistons d\u2019injection sans eau (base huile), \u00e0 perles solides et \u00e0 \u00e9mulsion aqueuse de premi\u00e8re qualit\u00e9 pour vos applications de fonderie sous haute pression\" \/>\n<meta property=\"og:url\" content=\"https:\/\/home.quakerhoughton.com\/fr\/product-lines\/nos-lubrifiants-fluides-et-equipements-pour-les-procedes-de-fonderie-sous-pression\/plunger-slick-2\/\" \/>\n<meta property=\"og:site_name\" content=\"Quaker Houghton\" \/>\n<meta property=\"article:modified_time\" content=\"2023-08-22T13:21:36+00:00\" \/>\n<meta name=\"twitter:card\" content=\"summary_large_image\" \/>\n<script type=\"application\/ld+json\" class=\"yoast-schema-graph\">{\"@context\":\"https:\/\/schema.org\",\"@graph\":[{\"@type\":\"WebPage\",\"@id\":\"https:\/\/home.quakerhoughton.com\/fr\/product-lines\/nos-lubrifiants-fluides-et-equipements-pour-les-procedes-de-fonderie-sous-pression\/plunger-slick-2\/\",\"url\":\"https:\/\/home.quakerhoughton.com\/fr\/product-lines\/nos-lubrifiants-fluides-et-equipements-pour-les-procedes-de-fonderie-sous-pression\/plunger-slick-2\/\",\"name\":\"PLUNGER\u00a0SLICK\u2122 - Lubrifiants pour am\u00e9liorer la dur\u00e9e de vie des pistons et des chambres d\u2019injection\",\"isPartOf\":{\"@id\":\"https:\/\/home.quakerhoughton.com\/pt-br\/#website\"},\"datePublished\":\"2023-08-22T13:20:59+00:00\",\"dateModified\":\"2023-08-22T13:21:36+00:00\",\"description\":\"En savoir plus sur nos lubrifiants pour les pistons d\u2019injection sans eau (base huile), \u00e0 perles solides et \u00e0 \u00e9mulsion aqueuse de premi\u00e8re qualit\u00e9 pour vos applications de fonderie sous haute pression\",\"breadcrumb\":{\"@id\":\"https:\/\/home.quakerhoughton.com\/fr\/product-lines\/nos-lubrifiants-fluides-et-equipements-pour-les-procedes-de-fonderie-sous-pression\/plunger-slick-2\/#breadcrumb\"},\"inLanguage\":\"fr-FR\",\"potentialAction\":[{\"@type\":\"ReadAction\",\"target\":[\"https:\/\/home.quakerhoughton.com\/fr\/product-lines\/nos-lubrifiants-fluides-et-equipements-pour-les-procedes-de-fonderie-sous-pression\/plunger-slick-2\/\"]}]},{\"@type\":\"BreadcrumbList\",\"@id\":\"https:\/\/home.quakerhoughton.com\/fr\/product-lines\/nos-lubrifiants-fluides-et-equipements-pour-les-procedes-de-fonderie-sous-pression\/plunger-slick-2\/#breadcrumb\",\"itemListElement\":[{\"@type\":\"ListItem\",\"position\":1,\"name\":\"Home\",\"item\":\"https:\/\/home.quakerhoughton.com\/fr\/\"},{\"@type\":\"ListItem\",\"position\":2,\"name\":\"Product Lines\",\"item\":\"https:\/\/home.quakerhoughton.com\/fr\/product-lines\/\"},{\"@type\":\"ListItem\",\"position\":3,\"name\":\"Nos lubrifiants, fluides et \u00e9quipements pour les proc\u00e9d\u00e9s de fonderie sous pression\",\"item\":\"https:\/\/home.quakerhoughton.com\/fr\/product-lines\/nos-lubrifiants-fluides-et-equipements-pour-les-procedes-de-fonderie-sous-pression\/\"},{\"@type\":\"ListItem\",\"position\":4,\"name\":\"PLUNGER\u00a0SLICK\u2122\"}]},{\"@type\":\"WebSite\",\"@id\":\"https:\/\/home.quakerhoughton.com\/pt-br\/#website\",\"url\":\"https:\/\/home.quakerhoughton.com\/pt-br\/\",\"name\":\"Quaker Houghton\",\"description\":\"\",\"publisher\":{\"@id\":\"https:\/\/home.quakerhoughton.com\/pt-br\/#organization\"},\"potentialAction\":[{\"@type\":\"SearchAction\",\"target\":{\"@type\":\"EntryPoint\",\"urlTemplate\":\"https:\/\/home.quakerhoughton.com\/pt-br\/?s={search_term_string}\"},\"query-input\":{\"@type\":\"PropertyValueSpecification\",\"valueRequired\":true,\"valueName\":\"search_term_string\"}}],\"inLanguage\":\"fr-FR\"},{\"@type\":\"Organization\",\"@id\":\"https:\/\/home.quakerhoughton.com\/pt-br\/#organization\",\"name\":\"Quaker Houghton\",\"url\":\"https:\/\/home.quakerhoughton.com\/pt-br\/\",\"logo\":{\"@type\":\"ImageObject\",\"inLanguage\":\"fr-FR\",\"@id\":\"https:\/\/home.quakerhoughton.com\/pt-br\/#\/schema\/logo\/image\/\",\"url\":\"https:\/\/home.quakerhoughton.com\/wp-content\/uploads\/2019\/05\/Website_Shared_link_image.png\",\"contentUrl\":\"https:\/\/home.quakerhoughton.com\/wp-content\/uploads\/2019\/05\/Website_Shared_link_image.png\",\"width\":1200,\"height\":627,\"caption\":\"Quaker Houghton\"},\"image\":{\"@id\":\"https:\/\/home.quakerhoughton.com\/pt-br\/#\/schema\/logo\/image\/\"}}]}<\/script>\n<!-- \/ Yoast SEO Premium plugin. -->","yoast_head_json":{"title":"PLUNGER\u00a0SLICK\u2122 - Lubrifiants pour am\u00e9liorer la dur\u00e9e de vie des pistons et des chambres d\u2019injection","description":"En savoir plus sur nos lubrifiants pour les pistons d\u2019injection sans eau (base huile), \u00e0 perles solides et \u00e0 \u00e9mulsion aqueuse de premi\u00e8re qualit\u00e9 pour vos applications de fonderie sous haute pression","robots":{"index":"index","follow":"follow","max-snippet":"max-snippet:-1","max-image-preview":"max-image-preview:large","max-video-preview":"max-video-preview:-1"},"canonical":"https:\/\/home.quakerhoughton.com\/fr\/product-lines\/nos-lubrifiants-fluides-et-equipements-pour-les-procedes-de-fonderie-sous-pression\/plunger-slick-2\/","og_locale":"fr_FR","og_type":"article","og_title":"PLUNGER\u00a0SLICK\u2122","og_description":"En savoir plus sur nos lubrifiants pour les pistons d\u2019injection sans eau (base huile), \u00e0 perles solides et \u00e0 \u00e9mulsion aqueuse de premi\u00e8re qualit\u00e9 pour vos applications de fonderie sous haute pression","og_url":"https:\/\/home.quakerhoughton.com\/fr\/product-lines\/nos-lubrifiants-fluides-et-equipements-pour-les-procedes-de-fonderie-sous-pression\/plunger-slick-2\/","og_site_name":"Quaker Houghton","article_modified_time":"2023-08-22T13:21:36+00:00","twitter_card":"summary_large_image","schema":{"@context":"https:\/\/schema.org","@graph":[{"@type":"WebPage","@id":"https:\/\/home.quakerhoughton.com\/fr\/product-lines\/nos-lubrifiants-fluides-et-equipements-pour-les-procedes-de-fonderie-sous-pression\/plunger-slick-2\/","url":"https:\/\/home.quakerhoughton.com\/fr\/product-lines\/nos-lubrifiants-fluides-et-equipements-pour-les-procedes-de-fonderie-sous-pression\/plunger-slick-2\/","name":"PLUNGER\u00a0SLICK\u2122 - Lubrifiants pour am\u00e9liorer la dur\u00e9e de vie des pistons et des chambres d\u2019injection","isPartOf":{"@id":"https:\/\/home.quakerhoughton.com\/pt-br\/#website"},"datePublished":"2023-08-22T13:20:59+00:00","dateModified":"2023-08-22T13:21:36+00:00","description":"En savoir plus sur nos lubrifiants pour les pistons d\u2019injection sans eau (base huile), \u00e0 perles solides et \u00e0 \u00e9mulsion aqueuse de premi\u00e8re qualit\u00e9 pour vos applications de fonderie sous haute pression","breadcrumb":{"@id":"https:\/\/home.quakerhoughton.com\/fr\/product-lines\/nos-lubrifiants-fluides-et-equipements-pour-les-procedes-de-fonderie-sous-pression\/plunger-slick-2\/#breadcrumb"},"inLanguage":"fr-FR","potentialAction":[{"@type":"ReadAction","target":["https:\/\/home.quakerhoughton.com\/fr\/product-lines\/nos-lubrifiants-fluides-et-equipements-pour-les-procedes-de-fonderie-sous-pression\/plunger-slick-2\/"]}]},{"@type":"BreadcrumbList","@id":"https:\/\/home.quakerhoughton.com\/fr\/product-lines\/nos-lubrifiants-fluides-et-equipements-pour-les-procedes-de-fonderie-sous-pression\/plunger-slick-2\/#breadcrumb","itemListElement":[{"@type":"ListItem","position":1,"name":"Home","item":"https:\/\/home.quakerhoughton.com\/fr\/"},{"@type":"ListItem","position":2,"name":"Product Lines","item":"https:\/\/home.quakerhoughton.com\/fr\/product-lines\/"},{"@type":"ListItem","position":3,"name":"Nos lubrifiants, fluides et \u00e9quipements pour les proc\u00e9d\u00e9s de fonderie sous pression","item":"https:\/\/home.quakerhoughton.com\/fr\/product-lines\/nos-lubrifiants-fluides-et-equipements-pour-les-procedes-de-fonderie-sous-pression\/"},{"@type":"ListItem","position":4,"name":"PLUNGER\u00a0SLICK\u2122"}]},{"@type":"WebSite","@id":"https:\/\/home.quakerhoughton.com\/pt-br\/#website","url":"https:\/\/home.quakerhoughton.com\/pt-br\/","name":"Quaker Houghton","description":"","publisher":{"@id":"https:\/\/home.quakerhoughton.com\/pt-br\/#organization"},"potentialAction":[{"@type":"SearchAction","target":{"@type":"EntryPoint","urlTemplate":"https:\/\/home.quakerhoughton.com\/pt-br\/?s={search_term_string}"},"query-input":{"@type":"PropertyValueSpecification","valueRequired":true,"valueName":"search_term_string"}}],"inLanguage":"fr-FR"},{"@type":"Organization","@id":"https:\/\/home.quakerhoughton.com\/pt-br\/#organization","name":"Quaker Houghton","url":"https:\/\/home.quakerhoughton.com\/pt-br\/","logo":{"@type":"ImageObject","inLanguage":"fr-FR","@id":"https:\/\/home.quakerhoughton.com\/pt-br\/#\/schema\/logo\/image\/","url":"https:\/\/home.quakerhoughton.com\/wp-content\/uploads\/2019\/05\/Website_Shared_link_image.png","contentUrl":"https:\/\/home.quakerhoughton.com\/wp-content\/uploads\/2019\/05\/Website_Shared_link_image.png","width":1200,"height":627,"caption":"Quaker Houghton"},"image":{"@id":"https:\/\/home.quakerhoughton.com\/pt-br\/#\/schema\/logo\/image\/"}}]}},"_links":{"self":[{"href":"https:\/\/home.quakerhoughton.com\/fr\/wp-json\/wp\/v2\/pages\/793801","targetHints":{"allow":["GET"]}}],"collection":[{"href":"https:\/\/home.quakerhoughton.com\/fr\/wp-json\/wp\/v2\/pages"}],"about":[{"href":"https:\/\/home.quakerhoughton.com\/fr\/wp-json\/wp\/v2\/types\/page"}],"author":[{"embeddable":true,"href":"https:\/\/home.quakerhoughton.com\/fr\/wp-json\/wp\/v2\/users\/7"}],"replies":[{"embeddable":true,"href":"https:\/\/home.quakerhoughton.com\/fr\/wp-json\/wp\/v2\/comments?post=793801"}],"version-history":[{"count":3,"href":"https:\/\/home.quakerhoughton.com\/fr\/wp-json\/wp\/v2\/pages\/793801\/revisions"}],"predecessor-version":[{"id":793813,"href":"https:\/\/home.quakerhoughton.com\/fr\/wp-json\/wp\/v2\/pages\/793801\/revisions\/793813"}],"up":[{"embeddable":true,"href":"https:\/\/home.quakerhoughton.com\/fr\/wp-json\/wp\/v2\/pages\/793629"}],"wp:attachment":[{"href":"https:\/\/home.quakerhoughton.com\/fr\/wp-json\/wp\/v2\/media?parent=793801"}],"wp:term":[{"taxonomy":"category","embeddable":true,"href":"https:\/\/home.quakerhoughton.com\/fr\/wp-json\/wp\/v2\/categories?post=793801"},{"taxonomy":"qhls","embeddable":true,"href":"https:\/\/home.quakerhoughton.com\/fr\/wp-json\/wp\/v2\/qhls?post=793801"},{"taxonomy":"region","embeddable":true,"href":"https:\/\/home.quakerhoughton.com\/fr\/wp-json\/wp\/v2\/region?post=793801"},{"taxonomy":"eventispl","embeddable":true,"href":"https:\/\/home.quakerhoughton.com\/fr\/wp-json\/wp\/v2\/eventispl?post=793801"},{"taxonomy":"avada_template","embeddable":true,"href":"https:\/\/home.quakerhoughton.com\/fr\/wp-json\/wp\/v2\/avada_template?post=793801"}],"curies":[{"name":"wp","href":"https:\/\/api.w.org\/{rel}","templated":true}]}}