{"id":534292,"date":"2021-05-06T10:37:01","date_gmt":"2021-05-06T14:37:01","guid":{"rendered":"https:\/\/home.quakerhoughton.com\/lubricantes-para-fundicion\/"},"modified":"2021-05-06T10:37:06","modified_gmt":"2021-05-06T14:37:06","slug":"lubricantes-para-fundicion","status":"publish","type":"page","link":"https:\/\/home.quakerhoughton.com\/mx\/lubricantes-para-fundicion\/","title":{"rendered":"Lubricantes para fundici\u00f3n"},"content":{"rendered":"<p><div class=\"fusion-fullwidth fullwidth-box fusion-builder-row-1 fusion-parallax-none nonhundred-percent-fullwidth non-hundred-percent-height-scrolling fusion-equal-height-columns IndustryTitleBar\" style=\"--awb-background-position:left center;--awb-border-radius-top-left:0px;--awb-border-radius-top-right:0px;--awb-border-radius-bottom-right:0px;--awb-border-radius-bottom-left:0px;--awb-background-image:linear-gradient(90deg, rgba(0,0,0,0.69) 0%,rgba(0,0,0,0) 100%),url(https:\/\/home.quakerhoughton.com\/wp-content\/uploads\/2020\/02\/QH.com_Industry-Segment-Header_1920x1090-96dpi_Metal-Finishing.jpg);;--awb-background-size:cover;--awb-flex-wrap:wrap;\" ><div class=\"fusion-builder-row fusion-row\"><div class=\"fusion-layout-column fusion_builder_column fusion-builder-column-0 fusion_builder_column_1_6 1_6 fusion-one-sixth fusion-column-first IndustryImageColumn\" style=\"--awb-padding-top:0px;--awb-bg-size:cover;--awb-margin-top:20px;width:16.666666666667%;width:calc(16.666666666667% - ( ( 4% ) * 0.16666666666667 ) );margin-right: 4%;\"><div class=\"fusion-column-wrapper fusion-column-has-shadow fusion-flex-column-wrapper-legacy\"><div class=\"fusion-column-content-centered\"><div class=\"fusion-column-content\"><div class=\"fusion-image-element fusion-image-align-left fusion-no-small-visibility fusion-no-medium-visibility in-legacy-container\" style=\"text-align:left;--awb-max-width:90px;--awb-caption-title-font-family:var(--h2_typography-font-family);--awb-caption-title-font-weight:var(--h2_typography-font-weight);--awb-caption-title-font-style:var(--h2_typography-font-style);--awb-caption-title-size:var(--h2_typography-font-size);--awb-caption-title-transform:var(--h2_typography-text-transform);--awb-caption-title-line-height:var(--h2_typography-line-height);--awb-caption-title-letter-spacing:var(--h2_typography-letter-spacing);\"><span class=\" fusion-imageframe imageframe-none imageframe-1 hover-type-none TitleIndustryIcon\" style=\"border-radius:90px;margin-right:25px;float:left;\"><img decoding=\"async\" width=\"500\" height=\"500\" title=\"Product-Line-Icons_500x500_0010_icon_die_spray_lubricants\" src=\"https:\/\/home.quakerhoughton.com\/wp-content\/uploads\/2020\/10\/Product-Line-Icons_500x500_0010_icon_die_spray_lubricants.png\" alt class=\"img-responsive wp-image-528930\" srcset=\"https:\/\/home.quakerhoughton.com\/wp-content\/uploads\/2020\/10\/Product-Line-Icons_500x500_0010_icon_die_spray_lubricants-200x200.png 200w, https:\/\/home.quakerhoughton.com\/wp-content\/uploads\/2020\/10\/Product-Line-Icons_500x500_0010_icon_die_spray_lubricants-400x400.png 400w, https:\/\/home.quakerhoughton.com\/wp-content\/uploads\/2020\/10\/Product-Line-Icons_500x500_0010_icon_die_spray_lubricants.png 500w\" sizes=\"(max-width: 1000px) 100vw, 200px\" \/><\/span><\/div><\/div><\/div><div class=\"fusion-clearfix\"><\/div><\/div><\/div><div class=\"fusion-layout-column fusion_builder_column fusion-builder-column-1 fusion_builder_column_5_6 5_6 fusion-five-sixth fusion-column-last\" style=\"--awb-bg-size:cover;--awb-margin-top:20px;width:83.333333333333%;width:calc(83.333333333333% - ( ( 4% ) * 0.83333333333333 ) );\"><div class=\"fusion-column-wrapper fusion-column-has-shadow fusion-flex-column-wrapper-legacy\"><div class=\"fusion-column-content-centered\"><div class=\"fusion-column-content\"><div class=\"fusion-title title fusion-title-1 fusion-title-text fusion-title-size-one IndustryTitle\" style=\"--awb-text-color:#ff7500;--awb-margin-bottom:0px;--awb-margin-top-small:0px;--awb-margin-right-small:0px;--awb-margin-bottom-small:20px;--awb-margin-left-small:0px;--awb-sep-color:rgba(224,222,222,0);--awb-font-size:2.5em;\"><h1 class=\"fusion-title-heading title-heading-left\" style=\"margin:0;font-size:1em;\">Lubricantes de fundici\u00f3n<\/h1><span class=\"awb-title-spacer\"><\/span><div class=\"title-sep-container\"><div class=\"title-sep sep-double sep-solid\" style=\"border-color:rgba(224,222,222,0);\"><\/div><\/div><\/div><div class=\"fusion-title title fusion-title-2 fusion-sep-none fusion-title-text fusion-title-size-two IndustryTitle\" style=\"--awb-text-color:#ffffff;--awb-margin-bottom:0px;--awb-margin-top-small:0px;--awb-margin-right-small:0px;--awb-margin-left-small:0px;\"><h2 class=\"fusion-title-heading title-heading-left\" style=\"margin:0;\"><p>Desmoldeantes de alta calidad para lubricaci\u00f3n de fundici\u00f3n.\n<\/p><\/h2><\/div><\/div><\/div><div class=\"fusion-clearfix\"><\/div><\/div><\/div><\/div><\/div><div class=\"fusion-fullwidth fullwidth-box fusion-builder-row-2 fusion-parallax-none nonhundred-percent-fullwidth non-hundred-percent-height-scrolling\" style=\"--awb-border-radius-top-left:0px;--awb-border-radius-top-right:0px;--awb-border-radius-bottom-right:0px;--awb-border-radius-bottom-left:0px;--awb-padding-bottom:0px;--awb-margin-bottom:0px;--awb-background-image:url(&quot;https:\/\/home.quakerhoughton.com\/wp-content\/uploads\/2018\/01\/QH_Wave_Wht_Manifesto.png&quot;);--awb-background-size:cover;--awb-flex-wrap:wrap;\" id=\"wave\" ><div class=\"fusion-builder-row fusion-row\"><div class=\"fusion-layout-column fusion_builder_column fusion-builder-column-2 fusion_builder_column_1_1 1_1 fusion-one-full fusion-column-first fusion-column-last\" style=\"--awb-padding-top:100px;--awb-padding-bottom:100px;--awb-bg-size:cover;\"><div class=\"fusion-column-wrapper fusion-flex-column-wrapper-legacy\"><div class=\"fusion-clearfix\"><\/div><\/div><\/div><\/div><\/div><div class=\"fusion-fullwidth fullwidth-box fusion-builder-row-3 nonhundred-percent-fullwidth non-hundred-percent-height-scrolling\" style=\"--awb-border-radius-top-left:0px;--awb-border-radius-top-right:0px;--awb-border-radius-bottom-right:0px;--awb-border-radius-bottom-left:0px;--awb-padding-top:4%;--awb-padding-bottom:2%;--awb-flex-wrap:wrap;\" ><div class=\"fusion-builder-row fusion-row\"><div class=\"fusion-layout-column fusion_builder_column fusion-builder-column-3 fusion_builder_column_2_3 2_3 fusion-two-third fusion-column-first\" style=\"--awb-padding-bottom:2%;--awb-bg-size:cover;width:66.666666666667%;width:calc(66.666666666667% - ( ( 4% ) * 0.66666666666667 ) );margin-right: 4%;\"><div class=\"fusion-column-wrapper fusion-column-has-shadow fusion-flex-column-wrapper-legacy\"><div class=\"fusion-title title fusion-title-3 fusion-sep-none fusion-title-text fusion-title-size-two\" style=\"--awb-margin-bottom:1em;--awb-margin-top-small:0px;--awb-margin-right-small:0px;--awb-margin-bottom-small:20px;--awb-margin-left-small:0px;\"><h2 class=\"fusion-title-heading title-heading-left\" style=\"margin:0;\">Desaf\u00edos para los lubricantes de fundici\u00f3n<\/h2><\/div><div class=\"fusion-sep-clear\"><\/div><div class=\"fusion-separator fusion-full-width-sep\" style=\"margin-left: auto;margin-right: auto;margin-top:-1.5%;margin-bottom:4%;width:100%;\"><div class=\"fusion-separator-border sep-single sep-solid\" style=\"--awb-height:20px;--awb-amount:20px;--awb-sep-color:#8c8989;border-color:#8c8989;border-top-width:2px;\"><\/div><\/div><div class=\"fusion-sep-clear\"><\/div><div class=\"fusion-text fusion-text-1\"><p>Durante el proceso de colada continua de flujo abierto, la lubricaci\u00f3n del molde es vital para evitar que la hebra se pegue al molde.\u00a0Adem\u00e1s, los operadores buscan garantizar la calidad de la superficie, mejorar la transferencia de calor, proteger los moldes de los dep\u00f3sitos, minimizar el consumo continuo de fluido de fundici\u00f3n, proteger a los trabajadores de los humos, olores y llamas, y aumentar la eficiencia del proceso con velocidades de fundici\u00f3n m\u00e1s altas.<\/p>\n<\/div><div class=\"fusion-title title fusion-title-4 fusion-sep-none fusion-title-text fusion-title-size-two\" style=\"--awb-margin-bottom:1em;--awb-margin-top-small:0px;--awb-margin-right-small:0px;--awb-margin-bottom-small:20px;--awb-margin-left-small:0px;\"><h2 class=\"fusion-title-heading title-heading-left\" style=\"margin:0;\">Optimizaci\u00f3n de operaciones<\/h2><\/div><div class=\"fusion-sep-clear\"><\/div><div class=\"fusion-separator fusion-full-width-sep\" style=\"margin-left: auto;margin-right: auto;margin-top:-1.5%;margin-bottom:4%;width:100%;\"><div class=\"fusion-separator-border sep-single sep-solid\" style=\"--awb-height:20px;--awb-amount:20px;--awb-sep-color:#8c8989;border-color:#8c8989;border-top-width:2px;\"><\/div><\/div><div class=\"fusion-sep-clear\"><\/div><div class=\"fusion-text fusion-text-2\"><p>Quaker Houghton ha podido perfeccionar su experiencia en el desarrollo de aceites de fundici\u00f3n trabajando con los principales fabricantes de acero y estableciendo relaciones estrechas con los OEM para desarrollar lubricantes de desmoldeo de fundici\u00f3n continua.\u00a0Para lograr el rendimiento operativo deseado, utilizamos fluidos seleccionados, como materias primas v\u00edrgenes o \u00e9steres naturales de la m\u00e1s alta calidad.\u00a0El desarrollo especial de aceites de colada continua, adecuados para su prop\u00f3sito, asegura la lubricaci\u00f3n adecuada de las \u00e1reas cr\u00edticas durante el proceso y crea una atm\u00f3sfera adecuada para un proceso de colada m\u00e1s confiable con las ventajas de:<\/p>\n<\/div><ul style=\"--awb-size:16px;--awb-line-height:27.2px;--awb-icon-width:27.2px;--awb-icon-height:27.2px;--awb-icon-margin:11.2px;--awb-content-margin:38.4px;\" class=\"fusion-checklist fusion-checklist-1 fusion-checklist-default type-icons\" id=\"addedspace\"><li class=\"fusion-li-item\" style=\"\"><span class=\"icon-wrapper circle-no\"><i class=\"fusion-li-icon fa-circle fas\" aria-hidden=\"true\"><\/i><\/span><div class=\"fusion-li-item-content\">\n<h3 class=\"seoIndustry\">\tPel\u00edcula de lubricaci\u00f3n fuerte con excelentes propiedades lubricantes para piezas de fundici\u00f3n de alta velocidad<br \/>\n<\/h3>\n<\/div><\/li><li class=\"fusion-li-item\" style=\"\"><span class=\"icon-wrapper circle-no\"><i class=\"fusion-li-icon fa-circle fas\" aria-hidden=\"true\"><\/i><\/span><div class=\"fusion-li-item-content\">\n<h3 class=\"seoIndustry\">Excelente estabilidad t\u00e9rmica<br \/>\n<\/h3>\n<\/div><\/li><li class=\"fusion-li-item\" style=\"\"><span class=\"icon-wrapper circle-no\"><i class=\"fusion-li-icon fa-circle fas\" aria-hidden=\"true\"><\/i><\/span><div class=\"fusion-li-item-content\">\n<h3 class=\"seoIndustry\">Tasa de bajo consumo por tonelada de acero fundido que reduce el gasto en lubricantes<br \/>\n<\/h3>\n<\/div><\/li><li class=\"fusion-li-item\" style=\"\"><span class=\"icon-wrapper circle-no\"><i class=\"fusion-li-icon fa-circle fas\" aria-hidden=\"true\"><\/i><\/span><div class=\"fusion-li-item-content\">\n<h3 class=\"seoIndustry\">Limpieza mejorada del molde, mayor vida \u00fatil del molde y menores costos asociados con el mantenimiento del molde<br \/>\n<\/h3>\n<\/div><\/li><li class=\"fusion-li-item\" style=\"\"><span class=\"icon-wrapper circle-no\"><i class=\"fusion-li-icon fa-circle fas\" aria-hidden=\"true\"><\/i><\/span><div class=\"fusion-li-item-content\">\n<h3 class=\"seoIndustry\">Calidad mejorada de la superficie de la palanquilla<br \/>\n<\/h3>\n<\/div><\/li><li class=\"fusion-li-item\" style=\"\"><span class=\"icon-wrapper circle-no\"><i class=\"fusion-li-icon fa-circle fas\" aria-hidden=\"true\"><\/i><\/span><div class=\"fusion-li-item-content\">\n<h3 class=\"seoIndustry\">Formaci\u00f3n de humo reducida<br \/>\n<\/h3>\n<\/div><\/li><li class=\"fusion-li-item\" style=\"\"><span class=\"icon-wrapper circle-no\"><i class=\"fusion-li-icon fa-circle fas\" aria-hidden=\"true\"><\/i><\/span><div class=\"fusion-li-item-content\">\n<h3 class=\"seoIndustry\">Recomendaciones de equipos de aplicaci\u00f3n de lubricantes para moldes, incluido el almacenamiento a granel, tanques de trabajo y bombas de aplicaci\u00f3n<br \/>\n<\/h3>\n<\/div><\/li><\/ul><div class=\"fusion-clearfix\"><\/div><\/div><\/div><div class=\"fusion-layout-column fusion_builder_column fusion-builder-column-4 fusion_builder_column_1_3 1_3 fusion-one-third fusion-column-last\" style=\"--awb-bg-size:cover;width:33.333333333333%;width:calc(33.333333333333% - ( ( 4% ) * 0.33333333333333 ) );\"><div class=\"fusion-column-wrapper fusion-column-has-shadow fusion-flex-column-wrapper-legacy\"><div class=\"fusion-title title fusion-title-5 fusion-sep-none fusion-title-text fusion-title-size-two\" style=\"--awb-margin-bottom:1em;--awb-margin-top-small:0px;--awb-margin-right-small:0px;--awb-margin-bottom-small:20px;--awb-margin-left-small:0px;\"><h2 class=\"fusion-title-heading title-heading-left\" style=\"margin:0;\"><strong>Soluciones de lubricantes de fundici\u00f3n para producci\u00f3n de palanquilla y viga<br \/>\n<\/strong><\/h2><\/div><div class=\"fusion-content-boxes content-boxes columns row fusion-columns-1 fusion-columns-total-0 fusion-content-boxes-1 content-boxes-timeline-vertical content-left content-boxes-timeline-layout content-boxes-icon-with-title PLProducts fusion-delayed-animation\" style=\"--awb-title-color:#ff7500;--awb-iconcolor:#002d72;--awb-margin-top:0px;--awb-margin-bottom:0px;--awb-hover-accent-color:#003d72;--awb-circle-hover-accent-color:transparent;--awb-item-margin-bottom:40px;\" data-animation-delay=\"350\" data-animationOffset=\"top-into-view\"><div class=\"fusion-clearfix\"><\/div><\/div><div class=\"fusion-sep-clear\"><\/div><div class=\"fusion-separator fusion-full-width-sep\" style=\"margin-left: auto;margin-right: auto;margin-top:-3%;margin-bottom:4%;width:100%;\"><div class=\"fusion-separator-border sep-single sep-solid\" style=\"--awb-height:20px;--awb-amount:20px;--awb-sep-color:#8c8989;border-color:#8c8989;border-top-width:2px;\"><\/div><\/div><div class=\"fusion-sep-clear\"><\/div><ul style=\"--awb-size:20px;--awb-iconcolor:#002d72;--awb-line-height:34px;--awb-icon-width:34px;--awb-icon-height:34px;--awb-icon-margin:14px;--awb-content-margin:48px;--awb-circlecolor:#002d72;--awb-circle-yes-font-size:17.6px;\" class=\"fusion-checklist fusion-checklist-2 fusion-checklist-default type-icons productrightA\" id=\"addedspace\"><li class=\"fusion-li-item\" style=\"\"><span class=\"icon-wrapper circle-yes\"><i class=\"fusion-li-icon awb-icon-check\" aria-hidden=\"true\"><\/i><\/span><div class=\"fusion-li-item-content\">\n<h3 class=\"solution\">Lubricantes Twin Rolling Casting<br \/>\n<\/h3>\n<\/div><\/li><\/ul><ul style=\"--awb-size:20px;--awb-iconcolor:#009cde;--awb-line-height:34px;--awb-icon-width:34px;--awb-icon-height:34px;--awb-icon-margin:14px;--awb-content-margin:48px;--awb-circlecolor:#009cde;--awb-circle-yes-font-size:17.6px;\" class=\"fusion-checklist fusion-checklist-3 fusion-checklist-default type-icons productrightB\" id=\"addedspace\"><li class=\"fusion-li-item\" style=\"\"><span class=\"icon-wrapper circle-yes\"><i class=\"fusion-li-icon awb-icon-check\" aria-hidden=\"true\"><\/i><\/span><div class=\"fusion-li-item-content\">\n<h3 class=\"solution\">Audiciones continuas<br \/>\n<\/h3>\n<\/div><\/li><\/ul><div class=\"fusion-button-wrapper\"><a class=\"fusion-button button-flat fusion-button-default-size button-custom fusion-button-default button-1 fusion-button-default-span fusion-button-default-type\" style=\"--button_accent_color:#ffffff;--button_accent_hover_color:#ffffff;--button_border_hover_color:#ffffff;--button_gradient_top_color:#ff7500;--button_gradient_bottom_color:#ff7500;--button_gradient_top_color_hover:#002d72;--button_gradient_bottom_color_hover:#002d72;\" target=\"_self\" href=\"#\" data-toggle=\"modal\" data-target=\".fusion-modal.QHContact20\"><span class=\"fusion-button-text awb-button__text awb-button__text--default\">CONT\u00c1CTENOS PARA OBTENER M\u00c1S INFORMACI\u00d3N<\/span><\/a><\/div><div class=\"fusion-clearfix\"><\/div><\/div><\/div><\/div><\/div><\/p>\n","protected":false},"excerpt":{"rendered":"","protected":false},"author":7,"featured_media":0,"parent":0,"menu_order":0,"comment_status":"closed","ping_status":"closed","template":"100-width.php","meta":{"_acf_changed":false,"_monsterinsights_skip_tracking":false,"_monsterinsights_sitenote_active":false,"_monsterinsights_sitenote_note":"","_monsterinsights_sitenote_category":0,"footnotes":""},"categories":[],"qhls":[],"region":[],"eventispl":[],"avada_template":[],"class_list":["post-534292","page","type-page","status-publish","hentry"],"acf":[],"yoast_head":"<!-- This site is optimized with the Yoast SEO Premium plugin v26.7 (Yoast SEO v27.2) - https:\/\/yoast.com\/product\/yoast-seo-premium-wordpress\/ -->\n<title>Desmoldeantes de alta calidad para lubricaci\u00f3n de fundici\u00f3n.<\/title>\n<meta name=\"description\" content=\"Durante el proceso de colada continua de flujo abierto, la lubricaci\u00f3n del molde es vital para evitar que la hebra se pegue al molde.\u00a0Adem\u00e1s, los operadores buscan garantizar la calidad de la superficie, mejorar la transferencia de calor, proteger los moldes de los dep\u00f3sitos, minimizar el consumo continuo de fluido de fundici\u00f3n, proteger a los trabajadores de los humos, olores y llamas, y aumentar la eficiencia del proceso con velocidades de fundici\u00f3n m\u00e1s altas.\" \/>\n<meta name=\"robots\" content=\"index, follow, max-snippet:-1, max-image-preview:large, max-video-preview:-1\" \/>\n<link rel=\"canonical\" href=\"https:\/\/home.quakerhoughton.com\/mx\/lubricantes-para-fundicion\/\" \/>\n<meta property=\"og:locale\" content=\"es_MX\" \/>\n<meta property=\"og:type\" content=\"article\" \/>\n<meta property=\"og:title\" content=\"Lubricantes para fundici\u00f3n\" \/>\n<meta property=\"og:description\" content=\"Durante el proceso de colada continua de flujo abierto, la lubricaci\u00f3n del molde es vital para evitar que la hebra se pegue al molde.\u00a0Adem\u00e1s, los operadores buscan garantizar la calidad de la superficie, mejorar la transferencia de calor, proteger los moldes de los dep\u00f3sitos, minimizar el consumo continuo de fluido de fundici\u00f3n, proteger a los trabajadores de los humos, olores y llamas, y aumentar la eficiencia del proceso con velocidades de fundici\u00f3n m\u00e1s altas.\" \/>\n<meta property=\"og:url\" content=\"https:\/\/home.quakerhoughton.com\/mx\/lubricantes-para-fundicion\/\" \/>\n<meta property=\"og:site_name\" content=\"Quaker Houghton\" \/>\n<meta property=\"article:modified_time\" content=\"2021-05-06T14:37:06+00:00\" \/>\n<meta name=\"twitter:card\" content=\"summary_large_image\" \/>\n<script type=\"application\/ld+json\" class=\"yoast-schema-graph\">{\"@context\":\"https:\/\/schema.org\",\"@graph\":[{\"@type\":\"WebPage\",\"@id\":\"https:\/\/home.quakerhoughton.com\/mx\/lubricantes-para-fundicion\/\",\"url\":\"https:\/\/home.quakerhoughton.com\/mx\/lubricantes-para-fundicion\/\",\"name\":\"Desmoldeantes de alta calidad para lubricaci\u00f3n de fundici\u00f3n.\",\"isPartOf\":{\"@id\":\"https:\/\/home.quakerhoughton.com\/pt-br\/#website\"},\"datePublished\":\"2021-05-06T14:37:01+00:00\",\"dateModified\":\"2021-05-06T14:37:06+00:00\",\"description\":\"Durante el proceso de colada continua de flujo abierto, la lubricaci\u00f3n del molde es vital para evitar que la hebra se pegue al molde.\u00a0Adem\u00e1s, los operadores buscan garantizar la calidad de la superficie, mejorar la transferencia de calor, proteger los moldes de los dep\u00f3sitos, minimizar el consumo continuo de fluido de fundici\u00f3n, proteger a los trabajadores de los humos, olores y llamas, y aumentar la eficiencia del proceso con velocidades de fundici\u00f3n m\u00e1s altas.\",\"breadcrumb\":{\"@id\":\"https:\/\/home.quakerhoughton.com\/mx\/lubricantes-para-fundicion\/#breadcrumb\"},\"inLanguage\":\"es\",\"potentialAction\":[{\"@type\":\"ReadAction\",\"target\":[\"https:\/\/home.quakerhoughton.com\/mx\/lubricantes-para-fundicion\/\"]}]},{\"@type\":\"BreadcrumbList\",\"@id\":\"https:\/\/home.quakerhoughton.com\/mx\/lubricantes-para-fundicion\/#breadcrumb\",\"itemListElement\":[{\"@type\":\"ListItem\",\"position\":1,\"name\":\"Home\",\"item\":\"https:\/\/home.quakerhoughton.com\/mx\/\"},{\"@type\":\"ListItem\",\"position\":2,\"name\":\"Lubricantes para fundici\u00f3n\"}]},{\"@type\":\"WebSite\",\"@id\":\"https:\/\/home.quakerhoughton.com\/pt-br\/#website\",\"url\":\"https:\/\/home.quakerhoughton.com\/pt-br\/\",\"name\":\"Quaker Houghton\",\"description\":\"\",\"publisher\":{\"@id\":\"https:\/\/home.quakerhoughton.com\/pt-br\/#organization\"},\"potentialAction\":[{\"@type\":\"SearchAction\",\"target\":{\"@type\":\"EntryPoint\",\"urlTemplate\":\"https:\/\/home.quakerhoughton.com\/pt-br\/?s={search_term_string}\"},\"query-input\":{\"@type\":\"PropertyValueSpecification\",\"valueRequired\":true,\"valueName\":\"search_term_string\"}}],\"inLanguage\":\"es\"},{\"@type\":\"Organization\",\"@id\":\"https:\/\/home.quakerhoughton.com\/pt-br\/#organization\",\"name\":\"Quaker Houghton\",\"url\":\"https:\/\/home.quakerhoughton.com\/pt-br\/\",\"logo\":{\"@type\":\"ImageObject\",\"inLanguage\":\"es\",\"@id\":\"https:\/\/home.quakerhoughton.com\/pt-br\/#\/schema\/logo\/image\/\",\"url\":\"https:\/\/home.quakerhoughton.com\/wp-content\/uploads\/2019\/05\/Website_Shared_link_image.png\",\"contentUrl\":\"https:\/\/home.quakerhoughton.com\/wp-content\/uploads\/2019\/05\/Website_Shared_link_image.png\",\"width\":1200,\"height\":627,\"caption\":\"Quaker Houghton\"},\"image\":{\"@id\":\"https:\/\/home.quakerhoughton.com\/pt-br\/#\/schema\/logo\/image\/\"}}]}<\/script>\n<!-- \/ Yoast SEO Premium plugin. -->","yoast_head_json":{"title":"Desmoldeantes de alta calidad para lubricaci\u00f3n de fundici\u00f3n.","description":"Durante el proceso de colada continua de flujo abierto, la lubricaci\u00f3n del molde es vital para evitar que la hebra se pegue al molde.\u00a0Adem\u00e1s, los operadores buscan garantizar la calidad de la superficie, mejorar la transferencia de calor, proteger los moldes de los dep\u00f3sitos, minimizar el consumo continuo de fluido de fundici\u00f3n, proteger a los trabajadores de los humos, olores y llamas, y aumentar la eficiencia del proceso con velocidades de fundici\u00f3n m\u00e1s altas.","robots":{"index":"index","follow":"follow","max-snippet":"max-snippet:-1","max-image-preview":"max-image-preview:large","max-video-preview":"max-video-preview:-1"},"canonical":"https:\/\/home.quakerhoughton.com\/mx\/lubricantes-para-fundicion\/","og_locale":"es_MX","og_type":"article","og_title":"Lubricantes para fundici\u00f3n","og_description":"Durante el proceso de colada continua de flujo abierto, la lubricaci\u00f3n del molde es vital para evitar que la hebra se pegue al molde.\u00a0Adem\u00e1s, los operadores buscan garantizar la calidad de la superficie, mejorar la transferencia de calor, proteger los moldes de los dep\u00f3sitos, minimizar el consumo continuo de fluido de fundici\u00f3n, proteger a los trabajadores de los humos, olores y llamas, y aumentar la eficiencia del proceso con velocidades de fundici\u00f3n m\u00e1s altas.","og_url":"https:\/\/home.quakerhoughton.com\/mx\/lubricantes-para-fundicion\/","og_site_name":"Quaker Houghton","article_modified_time":"2021-05-06T14:37:06+00:00","twitter_card":"summary_large_image","schema":{"@context":"https:\/\/schema.org","@graph":[{"@type":"WebPage","@id":"https:\/\/home.quakerhoughton.com\/mx\/lubricantes-para-fundicion\/","url":"https:\/\/home.quakerhoughton.com\/mx\/lubricantes-para-fundicion\/","name":"Desmoldeantes de alta calidad para lubricaci\u00f3n de fundici\u00f3n.","isPartOf":{"@id":"https:\/\/home.quakerhoughton.com\/pt-br\/#website"},"datePublished":"2021-05-06T14:37:01+00:00","dateModified":"2021-05-06T14:37:06+00:00","description":"Durante el proceso de colada continua de flujo abierto, la lubricaci\u00f3n del molde es vital para evitar que la hebra se pegue al molde.\u00a0Adem\u00e1s, los operadores buscan garantizar la calidad de la superficie, mejorar la transferencia de calor, proteger los moldes de los dep\u00f3sitos, minimizar el consumo continuo de fluido de fundici\u00f3n, proteger a los trabajadores de los humos, olores y llamas, y aumentar la eficiencia del proceso con velocidades de fundici\u00f3n m\u00e1s altas.","breadcrumb":{"@id":"https:\/\/home.quakerhoughton.com\/mx\/lubricantes-para-fundicion\/#breadcrumb"},"inLanguage":"es","potentialAction":[{"@type":"ReadAction","target":["https:\/\/home.quakerhoughton.com\/mx\/lubricantes-para-fundicion\/"]}]},{"@type":"BreadcrumbList","@id":"https:\/\/home.quakerhoughton.com\/mx\/lubricantes-para-fundicion\/#breadcrumb","itemListElement":[{"@type":"ListItem","position":1,"name":"Home","item":"https:\/\/home.quakerhoughton.com\/mx\/"},{"@type":"ListItem","position":2,"name":"Lubricantes para fundici\u00f3n"}]},{"@type":"WebSite","@id":"https:\/\/home.quakerhoughton.com\/pt-br\/#website","url":"https:\/\/home.quakerhoughton.com\/pt-br\/","name":"Quaker Houghton","description":"","publisher":{"@id":"https:\/\/home.quakerhoughton.com\/pt-br\/#organization"},"potentialAction":[{"@type":"SearchAction","target":{"@type":"EntryPoint","urlTemplate":"https:\/\/home.quakerhoughton.com\/pt-br\/?s={search_term_string}"},"query-input":{"@type":"PropertyValueSpecification","valueRequired":true,"valueName":"search_term_string"}}],"inLanguage":"es"},{"@type":"Organization","@id":"https:\/\/home.quakerhoughton.com\/pt-br\/#organization","name":"Quaker Houghton","url":"https:\/\/home.quakerhoughton.com\/pt-br\/","logo":{"@type":"ImageObject","inLanguage":"es","@id":"https:\/\/home.quakerhoughton.com\/pt-br\/#\/schema\/logo\/image\/","url":"https:\/\/home.quakerhoughton.com\/wp-content\/uploads\/2019\/05\/Website_Shared_link_image.png","contentUrl":"https:\/\/home.quakerhoughton.com\/wp-content\/uploads\/2019\/05\/Website_Shared_link_image.png","width":1200,"height":627,"caption":"Quaker Houghton"},"image":{"@id":"https:\/\/home.quakerhoughton.com\/pt-br\/#\/schema\/logo\/image\/"}}]}},"_links":{"self":[{"href":"https:\/\/home.quakerhoughton.com\/mx\/wp-json\/wp\/v2\/pages\/534292","targetHints":{"allow":["GET"]}}],"collection":[{"href":"https:\/\/home.quakerhoughton.com\/mx\/wp-json\/wp\/v2\/pages"}],"about":[{"href":"https:\/\/home.quakerhoughton.com\/mx\/wp-json\/wp\/v2\/types\/page"}],"author":[{"embeddable":true,"href":"https:\/\/home.quakerhoughton.com\/mx\/wp-json\/wp\/v2\/users\/7"}],"replies":[{"embeddable":true,"href":"https:\/\/home.quakerhoughton.com\/mx\/wp-json\/wp\/v2\/comments?post=534292"}],"version-history":[{"count":3,"href":"https:\/\/home.quakerhoughton.com\/mx\/wp-json\/wp\/v2\/pages\/534292\/revisions"}],"predecessor-version":[{"id":534295,"href":"https:\/\/home.quakerhoughton.com\/mx\/wp-json\/wp\/v2\/pages\/534292\/revisions\/534295"}],"wp:attachment":[{"href":"https:\/\/home.quakerhoughton.com\/mx\/wp-json\/wp\/v2\/media?parent=534292"}],"wp:term":[{"taxonomy":"category","embeddable":true,"href":"https:\/\/home.quakerhoughton.com\/mx\/wp-json\/wp\/v2\/categories?post=534292"},{"taxonomy":"qhls","embeddable":true,"href":"https:\/\/home.quakerhoughton.com\/mx\/wp-json\/wp\/v2\/qhls?post=534292"},{"taxonomy":"region","embeddable":true,"href":"https:\/\/home.quakerhoughton.com\/mx\/wp-json\/wp\/v2\/region?post=534292"},{"taxonomy":"eventispl","embeddable":true,"href":"https:\/\/home.quakerhoughton.com\/mx\/wp-json\/wp\/v2\/eventispl?post=534292"},{"taxonomy":"avada_template","embeddable":true,"href":"https:\/\/home.quakerhoughton.com\/mx\/wp-json\/wp\/v2\/avada_template?post=534292"}],"curies":[{"name":"wp","href":"https:\/\/api.w.org\/{rel}","templated":true}]}}