{"id":527501,"date":"2020-09-14T13:02:09","date_gmt":"2020-09-14T17:02:09","guid":{"rendered":"https:\/\/home.quakerhoughton.com\/przemyslu\/"},"modified":"2020-09-17T16:25:45","modified_gmt":"2020-09-17T20:25:45","slug":"przemyslu","status":"publish","type":"page","link":"https:\/\/home.quakerhoughton.com\/pl\/przemyslu\/","title":{"rendered":"Przemys\u0142u"},"content":{"rendered":"<div class=\"fusion-fullwidth fullwidth-box fusion-builder-row-1 fusion-parallax-none nonhundred-percent-fullwidth non-hundred-percent-height-scrolling\" style=\"--awb-border-radius-top-left:0px;--awb-border-radius-top-right:0px;--awb-border-radius-bottom-right:0px;--awb-border-radius-bottom-left:0px;--awb-padding-top:150px;--awb-padding-bottom:150px;--awb-background-color:rgba(242,242,242,0);--awb-background-image:url(&quot;https:\/\/home.quakerhoughton.com\/wp-content\/uploads\/2020\/07\/Homepage_section_images_2400x1500_Stepped-Metal-1200x750.jpg&quot;);--awb-background-size:cover;--awb-flex-wrap:wrap;\" id=\"container_image_2\" ><div class=\"fusion-builder-row fusion-row\"><div class=\"fusion-layout-column fusion_builder_column fusion-builder-column-0 fusion_builder_column_2_3 2_3 fusion-two-third fusion-column-first fusion-animated\" style=\"--awb-bg-size:cover;width:66.666666666667%;width:calc(66.666666666667% - ( ( 4% ) * 0.66666666666667 ) );margin-right: 4%;\" data-animationType=\"fadeInLeft\" data-animationDuration=\"0.3\" data-animationOffset=\"top-mid-of-view\"><div class=\"fusion-column-wrapper fusion-flex-column-wrapper-legacy\"><h1 style=\"color:#fff;font-size:2em !important;\">\r\nSpecjalistyczna wiedza bran\u017cowa<\/h1><p id=\"whiteText\">Nasi do\u015bwiadczeni, zaanga\u017cowani eksperci niestrudzenie pracuj\u0105, aby sprosta\u0107 najtrudniejszym wyzwaniom, zar\u00f3wno w Pa\u0144stwa fabrykach, jak i w naszych w\u0142asnych laboratoriach, zak\u0142adach i biurach.<\/p><div class=\"fusion-clearfix\"><\/div><\/div><\/div><div class=\"fusion-layout-column fusion_builder_column fusion-builder-column-1 fusion_builder_column_1_3 1_3 fusion-one-third fusion-column-last\" style=\"--awb-bg-position:left center;--awb-bg-size:cover;width:33.333333333333%;width:calc(33.333333333333% - ( ( 4% ) * 0.33333333333333 ) );\"><div class=\"fusion-column-wrapper fusion-flex-column-wrapper-legacy\"><div class=\"fusion-clearfix\"><\/div><\/div><\/div><div class=\"fusion-layout-column fusion_builder_column fusion-builder-column-2 fusion_builder_column_1_1 1_1 fusion-one-full fusion-column-first fusion-column-last fusion-animated\" style=\"--awb-bg-size:cover;--awb-margin-top:-10px;\" data-animationType=\"fadeInLeft\" data-animationDuration=\"0.5\" data-animationOffset=\"top-into-view\" id=\"button_container2\"><div class=\"fusion-column-wrapper fusion-column-has-shadow fusion-flex-column-wrapper-legacy\"><div class=\"fusion-content-boxes content-boxes columns row fusion-columns-5 fusion-columns-total-10 fusion-content-boxes-1 content-boxes-icon-with-title content-left HomeIndustryIcons\" style=\"--awb-title-color:#ffffff;--awb-hover-accent-color:#ff7500;--awb-circle-hover-accent-color:#ff7500;\" data-animationOffset=\"top-into-view\"><div style=\"--awb-backgroundcolor:rgba(255,255,255,0);\" class=\"fusion-column content-box-column content-box-column-1 col-lg-2 col-md-2 col-sm-2 fusion-content-box-hover content-box-column-first-in-row\"><div class=\"col content-box-wrapper content-wrapper link-area-link-icon link-type-text icon-hover-animation-fade\" data-animationOffset=\"top-into-view\"><div class=\"heading heading-with-icon icon-left\"><a class=\"heading-link\" style=\"float:left;\" href=\"https:\/\/home.quakerhoughton.com\/pl\/branza-lotnicza\/\" target=\"_self\"><div aria-hidden=\"true\" class=\"image\"><img decoding=\"async\" src=\"https:\/\/home.quakerhoughton.com\/wp-content\/uploads\/2020\/01\/icon_seg_aerospace-and-defense_2018-300x300.png\" width=\"50\" height=\"50\" alt=\"\" \/><\/div><h3 class=\"content-box-heading\" style=\"--h3_typography-font-size:18px;line-height:23px;\">Lotniczych<\/h3><\/a><\/div><\/div><\/div><div style=\"--awb-backgroundcolor:rgba(255,255,255,0);\" class=\"fusion-column content-box-column content-box-column-2 col-lg-2 col-md-2 col-sm-2 fusion-content-box-hover \"><div class=\"col content-box-wrapper content-wrapper link-area-link-icon link-type-text icon-hover-animation-fade\" data-animationOffset=\"top-into-view\"><div class=\"heading heading-with-icon icon-left\"><a class=\"heading-link\" style=\"float:left;\" href=\"https:\/\/home.quakerhoughton.com\/pl\/rozwiazania-przemyslowe\/\" target=\"_self\"><div aria-hidden=\"true\" class=\"image\"><img decoding=\"async\" src=\"https:\/\/home.quakerhoughton.com\/wp-content\/uploads\/2020\/01\/icon_seg_industrial_2018.png\" width=\"50\" height=\"50\" alt=\"\" \/><\/div><h3 class=\"content-box-heading\" style=\"--h3_typography-font-size:18px;line-height:23px;\">Przemys\u0142owe<\/h3><\/a><\/div><\/div><\/div><div style=\"--awb-backgroundcolor:rgba(255,255,255,0);\" class=\"fusion-column content-box-column content-box-column-3 col-lg-2 col-md-2 col-sm-2 fusion-content-box-hover \"><div class=\"col content-box-wrapper content-wrapper link-area-link-icon link-type-text icon-hover-animation-fade\" data-animationOffset=\"top-into-view\"><div class=\"heading heading-with-icon icon-left\"><a class=\"heading-link\" style=\"float:left;\" href=\"https:\/\/home.quakerhoughton.com\/pl\/rozwiazania-w-zakresie-produkcji-pojemnikow-metalowych\/\" target=\"_self\"><div aria-hidden=\"true\" class=\"image\"><img decoding=\"async\" src=\"https:\/\/home.quakerhoughton.com\/wp-content\/uploads\/2020\/01\/icon_seg_can_2018.png\" width=\"50\" height=\"50.1\" alt=\"\" \/><\/div><h3 class=\"content-box-heading\" style=\"--h3_typography-font-size:18px;line-height:23px;\">Metalowe pojemniki<\/h3><\/a><\/div><\/div><\/div><div style=\"--awb-backgroundcolor:rgba(255,255,255,0);\" class=\"fusion-column content-box-column content-box-column-4 col-lg-2 col-md-2 col-sm-2 fusion-content-box-hover \"><div class=\"col content-box-wrapper content-wrapper link-area-link-icon link-type-text icon-hover-animation-fade\" data-animationOffset=\"top-into-view\"><div class=\"heading heading-with-icon icon-left\"><a class=\"heading-link\" style=\"float:left;\" href=\"https:\/\/home.quakerhoughton.com\/pl\/wykanczanie-metalu\/\" target=\"_self\"><div aria-hidden=\"true\" class=\"image\"><img decoding=\"async\" src=\"https:\/\/home.quakerhoughton.com\/wp-content\/uploads\/2020\/01\/icon_seg_metal_finishing_2018.png\" width=\"50\" height=\"49.96\" alt=\"\" \/><\/div><h3 class=\"content-box-heading\" style=\"--h3_typography-font-size:18px;line-height:23px;\">Wyka\u0144czanie metalu<\/h3><\/a><\/div><\/div><\/div><div style=\"--awb-backgroundcolor:rgba(255,255,255,0);\" class=\"fusion-column content-box-column content-box-column-5 col-lg-2 col-md-2 col-sm-2 fusion-content-box-hover content-box-column-last-in-row\"><div class=\"col content-box-wrapper content-wrapper link-area-link-icon link-type-text icon-hover-animation-fade\" data-animationOffset=\"top-into-view\"><div class=\"heading heading-with-icon icon-left\"><a class=\"heading-link\" style=\"float:left;\" href=\"https:\/\/home.quakerhoughton.com\/pl\/inteligentne-plyny-gornicze\/\" target=\"_self\"><div aria-hidden=\"true\" class=\"image\"><img decoding=\"async\" src=\"https:\/\/home.quakerhoughton.com\/wp-content\/uploads\/2019\/09\/icon_seg_energy-mining_2018.png\" width=\"50\" height=\"50\" alt=\"\" \/><\/div><h3 class=\"content-box-heading\" style=\"--h3_typography-font-size:18px;line-height:23px;\">Wyszukiwania<\/h3><\/a><\/div><\/div><\/div><div style=\"--awb-backgroundcolor:rgba(255,255,255,0);\" class=\"fusion-column content-box-column content-box-column-6 col-lg-2 col-md-2 col-sm-2 fusion-content-box-hover content-box-column-first-in-row\"><div class=\"col content-box-wrapper content-wrapper link-area-link-icon link-type-text icon-hover-animation-fade\" data-animationOffset=\"top-into-view\"><div class=\"heading heading-with-icon icon-left\"><a class=\"heading-link\" style=\"float:left;\" href=\"https:\/\/home.quakerhoughton.com\/pl\/metale-niezelazne\/\" target=\"_self\"><div aria-hidden=\"true\" class=\"image\"><img decoding=\"async\" src=\"https:\/\/home.quakerhoughton.com\/wp-content\/uploads\/2020\/01\/icon_seg_non-ferrous_2018.png\" width=\"50\" height=\"50\" alt=\"\" \/><\/div><h3 class=\"content-box-heading\" style=\"--h3_typography-font-size:18px;line-height:23px;\">Nie\u017celazne<\/h3><\/a><\/div><\/div><\/div><div style=\"--awb-backgroundcolor:rgba(255,255,255,0);\" class=\"fusion-column content-box-column content-box-column-7 col-lg-2 col-md-2 col-sm-2 fusion-content-box-hover \"><div class=\"col content-box-wrapper content-wrapper link-area-link-icon link-type-text icon-hover-animation-fade\" data-animationOffset=\"top-into-view\"><div class=\"heading heading-with-icon icon-left\"><a class=\"heading-link\" style=\"float:left;\" href=\"https:\/\/home.quakerhoughton.com\/pl\/smary-morskie\/\" target=\"_self\"><div aria-hidden=\"true\" class=\"image\"><img decoding=\"async\" src=\"https:\/\/home.quakerhoughton.com\/wp-content\/uploads\/2020\/01\/icon_seg_energy-offshore_2018.png\" width=\"50\" height=\"50\" alt=\"\" \/><\/div><h3 class=\"content-box-heading\" style=\"--h3_typography-font-size:18px;line-height:23px;\">Offshore<\/h3><\/a><\/div><\/div><\/div><div style=\"--awb-backgroundcolor:rgba(255,255,255,0);\" class=\"fusion-column content-box-column content-box-column-8 col-lg-2 col-md-2 col-sm-2 fusion-content-box-hover \"><div class=\"col content-box-wrapper content-wrapper link-area-link-icon link-type-text icon-hover-animation-fade\" data-animationOffset=\"top-into-view\"><div class=\"heading heading-with-icon icon-left\"><a class=\"heading-link\" style=\"float:left;\" href=\"https:\/\/home.quakerhoughton.com\/pl\/stal\/\" target=\"_self\"><div aria-hidden=\"true\" class=\"image\"><img decoding=\"async\" src=\"https:\/\/home.quakerhoughton.com\/wp-content\/uploads\/2020\/01\/icon_seg_steel_2018.png\" width=\"50\" height=\"50\" alt=\"\" \/><\/div><h3 class=\"content-box-heading\" style=\"--h3_typography-font-size:18px;line-height:23px;\">Stali<\/h3><\/a><\/div><\/div><\/div><div style=\"--awb-backgroundcolor:rgba(255,255,255,0);\" class=\"fusion-column content-box-column content-box-column-9 col-lg-2 col-md-2 col-sm-2 fusion-content-box-hover \"><div class=\"col content-box-wrapper content-wrapper link-area-link-icon link-type-text icon-hover-animation-fade\" data-animationOffset=\"top-into-view\"><div class=\"heading heading-with-icon icon-left\"><a class=\"heading-link\" style=\"float:left;\" href=\"https:\/\/home.quakerhoughton.com\/pl\/transport-nowy\/\" target=\"_self\"><div aria-hidden=\"true\" class=\"image\"><img decoding=\"async\" src=\"https:\/\/home.quakerhoughton.com\/wp-content\/uploads\/2020\/01\/icon_seg_transportation-OEM_2018.png\" width=\"50\" height=\"50\" alt=\"\" \/><\/div><h3 class=\"content-box-heading\" style=\"--h3_typography-font-size:18px;line-height:23px;\">Transport, Nowy<\/h3><\/a><\/div><\/div><\/div><div style=\"--awb-backgroundcolor:rgba(255,255,255,0);\" class=\"fusion-column content-box-column content-box-column-10 col-lg-2 col-md-2 col-sm-2 fusion-content-box-hover content-box-column-last content-box-column-last-in-row\"><div class=\"col content-box-wrapper content-wrapper link-area-link-icon link-type-text icon-hover-animation-fade\" data-animationOffset=\"top-into-view\"><div class=\"heading heading-with-icon icon-left\"><a class=\"heading-link\" style=\"float:left;\" href=\"https:\/\/home.quakerhoughton.com\/pl\/tube\/\" target=\"_self\"><div aria-hidden=\"true\" class=\"image\"><img decoding=\"async\" src=\"https:\/\/home.quakerhoughton.com\/wp-content\/uploads\/2020\/01\/icon_seg_tubepipe_2018.png\" width=\"50\" height=\"50\" alt=\"\" \/><\/div><h3 class=\"content-box-heading\" style=\"--h3_typography-font-size:18px;line-height:23px;\">Rura i rura<\/h3><\/a><\/div><\/div><\/div><div class=\"fusion-clearfix\"><\/div><\/div><div class=\"fusion-clearfix\"><\/div><\/div><\/div><\/div><\/div>\n","protected":false},"excerpt":{"rendered":"","protected":false},"author":7,"featured_media":0,"parent":0,"menu_order":0,"comment_status":"closed","ping_status":"closed","template":"100-width.php","meta":{"_acf_changed":false,"_monsterinsights_skip_tracking":false,"_monsterinsights_sitenote_active":false,"_monsterinsights_sitenote_note":"","_monsterinsights_sitenote_category":0,"footnotes":""},"categories":[],"qhls":[],"region":[],"eventispl":[],"avada_template":[],"class_list":["post-527501","page","type-page","status-publish","hentry"],"acf":[],"yoast_head":"<!-- This site is optimized with the Yoast SEO Premium plugin v26.7 (Yoast SEO v27.2) - https:\/\/yoast.com\/product\/yoast-seo-premium-wordpress\/ -->\n<title>Specjalistyczna wiedza bran\u017cowa Nasi do\u015bwiadczeni, zaanga\u017cowani eksperci niestrudzenie pracuj\u0105, aby sprosta\u0107 najtrudniejszym wyzwaniom, zar\u00f3wno w Pa\u0144stwa fabrykach, jak i w naszych w\u0142asnych laboratoriach, zak\u0142adach i biurach.<\/title>\n<meta name=\"description\" content=\"Przemys\u0142u\" \/>\n<meta name=\"robots\" content=\"noindex, nofollow\" \/>\n<meta property=\"og:locale\" content=\"pl_PL\" \/>\n<meta property=\"og:type\" content=\"article\" \/>\n<meta property=\"og:title\" content=\"Przemys\u0142u\" \/>\n<meta property=\"og:description\" content=\"Przemys\u0142u\" \/>\n<meta property=\"og:url\" content=\"https:\/\/home.quakerhoughton.com\/pl\/przemyslu\/\" \/>\n<meta property=\"og:site_name\" content=\"Quaker Houghton\" \/>\n<meta property=\"article:modified_time\" content=\"2020-09-17T20:25:45+00:00\" \/>\n<meta name=\"twitter:card\" content=\"summary_large_image\" \/>\n<script type=\"application\/ld+json\" class=\"yoast-schema-graph\">{\"@context\":\"https:\/\/schema.org\",\"@graph\":[{\"@type\":\"WebPage\",\"@id\":\"https:\/\/home.quakerhoughton.com\/pl\/przemyslu\/\",\"url\":\"https:\/\/home.quakerhoughton.com\/pl\/przemyslu\/\",\"name\":\"Specjalistyczna wiedza bran\u017cowa Nasi do\u015bwiadczeni, zaanga\u017cowani eksperci niestrudzenie pracuj\u0105, aby sprosta\u0107 najtrudniejszym wyzwaniom, zar\u00f3wno w Pa\u0144stwa fabrykach, jak i w naszych w\u0142asnych laboratoriach, zak\u0142adach i biurach.\",\"isPartOf\":{\"@id\":\"https:\/\/home.quakerhoughton.com\/pt-br\/#website\"},\"datePublished\":\"2020-09-14T17:02:09+00:00\",\"dateModified\":\"2020-09-17T20:25:45+00:00\",\"description\":\"Przemys\u0142u\",\"breadcrumb\":{\"@id\":\"https:\/\/home.quakerhoughton.com\/pl\/przemyslu\/#breadcrumb\"},\"inLanguage\":\"pl-PL\",\"potentialAction\":[{\"@type\":\"ReadAction\",\"target\":[\"https:\/\/home.quakerhoughton.com\/pl\/przemyslu\/\"]}]},{\"@type\":\"BreadcrumbList\",\"@id\":\"https:\/\/home.quakerhoughton.com\/pl\/przemyslu\/#breadcrumb\",\"itemListElement\":[{\"@type\":\"ListItem\",\"position\":1,\"name\":\"Home\",\"item\":\"https:\/\/home.quakerhoughton.com\/pl\/\"},{\"@type\":\"ListItem\",\"position\":2,\"name\":\"Przemys\u0142u\"}]},{\"@type\":\"WebSite\",\"@id\":\"https:\/\/home.quakerhoughton.com\/pt-br\/#website\",\"url\":\"https:\/\/home.quakerhoughton.com\/pt-br\/\",\"name\":\"Quaker Houghton\",\"description\":\"\",\"publisher\":{\"@id\":\"https:\/\/home.quakerhoughton.com\/pt-br\/#organization\"},\"potentialAction\":[{\"@type\":\"SearchAction\",\"target\":{\"@type\":\"EntryPoint\",\"urlTemplate\":\"https:\/\/home.quakerhoughton.com\/pt-br\/?s={search_term_string}\"},\"query-input\":{\"@type\":\"PropertyValueSpecification\",\"valueRequired\":true,\"valueName\":\"search_term_string\"}}],\"inLanguage\":\"pl-PL\"},{\"@type\":\"Organization\",\"@id\":\"https:\/\/home.quakerhoughton.com\/pt-br\/#organization\",\"name\":\"Quaker Houghton\",\"url\":\"https:\/\/home.quakerhoughton.com\/pt-br\/\",\"logo\":{\"@type\":\"ImageObject\",\"inLanguage\":\"pl-PL\",\"@id\":\"https:\/\/home.quakerhoughton.com\/pt-br\/#\/schema\/logo\/image\/\",\"url\":\"https:\/\/home.quakerhoughton.com\/wp-content\/uploads\/2019\/05\/Website_Shared_link_image.png\",\"contentUrl\":\"https:\/\/home.quakerhoughton.com\/wp-content\/uploads\/2019\/05\/Website_Shared_link_image.png\",\"width\":1200,\"height\":627,\"caption\":\"Quaker Houghton\"},\"image\":{\"@id\":\"https:\/\/home.quakerhoughton.com\/pt-br\/#\/schema\/logo\/image\/\"}}]}<\/script>\n<!-- \/ Yoast SEO Premium plugin. -->","yoast_head_json":{"title":"Specjalistyczna wiedza bran\u017cowa Nasi do\u015bwiadczeni, zaanga\u017cowani eksperci niestrudzenie pracuj\u0105, aby sprosta\u0107 najtrudniejszym wyzwaniom, zar\u00f3wno w Pa\u0144stwa fabrykach, jak i w naszych w\u0142asnych laboratoriach, zak\u0142adach i biurach.","description":"Przemys\u0142u","robots":{"index":"noindex","follow":"nofollow"},"og_locale":"pl_PL","og_type":"article","og_title":"Przemys\u0142u","og_description":"Przemys\u0142u","og_url":"https:\/\/home.quakerhoughton.com\/pl\/przemyslu\/","og_site_name":"Quaker Houghton","article_modified_time":"2020-09-17T20:25:45+00:00","twitter_card":"summary_large_image","schema":{"@context":"https:\/\/schema.org","@graph":[{"@type":"WebPage","@id":"https:\/\/home.quakerhoughton.com\/pl\/przemyslu\/","url":"https:\/\/home.quakerhoughton.com\/pl\/przemyslu\/","name":"Specjalistyczna wiedza bran\u017cowa Nasi do\u015bwiadczeni, zaanga\u017cowani eksperci niestrudzenie pracuj\u0105, aby sprosta\u0107 najtrudniejszym wyzwaniom, zar\u00f3wno w Pa\u0144stwa fabrykach, jak i w naszych w\u0142asnych laboratoriach, zak\u0142adach i biurach.","isPartOf":{"@id":"https:\/\/home.quakerhoughton.com\/pt-br\/#website"},"datePublished":"2020-09-14T17:02:09+00:00","dateModified":"2020-09-17T20:25:45+00:00","description":"Przemys\u0142u","breadcrumb":{"@id":"https:\/\/home.quakerhoughton.com\/pl\/przemyslu\/#breadcrumb"},"inLanguage":"pl-PL","potentialAction":[{"@type":"ReadAction","target":["https:\/\/home.quakerhoughton.com\/pl\/przemyslu\/"]}]},{"@type":"BreadcrumbList","@id":"https:\/\/home.quakerhoughton.com\/pl\/przemyslu\/#breadcrumb","itemListElement":[{"@type":"ListItem","position":1,"name":"Home","item":"https:\/\/home.quakerhoughton.com\/pl\/"},{"@type":"ListItem","position":2,"name":"Przemys\u0142u"}]},{"@type":"WebSite","@id":"https:\/\/home.quakerhoughton.com\/pt-br\/#website","url":"https:\/\/home.quakerhoughton.com\/pt-br\/","name":"Quaker Houghton","description":"","publisher":{"@id":"https:\/\/home.quakerhoughton.com\/pt-br\/#organization"},"potentialAction":[{"@type":"SearchAction","target":{"@type":"EntryPoint","urlTemplate":"https:\/\/home.quakerhoughton.com\/pt-br\/?s={search_term_string}"},"query-input":{"@type":"PropertyValueSpecification","valueRequired":true,"valueName":"search_term_string"}}],"inLanguage":"pl-PL"},{"@type":"Organization","@id":"https:\/\/home.quakerhoughton.com\/pt-br\/#organization","name":"Quaker Houghton","url":"https:\/\/home.quakerhoughton.com\/pt-br\/","logo":{"@type":"ImageObject","inLanguage":"pl-PL","@id":"https:\/\/home.quakerhoughton.com\/pt-br\/#\/schema\/logo\/image\/","url":"https:\/\/home.quakerhoughton.com\/wp-content\/uploads\/2019\/05\/Website_Shared_link_image.png","contentUrl":"https:\/\/home.quakerhoughton.com\/wp-content\/uploads\/2019\/05\/Website_Shared_link_image.png","width":1200,"height":627,"caption":"Quaker Houghton"},"image":{"@id":"https:\/\/home.quakerhoughton.com\/pt-br\/#\/schema\/logo\/image\/"}}]}},"_links":{"self":[{"href":"https:\/\/home.quakerhoughton.com\/pl\/wp-json\/wp\/v2\/pages\/527501","targetHints":{"allow":["GET"]}}],"collection":[{"href":"https:\/\/home.quakerhoughton.com\/pl\/wp-json\/wp\/v2\/pages"}],"about":[{"href":"https:\/\/home.quakerhoughton.com\/pl\/wp-json\/wp\/v2\/types\/page"}],"author":[{"embeddable":true,"href":"https:\/\/home.quakerhoughton.com\/pl\/wp-json\/wp\/v2\/users\/7"}],"replies":[{"embeddable":true,"href":"https:\/\/home.quakerhoughton.com\/pl\/wp-json\/wp\/v2\/comments?post=527501"}],"version-history":[{"count":3,"href":"https:\/\/home.quakerhoughton.com\/pl\/wp-json\/wp\/v2\/pages\/527501\/revisions"}],"predecessor-version":[{"id":527819,"href":"https:\/\/home.quakerhoughton.com\/pl\/wp-json\/wp\/v2\/pages\/527501\/revisions\/527819"}],"wp:attachment":[{"href":"https:\/\/home.quakerhoughton.com\/pl\/wp-json\/wp\/v2\/media?parent=527501"}],"wp:term":[{"taxonomy":"category","embeddable":true,"href":"https:\/\/home.quakerhoughton.com\/pl\/wp-json\/wp\/v2\/categories?post=527501"},{"taxonomy":"qhls","embeddable":true,"href":"https:\/\/home.quakerhoughton.com\/pl\/wp-json\/wp\/v2\/qhls?post=527501"},{"taxonomy":"region","embeddable":true,"href":"https:\/\/home.quakerhoughton.com\/pl\/wp-json\/wp\/v2\/region?post=527501"},{"taxonomy":"eventispl","embeddable":true,"href":"https:\/\/home.quakerhoughton.com\/pl\/wp-json\/wp\/v2\/eventispl?post=527501"},{"taxonomy":"avada_template","embeddable":true,"href":"https:\/\/home.quakerhoughton.com\/pl\/wp-json\/wp\/v2\/avada_template?post=527501"}],"curies":[{"name":"wp","href":"https:\/\/api.w.org\/{rel}","templated":true}]}}