{"id":1894,"date":"2018-03-16T21:11:28","date_gmt":"2018-03-16T21:11:28","guid":{"rendered":"https:\/\/home.quakerhoughton.com\/pagina-inicial\/"},"modified":"2022-12-06T14:45:43","modified_gmt":"2022-12-06T19:45:43","slug":"pagina-inicial","status":"publish","type":"page","link":"https:\/\/home.quakerhoughton.com\/pt-br\/","title":{"rendered":"P\u00e1gina inicial"},"content":{"rendered":"<p><div class=\"fusion-fullwidth fullwidth-box fusion-builder-row-1 fusion-flex-container fusion-parallax-none hundred-percent-fullwidth non-hundred-percent-height-scrolling QH21Home\" style=\"--awb-background-position:right center;--awb-border-radius-top-left:0px;--awb-border-radius-top-right:0px;--awb-border-radius-bottom-right:0px;--awb-border-radius-bottom-left:0px;--awb-padding-right:0px;--awb-padding-bottom:0px;--awb-padding-left:0px;--awb-margin-bottom:0px;--awb-background-image:url(&quot;https:\/\/home.quakerhoughton.com\/wp-content\/uploads\/2022\/01\/Home_Search_bkg_corporate-2ppl_1900x680-scaled.jpg&quot;);--awb-background-size:cover;--awb-flex-wrap:wrap;\" id=\"QH22HomeBG\" ><div class=\"fusion-builder-row fusion-row fusion-flex-align-items-flex-end fusion-flex-content-wrap\" style=\"width:104% !important;max-width:104% !important;margin-left: calc(-4% \/ 2 );margin-right: calc(-4% \/ 2 );\"><div class=\"fusion-layout-column fusion_builder_column fusion-builder-column-0 fusion_builder_column_1_1 1_1 fusion-flex-column\" style=\"--awb-padding-bottom:0px;--awb-padding-left:0px;--awb-bg-size:cover;--awb-width-large:100%;--awb-margin-top-large:0px;--awb-spacing-right-large:1.92%;--awb-margin-bottom-large:0px;--awb-spacing-left-large:1.92%;--awb-width-medium:100%;--awb-order-medium:0;--awb-spacing-right-medium:1.92%;--awb-spacing-left-medium:1.92%;--awb-width-small:100%;--awb-order-small:0;--awb-spacing-right-small:1.92%;--awb-spacing-left-small:1.92%;\"><div class=\"fusion-column-wrapper fusion-column-has-shadow fusion-flex-justify-content-flex-start fusion-content-layout-column\"><div class=\"fusion-builder-row fusion-builder-row-inner fusion-row fusion-flex-align-items-flex-end fusion-flex-content-wrap\" style=\"--awb-flex-grow:0;--awb-flex-grow-medium:0;--awb-flex-grow-small:0;--awb-flex-shrink:0;--awb-flex-shrink-medium:0;--awb-flex-shrink-small:0;width:104% !important;max-width:104% !important;margin-left: calc(-4% \/ 2 );margin-right: calc(-4% \/ 2 );\"><div class=\"fusion-layout-column fusion_builder_column_inner fusion-builder-nested-column-0 fusion_builder_column_inner_1_2 1_2 fusion-flex-column HomeColumns\" style=\"--awb-bg-size:cover;--awb-width-large:50%;--awb-margin-top-large:0px;--awb-spacing-right-large:3.84%;--awb-margin-bottom-large:20px;--awb-spacing-left-large:3.84%;--awb-width-medium:100%;--awb-order-medium:0;--awb-spacing-right-medium:1.92%;--awb-spacing-left-medium:1.92%;--awb-width-small:100%;--awb-order-small:0;--awb-spacing-right-small:1.92%;--awb-spacing-left-small:1.92%;\" id=\"HomeColumnLeft\"><div class=\"fusion-column-wrapper fusion-column-has-shadow fusion-flex-justify-content-flex-start fusion-content-layout-column\"><div class=\"welcomeTo\">\n<div id=\"welcomeTitleContainer\">\n<p id=\"welcometo\" style=\"font-size: 50px; color: white; margin-bottom: -45px; text-shadow: black 1px 1px;\">Bem-vindo \u00e0<\/p>\n\n<\/div>\n<div id=\"QHTMwrapper\">\n<h1 id=\"qh\">Quaker Houghton<\/h1>\n<span id=\"TM\">TM<\/span>\n<\/div>\n\u00a0\n<div id=\"whiteTextP\">\nSe for feito de metal, laminado, usinado, trefilado ou fundido, a Quaker Houghton est\u00e1 presente, aprimorando processos, reduzindo custos, promovendo a seguran\u00e7a e a sustentabilidade... e impulsionando o progresso.\n<br>\nOs desafios dos clientes s\u00e3o nossos desafios e criamos a combina\u00e7\u00e3o certa de ci\u00eancia, engenharia e habilidade comercial para que eles possam enfrentar o futuro plenamente confiantes de que suas opera\u00e7\u00f5es ser\u00e3o cada vez mais eficientes, cada vez mais eficazes... qualquer que seja o pr\u00f3ximo desafio.\n\n<\/div>\n<\/div>\u00a0<\/div><\/div><div class=\"fusion-layout-column fusion_builder_column_inner fusion-builder-nested-column-1 fusion_builder_column_inner_1_2 1_2 fusion-flex-column fusion-flex-align-self-center HomeColumns\" style=\"--awb-bg-size:cover;--awb-width-large:50%;--awb-margin-top-large:0px;--awb-spacing-right-large:3.84%;--awb-margin-bottom-large:20px;--awb-spacing-left-large:3.84%;--awb-width-medium:100%;--awb-order-medium:0;--awb-spacing-right-medium:1.92%;--awb-spacing-left-medium:1.92%;--awb-width-small:100%;--awb-order-small:0;--awb-spacing-right-small:1.92%;--awb-spacing-left-small:1.92%;\" id=\"HomeColumnRight\"><div class=\"fusion-column-wrapper fusion-column-has-shadow fusion-flex-justify-content-center fusion-content-layout-column\">\u00a0<\/div><\/div><\/div><div>\r\n<svg class=\"waves\" xmlns=\"http:\/\/www.w3.org\/2000\/svg\" xmlns:xlink=\"http:\/\/www.w3.org\/1999\/xlink\"\r\nviewBox=\"0 24 150 28\" preserveAspectRatio=\"none\" shape-rendering=\"auto\">\r\n<defs>\r\n<path id=\"qh-wave\" d=\"M-160 44c30 0 58-18 88-18s 58 18 88 18 58-18 88-18 58 18 88 18 v44h-352z\" \/>\r\n<\/defs>\r\n<g class=\"parallax\">\r\n<use xlink:href=\"#qh-wave\" x=\"48\" y=\"0\" fill=\"rgba(255,255,255,0.75\" \/>\r\n<use xlink:href=\"#qh-wave\" x=\"48\" y=\"3\" fill=\"rgba(255,255,255,0.50)\" \/>\r\n<use xlink:href=\"#qh-wave\" x=\"48\" y=\"5\" fill=\"rgba(255,255,255,0.311)\" \/>\r\n<use xlink:href=\"#qh-wave\" x=\"48\" y=\"7\" fill=\"#fff\" \/>\r\n<\/g>\r\n<\/svg>\r\n<\/div> <\/div><\/div><\/div><\/div><div class=\"fusion-fullwidth fullwidth-box fusion-builder-row-2 fusion-flex-container nonhundred-percent-fullwidth non-hundred-percent-height-scrolling\" style=\"--awb-border-radius-top-left:0px;--awb-border-radius-top-right:0px;--awb-border-radius-bottom-right:0px;--awb-border-radius-bottom-left:0px;--awb-margin-top:2em;--awb-flex-wrap:wrap;\" ><div class=\"fusion-builder-row fusion-row fusion-flex-align-items-flex-start fusion-flex-content-wrap\" style=\"max-width:1144px;margin-left: calc(-4% \/ 2 );margin-right: calc(-4% \/ 2 );\"><div class=\"fusion-layout-column fusion_builder_column fusion-builder-column-1 fusion_builder_column_1_2 1_2 fusion-flex-column\" style=\"--awb-bg-size:cover;--awb-width-large:50%;--awb-margin-top-large:0px;--awb-spacing-right-large:3.84%;--awb-margin-bottom-large:20px;--awb-spacing-left-large:3.84%;--awb-width-medium:100%;--awb-order-medium:0;--awb-spacing-right-medium:1.92%;--awb-spacing-left-medium:1.92%;--awb-width-small:100%;--awb-order-small:0;--awb-spacing-right-small:1.92%;--awb-spacing-left-small:1.92%;\"><div class=\"fusion-column-wrapper fusion-column-has-shadow fusion-flex-justify-content-flex-start fusion-content-layout-column\"><div class=\"fusion-title title fusion-title-1 fusion-sep-none fusion-title-text fusion-title-size-div HomeNT\" style=\"--awb-text-color:#002d72;--awb-margin-bottom:0px;--awb-margin-top-small:0px;--awb-margin-right-small:0px;--awb-margin-bottom-small:20px;--awb-margin-left-small:0px;\"><div class=\"fusion-title-heading title-heading-left title-heading-tag\" style=\"font-family:&quot;SharpSansDispNo2-Bold&quot;;font-style:normal;font-weight:400;margin:0;\"><a href=\"\/?page_id=533256\">Not\u00edcias<\/a><\/div><\/div><!--[wd_asp id=4]--><div class=\"fusion-blog-shortcode fusion-blog-shortcode-1 fusion-blog-archive fusion-blog-layout-grid-wrapper fusion-blog-no fusion-blog-no-images fusion-blog-layout-center NewsItemQHLS\"><style type=\"text\/css\">.fusion-blog-shortcode-1 .fusion-blog-layout-grid .fusion-post-grid{padding:20px;}.fusion-blog-shortcode-1 .fusion-posts-container{margin-left: -20px !important; margin-right:-20px !important;}<\/style><div class=\"fusion-posts-container fusion-posts-container-no fusion-blog-layout-grid fusion-blog-layout-grid-2 isotope fusion-blog-equal-heights\" data-pages=\"3\" data-grid-col-space=\"40\" style=\"margin: -20px -20px 0;min-height:500px;\"><article id=\"blog-1-post-546516\" class=\"fusion-post-grid post-546516 post type-post status-publish format-standard hentry category-front-page-news-pt-br category-noticias type-news-pt-br\">\n<div class=\"fusion-post-wrapper\" style=\"background-color:rgba(229,239,249,1);border:1px solid #ebeaea;border-bottom-width:3px;\"><div class=\"fusion-post-content-wrapper\" style=\"padding:30px 25px 20px 25px;\"><div class=\"fusion-post-content post-content\"><h2 class=\"blog-shortcode-post-title entry-title\"><a href=\"https:\/\/home.quakerhoughton.com\/pt-br\/quaker-houghton-to-attend-international-mining-machinery-exhibition\/\">Quaker Houghton to Attend International Mining &#038; Machinery Exhibition<\/a><\/h2><div class=\"fusion-content-sep sep-double sep-solid\"><\/div><\/div><div class=\"fusion-meta-info\"><div class=\"fusion-aligncenter\"><a class=\"fusion-read-more\" href=\"https:\/\/home.quakerhoughton.com\/pt-br\/quaker-houghton-to-attend-international-mining-machinery-exhibition\/\" aria-label=\"More on Quaker Houghton to Attend International Mining &#038; Machinery Exhibition\">Read More<\/a><\/div><\/div><\/div><div class=\"fusion-clearfix\"><\/div><\/div>\n<\/article>\n<article id=\"blog-1-post-546549\" class=\"fusion-post-grid post-546549 post type-post status-publish format-standard hentry category-front-page-news-pt-br category-noticias\">\n<div class=\"fusion-post-wrapper\" style=\"background-color:rgba(229,239,249,1);border:1px solid #ebeaea;border-bottom-width:3px;\"><div class=\"fusion-post-content-wrapper\" style=\"padding:30px 25px 20px 25px;\"><div class=\"fusion-post-content post-content\"><h2 class=\"blog-shortcode-post-title entry-title\"><a href=\"https:\/\/home.quakerhoughton.com\/pt-br\/skf-and-quaker-houghton-enter-collaboration-to-deliver-circular-use-of-oil\/\">SKF and Quaker Houghton enter collaboration to deliver circular use of oil<\/a><\/h2><div class=\"fusion-content-sep sep-double sep-solid\"><\/div><\/div><div class=\"fusion-meta-info\"><div class=\"fusion-aligncenter\"><a class=\"fusion-read-more\" href=\"https:\/\/home.quakerhoughton.com\/pt-br\/skf-and-quaker-houghton-enter-collaboration-to-deliver-circular-use-of-oil\/\" aria-label=\"More on SKF and Quaker Houghton enter collaboration to deliver circular use of oil\">Read More<\/a><\/div><\/div><\/div><div class=\"fusion-clearfix\"><\/div><\/div>\n<\/article>\n<div class=\"fusion-clearfix\"><\/div><\/div><\/div><\/div><\/div><div class=\"fusion-layout-column fusion_builder_column fusion-builder-column-2 fusion_builder_column_1_2 1_2 fusion-flex-column hide\" style=\"--awb-bg-size:cover;--awb-width-large:50%;--awb-margin-top-large:0px;--awb-spacing-right-large:3.84%;--awb-margin-bottom-large:20px;--awb-spacing-left-large:3.84%;--awb-width-medium:100%;--awb-order-medium:0;--awb-spacing-right-medium:1.92%;--awb-spacing-left-medium:1.92%;--awb-width-small:100%;--awb-order-small:0;--awb-spacing-right-small:1.92%;--awb-spacing-left-small:1.92%;\"><div class=\"fusion-column-wrapper fusion-column-has-shadow fusion-flex-justify-content-flex-start fusion-content-layout-column\"><div class=\"fusion-title title fusion-title-2 fusion-sep-none fusion-title-text fusion-title-size-div HomeNT\" style=\"--awb-text-color:#002d72;--awb-margin-bottom:0px;--awb-margin-top-small:0px;--awb-margin-right-small:0px;--awb-margin-bottom-small:20px;--awb-margin-left-small:0px;\"><div class=\"fusion-title-heading title-heading-left title-heading-tag\" style=\"font-family:&quot;SharpSansDispNo2-Bold&quot;;font-style:normal;font-weight:400;margin:0;\"><a href=\"\/?page_id=532899\">Eventos<\/a><\/div><\/div><!--[wd_asp id=5]--><\/div><\/div><\/div><\/div><\/p>\n","protected":false},"excerpt":{"rendered":"<p>Se for feito de metal, laminado, usinado, trefilado ou fundido, a Quaker Houghton est\u00e1 presente, aprimorando processos, reduzindo custos, promovendo a seguran\u00e7a e a sustentabilidade&#8230; e impulsionando o progresso.<\/p>\n","protected":false},"author":1,"featured_media":0,"parent":0,"menu_order":0,"comment_status":"closed","ping_status":"closed","template":"100-width.php","meta":{"_acf_changed":false,"_monsterinsights_skip_tracking":false,"_monsterinsights_sitenote_active":false,"_monsterinsights_sitenote_note":"","_monsterinsights_sitenote_category":0,"footnotes":""},"categories":[4003],"qhls":[],"region":[],"eventispl":[],"avada_template":[],"class_list":["post-1894","page","type-page","status-publish","hentry","category-exclude-from-search-pt-br"],"acf":[],"yoast_head":"<!-- This site is optimized with the Yoast SEO Premium plugin v26.7 (Yoast SEO v27.2) - https:\/\/yoast.com\/product\/yoast-seo-premium-wordpress\/ -->\n<title>Quaker Houghton - Produtos Qu\u00edmicos Industriais, Fluidos de Processo e Lubrificantes<\/title>\n<meta name=\"description\" content=\"Se for feito de metal, laminado, usinado, trefilado ou fundido, a Quaker Houghton est\u00e1 presente, aprimorando processos, reduzindo custos, promovendo a seguran\u00e7a e a sustentabilidade... e impulsionando o progresso.\" \/>\n<meta name=\"robots\" content=\"index, follow, max-snippet:-1, max-image-preview:large, max-video-preview:-1\" \/>\n<link rel=\"canonical\" href=\"https:\/\/home.quakerhoughton.com\/pt-br\/\" \/>\n<meta property=\"og:locale\" content=\"pt_BR\" \/>\n<meta property=\"og:type\" content=\"article\" \/>\n<meta property=\"og:title\" content=\"P\u00e1gina inicial\" \/>\n<meta property=\"og:description\" content=\"Se for feito de metal, laminado, usinado, trefilado ou fundido, a Quaker Houghton est\u00e1 presente, aprimorando processos, reduzindo custos, promovendo a seguran\u00e7a e a sustentabilidade... e impulsionando o progresso.\" \/>\n<meta property=\"og:url\" content=\"https:\/\/home.quakerhoughton.com\/pt-br\/\" \/>\n<meta property=\"og:site_name\" content=\"Quaker Houghton\" \/>\n<meta property=\"article:modified_time\" content=\"2022-12-06T19:45:43+00:00\" \/>\n<meta name=\"twitter:card\" content=\"summary_large_image\" \/>\n<script type=\"application\/ld+json\" class=\"yoast-schema-graph\">{\"@context\":\"https:\/\/schema.org\",\"@graph\":[{\"@type\":\"WebPage\",\"@id\":\"https:\/\/home.quakerhoughton.com\/pt-br\/\",\"url\":\"https:\/\/home.quakerhoughton.com\/pt-br\/\",\"name\":\"Quaker Houghton - Produtos Qu\u00edmicos Industriais, Fluidos de Processo e Lubrificantes\",\"isPartOf\":{\"@id\":\"https:\/\/home.quakerhoughton.com\/pt-br\/#website\"},\"datePublished\":\"2018-03-16T21:11:28+00:00\",\"dateModified\":\"2022-12-06T19:45:43+00:00\",\"description\":\"Se for feito de metal, laminado, usinado, trefilado ou fundido, a Quaker Houghton est\u00e1 presente, aprimorando processos, reduzindo custos, promovendo a seguran\u00e7a e a sustentabilidade... e impulsionando o progresso.\",\"breadcrumb\":{\"@id\":\"https:\/\/home.quakerhoughton.com\/pt-br\/#breadcrumb\"},\"inLanguage\":\"pt-BR\",\"potentialAction\":[{\"@type\":\"ReadAction\",\"target\":[\"https:\/\/home.quakerhoughton.com\/pt-br\/\"]}]},{\"@type\":\"BreadcrumbList\",\"@id\":\"https:\/\/home.quakerhoughton.com\/pt-br\/#breadcrumb\",\"itemListElement\":[{\"@type\":\"ListItem\",\"position\":1,\"name\":\"Home\",\"item\":\"https:\/\/home.quakerhoughton.com\/pt-br\/\"},{\"@type\":\"ListItem\",\"position\":2,\"name\":\"P\u00e1gina inicial\"}]},{\"@type\":\"WebSite\",\"@id\":\"https:\/\/home.quakerhoughton.com\/pt-br\/#website\",\"url\":\"https:\/\/home.quakerhoughton.com\/pt-br\/\",\"name\":\"Quaker Houghton\",\"description\":\"\",\"publisher\":{\"@id\":\"https:\/\/home.quakerhoughton.com\/pt-br\/#organization\"},\"potentialAction\":[{\"@type\":\"SearchAction\",\"target\":{\"@type\":\"EntryPoint\",\"urlTemplate\":\"https:\/\/home.quakerhoughton.com\/pt-br\/?s={search_term_string}\"},\"query-input\":{\"@type\":\"PropertyValueSpecification\",\"valueRequired\":true,\"valueName\":\"search_term_string\"}}],\"inLanguage\":\"pt-BR\"},{\"@type\":\"Organization\",\"@id\":\"https:\/\/home.quakerhoughton.com\/pt-br\/#organization\",\"name\":\"Quaker Houghton\",\"url\":\"https:\/\/home.quakerhoughton.com\/pt-br\/\",\"logo\":{\"@type\":\"ImageObject\",\"inLanguage\":\"pt-BR\",\"@id\":\"https:\/\/home.quakerhoughton.com\/pt-br\/#\/schema\/logo\/image\/\",\"url\":\"https:\/\/home.quakerhoughton.com\/wp-content\/uploads\/2019\/05\/Website_Shared_link_image.png\",\"contentUrl\":\"https:\/\/home.quakerhoughton.com\/wp-content\/uploads\/2019\/05\/Website_Shared_link_image.png\",\"width\":1200,\"height\":627,\"caption\":\"Quaker Houghton\"},\"image\":{\"@id\":\"https:\/\/home.quakerhoughton.com\/pt-br\/#\/schema\/logo\/image\/\"}}]}<\/script>\n<!-- \/ Yoast SEO Premium plugin. -->","yoast_head_json":{"title":"Quaker Houghton - Produtos Qu\u00edmicos Industriais, Fluidos de Processo e Lubrificantes","description":"Se for feito de metal, laminado, usinado, trefilado ou fundido, a Quaker Houghton est\u00e1 presente, aprimorando processos, reduzindo custos, promovendo a seguran\u00e7a e a sustentabilidade... e impulsionando o progresso.","robots":{"index":"index","follow":"follow","max-snippet":"max-snippet:-1","max-image-preview":"max-image-preview:large","max-video-preview":"max-video-preview:-1"},"canonical":"https:\/\/home.quakerhoughton.com\/pt-br\/","og_locale":"pt_BR","og_type":"article","og_title":"P\u00e1gina inicial","og_description":"Se for feito de metal, laminado, usinado, trefilado ou fundido, a Quaker Houghton est\u00e1 presente, aprimorando processos, reduzindo custos, promovendo a seguran\u00e7a e a sustentabilidade... e impulsionando o progresso.","og_url":"https:\/\/home.quakerhoughton.com\/pt-br\/","og_site_name":"Quaker Houghton","article_modified_time":"2022-12-06T19:45:43+00:00","twitter_card":"summary_large_image","schema":{"@context":"https:\/\/schema.org","@graph":[{"@type":"WebPage","@id":"https:\/\/home.quakerhoughton.com\/pt-br\/","url":"https:\/\/home.quakerhoughton.com\/pt-br\/","name":"Quaker Houghton - Produtos Qu\u00edmicos Industriais, Fluidos de Processo e Lubrificantes","isPartOf":{"@id":"https:\/\/home.quakerhoughton.com\/pt-br\/#website"},"datePublished":"2018-03-16T21:11:28+00:00","dateModified":"2022-12-06T19:45:43+00:00","description":"Se for feito de metal, laminado, usinado, trefilado ou fundido, a Quaker Houghton est\u00e1 presente, aprimorando processos, reduzindo custos, promovendo a seguran\u00e7a e a sustentabilidade... e impulsionando o progresso.","breadcrumb":{"@id":"https:\/\/home.quakerhoughton.com\/pt-br\/#breadcrumb"},"inLanguage":"pt-BR","potentialAction":[{"@type":"ReadAction","target":["https:\/\/home.quakerhoughton.com\/pt-br\/"]}]},{"@type":"BreadcrumbList","@id":"https:\/\/home.quakerhoughton.com\/pt-br\/#breadcrumb","itemListElement":[{"@type":"ListItem","position":1,"name":"Home","item":"https:\/\/home.quakerhoughton.com\/pt-br\/"},{"@type":"ListItem","position":2,"name":"P\u00e1gina inicial"}]},{"@type":"WebSite","@id":"https:\/\/home.quakerhoughton.com\/pt-br\/#website","url":"https:\/\/home.quakerhoughton.com\/pt-br\/","name":"Quaker Houghton","description":"","publisher":{"@id":"https:\/\/home.quakerhoughton.com\/pt-br\/#organization"},"potentialAction":[{"@type":"SearchAction","target":{"@type":"EntryPoint","urlTemplate":"https:\/\/home.quakerhoughton.com\/pt-br\/?s={search_term_string}"},"query-input":{"@type":"PropertyValueSpecification","valueRequired":true,"valueName":"search_term_string"}}],"inLanguage":"pt-BR"},{"@type":"Organization","@id":"https:\/\/home.quakerhoughton.com\/pt-br\/#organization","name":"Quaker Houghton","url":"https:\/\/home.quakerhoughton.com\/pt-br\/","logo":{"@type":"ImageObject","inLanguage":"pt-BR","@id":"https:\/\/home.quakerhoughton.com\/pt-br\/#\/schema\/logo\/image\/","url":"https:\/\/home.quakerhoughton.com\/wp-content\/uploads\/2019\/05\/Website_Shared_link_image.png","contentUrl":"https:\/\/home.quakerhoughton.com\/wp-content\/uploads\/2019\/05\/Website_Shared_link_image.png","width":1200,"height":627,"caption":"Quaker Houghton"},"image":{"@id":"https:\/\/home.quakerhoughton.com\/pt-br\/#\/schema\/logo\/image\/"}}]}},"_links":{"self":[{"href":"https:\/\/home.quakerhoughton.com\/pt-br\/wp-json\/wp\/v2\/pages\/1894","targetHints":{"allow":["GET"]}}],"collection":[{"href":"https:\/\/home.quakerhoughton.com\/pt-br\/wp-json\/wp\/v2\/pages"}],"about":[{"href":"https:\/\/home.quakerhoughton.com\/pt-br\/wp-json\/wp\/v2\/types\/page"}],"author":[{"embeddable":true,"href":"https:\/\/home.quakerhoughton.com\/pt-br\/wp-json\/wp\/v2\/users\/1"}],"replies":[{"embeddable":true,"href":"https:\/\/home.quakerhoughton.com\/pt-br\/wp-json\/wp\/v2\/comments?post=1894"}],"version-history":[{"count":4,"href":"https:\/\/home.quakerhoughton.com\/pt-br\/wp-json\/wp\/v2\/pages\/1894\/revisions"}],"predecessor-version":[{"id":546997,"href":"https:\/\/home.quakerhoughton.com\/pt-br\/wp-json\/wp\/v2\/pages\/1894\/revisions\/546997"}],"wp:attachment":[{"href":"https:\/\/home.quakerhoughton.com\/pt-br\/wp-json\/wp\/v2\/media?parent=1894"}],"wp:term":[{"taxonomy":"category","embeddable":true,"href":"https:\/\/home.quakerhoughton.com\/pt-br\/wp-json\/wp\/v2\/categories?post=1894"},{"taxonomy":"qhls","embeddable":true,"href":"https:\/\/home.quakerhoughton.com\/pt-br\/wp-json\/wp\/v2\/qhls?post=1894"},{"taxonomy":"region","embeddable":true,"href":"https:\/\/home.quakerhoughton.com\/pt-br\/wp-json\/wp\/v2\/region?post=1894"},{"taxonomy":"eventispl","embeddable":true,"href":"https:\/\/home.quakerhoughton.com\/pt-br\/wp-json\/wp\/v2\/eventispl?post=1894"},{"taxonomy":"avada_template","embeddable":true,"href":"https:\/\/home.quakerhoughton.com\/pt-br\/wp-json\/wp\/v2\/avada_template?post=1894"}],"curies":[{"name":"wp","href":"https:\/\/api.w.org\/{rel}","templated":true}]}}