{"id":806312,"date":"2024-08-27T14:19:54","date_gmt":"2024-08-27T18:19:54","guid":{"rendered":"https:\/\/home.quakerhoughton.com\/?page_id=806312"},"modified":"2024-08-29T15:18:34","modified_gmt":"2024-08-29T19:18:34","slug":"comunicado-cetes","status":"publish","type":"page","link":"https:\/\/home.quakerhoughton.com\/pt-br\/comunicado-cetes\/","title":{"rendered":"Log\u00edstica Reversa &#8211; OLUC"},"content":{"rendered":"<div class=\"fusion-fullwidth fullwidth-box fusion-builder-row-1 fusion-flex-container has-pattern-background has-mask-background nonhundred-percent-fullwidth non-hundred-percent-height-scrolling\" style=\"--awb-border-radius-top-left:0px;--awb-border-radius-top-right:0px;--awb-border-radius-bottom-right:0px;--awb-border-radius-bottom-left:0px;--awb-flex-wrap:wrap;\" ><div class=\"fusion-builder-row fusion-row fusion-flex-align-items-flex-start fusion-flex-content-wrap\" style=\"max-width:1144px;margin-left: calc(-4% \/ 2 );margin-right: calc(-4% \/ 2 );\"><div class=\"fusion-layout-column fusion_builder_column fusion-builder-column-0 fusion_builder_column_1_1 1_1 fusion-flex-column\" style=\"--awb-bg-size:cover;--awb-width-large:100%;--awb-margin-top-large:2em;--awb-spacing-right-large:1.92%;--awb-margin-bottom-large:20px;--awb-spacing-left-large:1.92%;--awb-width-medium:100%;--awb-order-medium:0;--awb-spacing-right-medium:1.92%;--awb-spacing-left-medium:1.92%;--awb-width-small:100%;--awb-order-small:0;--awb-spacing-right-small:1.92%;--awb-spacing-left-small:1.92%;\"><div class=\"fusion-column-wrapper fusion-column-has-shadow fusion-flex-justify-content-flex-start fusion-content-layout-column\"><div class=\"fusion-text fusion-text-1\" style=\"--awb-content-alignment:center;--awb-font-size:45px;--awb-text-color:#ff7500;--awb-text-font-family:&quot;SharpSansDispNo2-Extrabold&quot;;--awb-text-font-style:normal;--awb-text-font-weight:400;\"><p><strong>Log\u00edstica Reversa &#8211; OLUC<\/strong><\/p>\n<\/div><div class=\"fusion-text fusion-text-2\" style=\"--awb-content-alignment:center;--awb-font-size:24px;--awb-line-height:0;--awb-text-color:#002d72;--awb-text-font-family:&quot;SharpSansDispNo2-Bold&quot;;--awb-text-font-style:normal;--awb-text-font-weight:400;\"><p style=\"text-align: center;\"><strong>(\u00d3leo Lubrificante Usado ou Contaminado)<\/strong><\/p>\n<\/div><div class=\"fusion-text fusion-text-3\" style=\"--awb-margin-top:2em;\"><p><strong>A Quaker Chemical Ind\u00fastria e Com\u00e9rcio Ltda. tem em seu portf\u00f3lio de produtos,\u00a0 \u00d3leos Lubrificantes Acabados, fornecendo estes exclusivamente para o mercado industrial (Business to Business &#8211; B2B) e, cumpre todas as obriga\u00e7\u00f5es legais ambientais relacionadas \u00e0 Log\u00edstica Reversa de \u00d3leos Lubrificantes Usados ou Contaminados \u2013 OLUC, em atendimento a Resolu\u00e7\u00e3o CONAMA 362\/2005 e DD CETESB 51\/2024\/P. Possui contrato com agente coletor e rerrefinador autorizado pela ANP \u2013 Ag\u00eancia Nacional do Petr\u00f3leo, o qual executa a coleta itinerante do OLUC em todas as regi\u00f5es do pa\u00eds.<\/strong><\/p>\n<p><strong>A Lubrificantes Fenix LTDA., possui contrato com a Quaker Houghton e \u00e9 respons\u00e1vel pela coleta e pelo rerrefino dos \u00f3leos, ou seja, far\u00e1 a transforma\u00e7\u00e3o do \u00d3leo Lubrificante Usado ou Contaminado (OLUC) em \u00f3leo mineral b\u00e1sico, que \u00e9 a principal mat\u00e9ria-prima na produ\u00e7\u00e3o de lubrificantes acabados. <\/strong><\/p>\n<p><strong>Para solicitar a coleta do \u00f3leo lubrificante usado ou contaminado e\/ou tirar d\u00favidas se o \u00f3leo vendido para sua empresa est\u00e1 inserido na legisla\u00e7\u00e3o de coleta, entre em contato com:<\/strong><\/p>\n<\/div><div class=\"fusion-text fusion-text-4 fusion-text-no-margin\" style=\"--awb-content-alignment:center;--awb-font-size:20px;--awb-line-height:0.5em;--awb-text-color:#002d72;--awb-margin-top:2em;--awb-margin-bottom:2em;--awb-text-font-family:&quot;SharpSansDispNo2-Bold&quot;;--awb-text-font-style:normal;--awb-text-font-weight:400;\"><p><strong>LUBRIFICANTES FENIX LTDA \u2013 CNPJ: 59.723.874\/0001-10<\/strong><\/p>\n<p><strong>Endere\u00e7o: Avenida Paris, 3716 \u2013 Distrito Industrial &#8211; Paul\u00ednia<\/strong><\/p>\n<p><strong>SP \u2013 CEP: 13146-061<\/strong><\/p>\n<p><strong>Fone: <a href=\"tel:(19) 3833-5700\">(19) 3833-5700<\/a><\/strong><\/p>\n<p><strong>Fax:(19) 3833-5700\u00a0\u00a0 <\/strong><\/p>\n<p><strong>0800 770 2046<\/strong><\/p>\n<p style=\"text-align: center;\"><strong>Registro ANP: n\u00ba 46<\/strong><\/p>\n<\/div><\/div><\/div><\/div><\/div>\n","protected":false},"excerpt":{"rendered":"","protected":false},"author":63,"featured_media":0,"parent":0,"menu_order":0,"comment_status":"closed","ping_status":"closed","template":"","meta":{"_acf_changed":false,"_monsterinsights_skip_tracking":false,"_monsterinsights_sitenote_active":false,"_monsterinsights_sitenote_note":"","_monsterinsights_sitenote_category":0,"footnotes":""},"categories":[],"qhls":[],"region":[],"eventispl":[],"avada_template":[],"class_list":["post-806312","page","type-page","status-publish","hentry"],"acf":[],"yoast_head":"<!-- This site is optimized with the Yoast SEO Premium plugin v27.5 (Yoast SEO v27.5) - https:\/\/yoast.com\/product\/yoast-seo-premium-wordpress\/ -->\n<title>Log\u00edstica Reversa - OLUC - Quaker Houghton<\/title>\n<meta name=\"robots\" content=\"index, follow, max-snippet:-1, max-image-preview:large, max-video-preview:-1\" \/>\n<link rel=\"canonical\" href=\"https:\/\/home.quakerhoughton.com\/pt-br\/comunicado-cetes\/\" \/>\n<meta property=\"og:locale\" content=\"pt_BR\" \/>\n<meta property=\"og:type\" content=\"article\" \/>\n<meta property=\"og:title\" content=\"Log\u00edstica Reversa - OLUC\" \/>\n<meta property=\"og:url\" content=\"https:\/\/home.quakerhoughton.com\/pt-br\/comunicado-cetes\/\" \/>\n<meta property=\"og:site_name\" content=\"Quaker Houghton\" \/>\n<meta property=\"article:modified_time\" content=\"2024-08-29T19:18:34+00:00\" \/>\n<meta name=\"twitter:card\" content=\"summary_large_image\" \/>\n<script type=\"application\/ld+json\" class=\"yoast-schema-graph\">{\"@context\":\"https:\\\/\\\/schema.org\",\"@graph\":[{\"@type\":\"WebPage\",\"@id\":\"https:\\\/\\\/home.quakerhoughton.com\\\/pt-br\\\/comunicado-cetes\\\/\",\"url\":\"https:\\\/\\\/home.quakerhoughton.com\\\/pt-br\\\/comunicado-cetes\\\/\",\"name\":\"Log\u00edstica Reversa - OLUC - Quaker Houghton\",\"isPartOf\":{\"@id\":\"https:\\\/\\\/home.quakerhoughton.com\\\/pt-br\\\/#website\"},\"datePublished\":\"2024-08-27T18:19:54+00:00\",\"dateModified\":\"2024-08-29T19:18:34+00:00\",\"breadcrumb\":{\"@id\":\"https:\\\/\\\/home.quakerhoughton.com\\\/pt-br\\\/comunicado-cetes\\\/#breadcrumb\"},\"inLanguage\":\"pt-BR\",\"potentialAction\":[{\"@type\":\"ReadAction\",\"target\":[\"https:\\\/\\\/home.quakerhoughton.com\\\/pt-br\\\/comunicado-cetes\\\/\"]}]},{\"@type\":\"BreadcrumbList\",\"@id\":\"https:\\\/\\\/home.quakerhoughton.com\\\/pt-br\\\/comunicado-cetes\\\/#breadcrumb\",\"itemListElement\":[{\"@type\":\"ListItem\",\"position\":1,\"name\":\"Home\",\"item\":\"https:\\\/\\\/home.quakerhoughton.com\\\/pt-br\\\/\"},{\"@type\":\"ListItem\",\"position\":2,\"name\":\"Log\u00edstica Reversa &#8211; OLUC\"}]},{\"@type\":\"WebSite\",\"@id\":\"https:\\\/\\\/home.quakerhoughton.com\\\/pt-br\\\/#website\",\"url\":\"https:\\\/\\\/home.quakerhoughton.com\\\/pt-br\\\/\",\"name\":\"Quaker Houghton\",\"description\":\"\",\"publisher\":{\"@id\":\"https:\\\/\\\/home.quakerhoughton.com\\\/pt-br\\\/#organization\"},\"potentialAction\":[{\"@type\":\"SearchAction\",\"target\":{\"@type\":\"EntryPoint\",\"urlTemplate\":\"https:\\\/\\\/home.quakerhoughton.com\\\/pt-br\\\/?s={search_term_string}\"},\"query-input\":{\"@type\":\"PropertyValueSpecification\",\"valueRequired\":true,\"valueName\":\"search_term_string\"}}],\"inLanguage\":\"pt-BR\"},{\"@type\":\"Organization\",\"@id\":\"https:\\\/\\\/home.quakerhoughton.com\\\/pt-br\\\/#organization\",\"name\":\"Quaker Houghton\",\"url\":\"https:\\\/\\\/home.quakerhoughton.com\\\/pt-br\\\/\",\"logo\":{\"@type\":\"ImageObject\",\"inLanguage\":\"pt-BR\",\"@id\":\"https:\\\/\\\/home.quakerhoughton.com\\\/pt-br\\\/#\\\/schema\\\/logo\\\/image\\\/\",\"url\":\"https:\\\/\\\/home.quakerhoughton.com\\\/wp-content\\\/uploads\\\/2019\\\/05\\\/Website_Shared_link_image.png\",\"contentUrl\":\"https:\\\/\\\/home.quakerhoughton.com\\\/wp-content\\\/uploads\\\/2019\\\/05\\\/Website_Shared_link_image.png\",\"width\":1200,\"height\":627,\"caption\":\"Quaker Houghton\"},\"image\":{\"@id\":\"https:\\\/\\\/home.quakerhoughton.com\\\/pt-br\\\/#\\\/schema\\\/logo\\\/image\\\/\"}}]}<\/script>\n<!-- \/ Yoast SEO Premium plugin. -->","yoast_head_json":{"title":"Log\u00edstica Reversa - OLUC - Quaker Houghton","robots":{"index":"index","follow":"follow","max-snippet":"max-snippet:-1","max-image-preview":"max-image-preview:large","max-video-preview":"max-video-preview:-1"},"canonical":"https:\/\/home.quakerhoughton.com\/pt-br\/comunicado-cetes\/","og_locale":"pt_BR","og_type":"article","og_title":"Log\u00edstica Reversa - OLUC","og_url":"https:\/\/home.quakerhoughton.com\/pt-br\/comunicado-cetes\/","og_site_name":"Quaker Houghton","article_modified_time":"2024-08-29T19:18:34+00:00","twitter_card":"summary_large_image","schema":{"@context":"https:\/\/schema.org","@graph":[{"@type":"WebPage","@id":"https:\/\/home.quakerhoughton.com\/pt-br\/comunicado-cetes\/","url":"https:\/\/home.quakerhoughton.com\/pt-br\/comunicado-cetes\/","name":"Log\u00edstica Reversa - OLUC - Quaker Houghton","isPartOf":{"@id":"https:\/\/home.quakerhoughton.com\/pt-br\/#website"},"datePublished":"2024-08-27T18:19:54+00:00","dateModified":"2024-08-29T19:18:34+00:00","breadcrumb":{"@id":"https:\/\/home.quakerhoughton.com\/pt-br\/comunicado-cetes\/#breadcrumb"},"inLanguage":"pt-BR","potentialAction":[{"@type":"ReadAction","target":["https:\/\/home.quakerhoughton.com\/pt-br\/comunicado-cetes\/"]}]},{"@type":"BreadcrumbList","@id":"https:\/\/home.quakerhoughton.com\/pt-br\/comunicado-cetes\/#breadcrumb","itemListElement":[{"@type":"ListItem","position":1,"name":"Home","item":"https:\/\/home.quakerhoughton.com\/pt-br\/"},{"@type":"ListItem","position":2,"name":"Log\u00edstica Reversa &#8211; OLUC"}]},{"@type":"WebSite","@id":"https:\/\/home.quakerhoughton.com\/pt-br\/#website","url":"https:\/\/home.quakerhoughton.com\/pt-br\/","name":"Quaker Houghton","description":"","publisher":{"@id":"https:\/\/home.quakerhoughton.com\/pt-br\/#organization"},"potentialAction":[{"@type":"SearchAction","target":{"@type":"EntryPoint","urlTemplate":"https:\/\/home.quakerhoughton.com\/pt-br\/?s={search_term_string}"},"query-input":{"@type":"PropertyValueSpecification","valueRequired":true,"valueName":"search_term_string"}}],"inLanguage":"pt-BR"},{"@type":"Organization","@id":"https:\/\/home.quakerhoughton.com\/pt-br\/#organization","name":"Quaker Houghton","url":"https:\/\/home.quakerhoughton.com\/pt-br\/","logo":{"@type":"ImageObject","inLanguage":"pt-BR","@id":"https:\/\/home.quakerhoughton.com\/pt-br\/#\/schema\/logo\/image\/","url":"https:\/\/home.quakerhoughton.com\/wp-content\/uploads\/2019\/05\/Website_Shared_link_image.png","contentUrl":"https:\/\/home.quakerhoughton.com\/wp-content\/uploads\/2019\/05\/Website_Shared_link_image.png","width":1200,"height":627,"caption":"Quaker Houghton"},"image":{"@id":"https:\/\/home.quakerhoughton.com\/pt-br\/#\/schema\/logo\/image\/"}}]}},"_links":{"self":[{"href":"https:\/\/home.quakerhoughton.com\/pt-br\/wp-json\/wp\/v2\/pages\/806312","targetHints":{"allow":["GET"]}}],"collection":[{"href":"https:\/\/home.quakerhoughton.com\/pt-br\/wp-json\/wp\/v2\/pages"}],"about":[{"href":"https:\/\/home.quakerhoughton.com\/pt-br\/wp-json\/wp\/v2\/types\/page"}],"author":[{"embeddable":true,"href":"https:\/\/home.quakerhoughton.com\/pt-br\/wp-json\/wp\/v2\/users\/63"}],"replies":[{"embeddable":true,"href":"https:\/\/home.quakerhoughton.com\/pt-br\/wp-json\/wp\/v2\/comments?post=806312"}],"version-history":[{"count":4,"href":"https:\/\/home.quakerhoughton.com\/pt-br\/wp-json\/wp\/v2\/pages\/806312\/revisions"}],"predecessor-version":[{"id":806341,"href":"https:\/\/home.quakerhoughton.com\/pt-br\/wp-json\/wp\/v2\/pages\/806312\/revisions\/806341"}],"wp:attachment":[{"href":"https:\/\/home.quakerhoughton.com\/pt-br\/wp-json\/wp\/v2\/media?parent=806312"}],"wp:term":[{"taxonomy":"category","embeddable":true,"href":"https:\/\/home.quakerhoughton.com\/pt-br\/wp-json\/wp\/v2\/categories?post=806312"},{"taxonomy":"qhls","embeddable":true,"href":"https:\/\/home.quakerhoughton.com\/pt-br\/wp-json\/wp\/v2\/qhls?post=806312"},{"taxonomy":"region","embeddable":true,"href":"https:\/\/home.quakerhoughton.com\/pt-br\/wp-json\/wp\/v2\/region?post=806312"},{"taxonomy":"eventispl","embeddable":true,"href":"https:\/\/home.quakerhoughton.com\/pt-br\/wp-json\/wp\/v2\/eventispl?post=806312"},{"taxonomy":"avada_template","embeddable":true,"href":"https:\/\/home.quakerhoughton.com\/pt-br\/wp-json\/wp\/v2\/avada_template?post=806312"}],"curies":[{"name":"wp","href":"https:\/\/api.w.org\/{rel}","templated":true}]}}